{"id":490,"date":"2024-06-20T08:53:42","date_gmt":"2024-06-20T06:53:42","guid":{"rendered":"https:\/\/aparcarentossa.ora.cmspro.telpark.com\/politique-de-confidentialite-2\/"},"modified":"2024-07-08T09:06:39","modified_gmt":"2024-07-08T07:06:39","slug":"politique-de-confidentialite-2","status":"publish","type":"page","link":"https:\/\/aparcarentossa.com\/fr\/politique-de-confidentialite-2\/","title":{"rendered":"Politique de confidentialit\u00e9"},"content":{"rendered":"\n<p><strong>1. le responsable du traitement des donn\u00e9es<\/strong><\/p>\n\n\n\n<p>Le responsable du traitement des donn\u00e9es \u00e0 caract\u00e8re personnel que vous fournissez est&nbsp;<strong>&nbsp;<\/strong>&nbsp;<strong>Dornier, S.A. (\"Dornier\")<\/strong> avec le num\u00e9ro de TVA A58369497. Les coordonn\u00e9es de la personne responsable sont les suivantes :<\/p>\n\n\n\n<ul><li>Adresse postale : C\/ Avenida del General Per\u00f3n n\u00ba36, 1\u00aa Planta, 28020.<\/li><li>T\u00e9l\u00e9phone : 91 54 68 68 900<\/li><\/ul>\n\n\n\n<p>Le groupe Empark, dont Dornier fait partie, a d\u00e9sign\u00e9 un d\u00e9l\u00e9gu\u00e9 \u00e0 la protection des donn\u00e9es auquel vous pouvez vous adresser pour toute question relative au traitement de vos donn\u00e9es personnelles et dont les coordonn\u00e9es sont les suivantes :<\/p>\n\n\n\n<ul><li>Adresse postale : C\/ Avenida del General Per\u00f3n n\u00ba36, 1\u00aa Planta, 28020.<\/li><li>&nbsp;Courriel :<a href=\"mailto:dpo@empark.com\">dpo@empark.com<\/a><\/li><\/ul>\n\n\n\n<p><strong>2. les finalit\u00e9s du traitement, les bases l\u00e9gitimes et les dur\u00e9es de conservation de vos donn\u00e9es<\/strong><\/p>\n\n\n\n<p><em>a). Enqu\u00eates et demandes d'information<\/em><\/p>\n\n\n\n<p>\u00a0Vos donn\u00e9es peuvent \u00eatre trait\u00e9es pour l'attention, la gestion et la satisfaction de la requ\u00eate ou de la demande d'information relative \u00e0 un service que vous nous envoyez par le biais du formulaire de contact, situ\u00e9 au lien suivant: <a href=\"http:\/\/aparcarentossa.com\/fr\/atencion-al-publico\">http:\/\/aparcarentossa.com\/fr\/atencion-al-publico<\/a>, ou par le biais de notre site web officiel e-mail: orapeniscola@telpark.com. Ces traitements sont l\u00e9gitimement fond\u00e9s sur le consentement que vous nous donnez en nous envoyant le courrier \u00e9lectronique dans lequel figure votre demande ou en remplissant le formulaire figurant sur le lien susmentionn\u00e9.<\/p>\n\n\n\n<p>Les donn\u00e9es personnelles fournies seront conserv\u00e9es aussi longtemps qu'elles sont n\u00e9cessaires \u00e0 la gestion et \u00e0 la satisfaction de votre requ\u00eate ou demande d'information. Apr\u00e8s cette p\u00e9riode, les donn\u00e9es seront d\u00e9finitivement supprim\u00e9es.<\/p>\n\n\n\n<p><em>&nbsp;b). Applications aux processus de s\u00e9lection<\/em><\/p>\n\n\n\n<p>Vos donn\u00e9es peuvent \u00e9galement \u00eatre trait\u00e9es pour la gestion de la proc\u00e9dure de s\u00e9lection \u00e0 laquelle vous postulez, ou pour l'offre d'un emploi, si vous ne postulez pas \u00e0 une proc\u00e9dure de s\u00e9lection sp\u00e9cifique, pendant une p\u00e9riode d'un an. La base l\u00e9gitime de ce traitement r\u00e9side dans l'ex\u00e9cution de mesures pr\u00e9contractuelles, \u00e9tant donn\u00e9 que l'objectif du processus de s\u00e9lection est le recrutement \u00e9ventuel d'un employ\u00e9.<\/p>\n\n\n\n<p>Les donn\u00e9es personnelles fournies seront conserv\u00e9es aussi longtemps qu'elles sont n\u00e9cessaires \u00e0 la r\u00e9alisation d'un processus de s\u00e9lection sp\u00e9cifique ou \u00e0 la recherche d'une offre d'emploi, pendant une p\u00e9riode d'un an. Apr\u00e8s ces p\u00e9riodes, les donn\u00e9es seront d\u00e9finitivement supprim\u00e9es.<\/p>\n\n\n\n<p><em>c). Envoi de communications commerciales et d'opportunit\u00e9s professionnelles \u00e0 des non-clients.<\/em><\/p>\n\n\n\n<p>Si vous avez donn\u00e9 votre consentement, vos donn\u00e9es seront trait\u00e9es pour l'envoi de communications commerciales sur les produits ou services du groupe Empark ou de tiers, li\u00e9s aux secteurs du stationnement et du paiement \u00e9lectronique, ou pour l'envoi d'opportunit\u00e9s professionnelles pour travailler avec nous. La base l\u00e9gale de ces traitements est le consentement que vous avez donn\u00e9. Vos donn\u00e9es seront trait\u00e9es jusqu'\u00e0 ce que vous retiriez votre consentement, apr\u00e8s quoi elles seront d\u00e9finitivement effac\u00e9es. Vous pouvez retirer votre consentement par les moyens indiqu\u00e9s \u00e0 la section 4 de la pr\u00e9sente politique.  &nbsp;<\/p>\n\n\n\n<p><em>d). Traitement des donn\u00e9es personnelles de nos clients<\/em><\/p>\n\n\n\n<p>Dans le cas o\u00f9 vous avez contract\u00e9 un de nos produits ou services, vos donn\u00e9es seront trait\u00e9es pour la gestion de ces produits et\/ou services.<\/p>\n\n\n\n<p>&nbsp;En outre, Dornier peut traiter vos donn\u00e9es personnelles afin de se conformer \u00e0 toute obligation l\u00e9gale qui lui incombe, y compris les obligations fiscales et, le cas \u00e9ch\u00e9ant, les r\u00e9glementations locales applicables.<\/p>\n\n\n\n<p>&nbsp;Dornier peut contacter ses clients pour les informer de produits ou de services similaires \u00e0 ceux contract\u00e9s et offerts par Dornier et susceptibles de les int\u00e9resser. Pour la r\u00e9alisation de cet objectif, vos donn\u00e9es seront trait\u00e9es afin d'appliquer des techniques de profilage\/segmentation qui permettent d'adapter au mieux les produits ou services que nous pouvons vous proposer \u00e0 vos int\u00e9r\u00eats et \u00e0 vos besoins.  &nbsp;Dans cette analyse, vos donn\u00e9es d\u00e9mographiques peuvent \u00eatre prises en compte, ainsi que des donn\u00e9es relatives au type de produit contract\u00e9.<\/p>\n\n\n\n<p>Si le client a donn\u00e9 son accord, ses donn\u00e9es peuvent \u00e9galement \u00eatre trait\u00e9es afin de l'informer sur d'autres produits ou services offerts par le groupe Empark ou par des tiers, li\u00e9s aux secteurs du stationnement et du paiement \u00e9lectronique. Pour la r\u00e9alisation de cet objectif, vos donn\u00e9es seront trait\u00e9es afin d'appliquer des techniques de profilage\/segmentation qui permettent d'adapter au mieux les produits ou services que nous pouvons vous offrir \u00e0 vos int\u00e9r\u00eats et \u00e0 vos besoins. Dans cette analyse, vos donn\u00e9es d\u00e9mographiques peuvent \u00eatre prises en compte, ainsi que des donn\u00e9es relatives au type de produit contract\u00e9.<\/p>\n\n\n\n<p>De m\u00eame, dans le cas o\u00f9 le client a donn\u00e9 son accord, ses donn\u00e9es personnelles peuvent \u00eatre transf\u00e9r\u00e9es \u00e0 des soci\u00e9t\u00e9s du groupe Empark ou \u00e0 des soci\u00e9t\u00e9s tierces li\u00e9es aux secteurs du stationnement et du paiement \u00e9lectronique, afin qu'elles puissent vous contacter pour vous informer sur les produits et services commercialis\u00e9s par ces soci\u00e9t\u00e9s.<\/p>\n\n\n\n<p>Le client peut retirer son consentement ou s'opposer \u00e0 la r\u00e9ception de communications commerciales par les canaux sp\u00e9cifi\u00e9s au point 4 de la pr\u00e9sente politique.<\/p>\n\n\n\n<p>Les donn\u00e9es personnelles des clients seront conserv\u00e9es aussi longtemps qu'elles sont n\u00e9cessaires aux fins d\u00e9crites ci-dessus. Pour les traitements pour lesquels vous avez donn\u00e9 votre consentement, vos donn\u00e9es seront trait\u00e9es jusqu'\u00e0 ce que vous retiriez votre consentement. D\u00e8s qu'elles ne sont plus n\u00e9cessaires \u00e0 ces fins, les donn\u00e9es sont bloqu\u00e9es pour la p\u00e9riode pendant laquelle elles peuvent \u00eatre n\u00e9cessaires \u00e0 l'exercice ou \u00e0 la d\u00e9fense de droits administratifs ou l\u00e9gaux et ne peuvent \u00eatre d\u00e9bloqu\u00e9es et trait\u00e9es \u00e0 nouveau que pour cette raison. Apr\u00e8s cette p\u00e9riode, les donn\u00e9es seront d\u00e9finitivement supprim\u00e9es.<\/p>\n\n\n\n<p><strong>&nbsp;3. les destinataires des donn\u00e9es \u00e0 caract\u00e8re personnel<\/strong><\/p>\n\n\n\n<p>Vos donn\u00e9es \u00e0 caract\u00e8re personnel peuvent \u00eatre transf\u00e9r\u00e9es \u00e0 des administrations, autorit\u00e9s et organismes publics, y compris des cours et tribunaux, lorsque la r\u00e9glementation applicable l'exige.<\/p>\n\n\n\n<p>Vos donn\u00e9es personnelles peuvent \u00e9galement \u00eatre consult\u00e9es par des prestataires de services que Dornier contracte ou pourra contracter et qui ont le statut de responsable du traitement des donn\u00e9es, ainsi que par des soci\u00e9t\u00e9s du groupe Empark, dans le seul but de g\u00e9rer les objectifs d\u00e9crits ci-dessus.<\/p>\n\n\n\n<p>Vos donn\u00e9es personnelles peuvent \u00e9galement \u00eatre transf\u00e9r\u00e9es \u00e0 des soci\u00e9t\u00e9s du groupe Empark ou \u00e0 des soci\u00e9t\u00e9s tierces li\u00e9es aux secteurs du stationnement et du paiement \u00e9lectronique, \u00e0 condition que, en tant que client, vous ayez donn\u00e9 votre accord \u00e0 cet effet.<\/p>\n\n\n\n<p>&nbsp;Vous pouvez consulter la liste des entreprises du groupe Empark sur le lien suivant<a href=\"https:\/\/www.empark.com\/es\/es\/listado-de-sociedades-del-grupo-empark\">: https:\/\/www.empark.com\/es\/es\/listado-de-sociedades-del-grupo-empark<\/a><\/p>\n\n\n\n<p><strong>&nbsp;&nbsp;4. les droits de la personne concern\u00e9e par le traitement de ses donn\u00e9es \u00e0 caract\u00e8re personnel&nbsp;<\/strong><\/p>\n\n\n\n<p>Vous pouvez exercer vos droits d'acc\u00e8s, de rectification, d'annulation, de limitation du traitement et de portabilit\u00e9 des donn\u00e9es dans les cas et avec la port\u00e9e \u00e9tablis par la r\u00e9glementation applicable \u00e0 tout moment.<\/p>\n\n\n\n<p>Vous avez \u00e9galement le droit de retirer votre consentement \u00e0 tout moment et de vous opposer \u00e0 la r\u00e9ception de communications commerciales.<\/p>\n\n\n\n<p>Vous pouvez exercer ces droits en contactant Dornier par l'un des moyens suivants :<\/p>\n\n\n\n<ul><li>Par courrier, en joignant une photocopie de votre carte d'identit\u00e9, de votre passeport ou de tout autre document d'identification, et une demande sp\u00e9cifiant la requ\u00eate \u00e0 Dornier, S.A., Avenida del General Per\u00f3n, 36, 1er \u00e9tage - RGPD Customer Service Department.<\/li><li><a href=\"mailto:%20dpo@empark.com\">&nbsp;<\/a>&nbsp;Courriel \u00e0 l'adresse <a href=\"mailto:%20dpo@empark.com\">dpo@empark.com<\/a> avec les informations suivantes : nom et pr\u00e9nom(s) de l'int\u00e9ress\u00e9, photocopie de la carte d'identit\u00e9 nationale, du passeport ou de tout autre document d'identification, ainsi que la requ\u00eate dans laquelle la demande est introduite.<\/li><\/ul>\n\n\n\n<p>Vous \u00eates \u00e9galement inform\u00e9 de votre droit de d\u00e9poser une plainte aupr\u00e8s de l'Agence espagnole de protection des donn\u00e9es.<\/p>\n","protected":false},"excerpt":{"rendered":"<p>1. le responsable du traitement des donn\u00e9es Le responsable du traitement des donn\u00e9es \u00e0 caract\u00e8re personnel que vous fournissez est&nbsp;&nbsp;&nbsp;Dornier, S.A. (\"Dornier\") avec le num\u00e9ro de TVA A58369497. Les coordonn\u00e9es de la personne responsable sont les suivantes : Adresse postale : C\/ Avenida del General Per\u00f3n n\u00ba36, 1\u00aa Planta, 28020. T\u00e9l\u00e9phone : 91 54 68 [&hellip;]<\/p>\n","protected":false},"author":3,"featured_media":0,"parent":0,"menu_order":0,"comment_status":"closed","ping_status":"closed","template":"template-privacy.php","meta":[],"yoast_head":"<!-- This site is optimized with the Yoast SEO plugin v20.12 - https:\/\/yoast.com\/wordpress\/plugins\/seo\/ -->\n<title>Politique de confidentialit\u00e9 - Aparcar en Tossa<\/title>\n<meta name=\"robots\" content=\"index, follow, max-snippet:-1, max-image-preview:large, max-video-preview:-1\" \/>\n<link rel=\"canonical\" href=\"https:\/\/aparcarentossa.com\/fr\/politique-de-confidentialite-2\/\" \/>\n<meta property=\"og:locale\" content=\"fr_FR\" \/>\n<meta property=\"og:type\" content=\"article\" \/>\n<meta property=\"og:title\" content=\"Politique de confidentialit\u00e9 - Aparcar en Tossa\" \/>\n<meta property=\"og:description\" content=\"1. le responsable du traitement des donn\u00e9es Le responsable du traitement des donn\u00e9es \u00e0 caract\u00e8re personnel que vous fournissez est&nbsp;&nbsp;&nbsp;Dornier, S.A. (&quot;Dornier&quot;) avec le num\u00e9ro de TVA A58369497. Les coordonn\u00e9es de la personne responsable sont les suivantes : Adresse postale : C\/ Avenida del General Per\u00f3n n\u00ba36, 1\u00aa Planta, 28020. T\u00e9l\u00e9phone : 91 54 68 [&hellip;]\" \/>\n<meta property=\"og:url\" content=\"https:\/\/aparcarentossa.com\/fr\/politique-de-confidentialite-2\/\" \/>\n<meta property=\"og:site_name\" content=\"Aparcar en Tossa\" \/>\n<meta property=\"article:modified_time\" content=\"2024-07-08T07:06:39+00:00\" \/>\n<meta name=\"twitter:card\" content=\"summary_large_image\" \/>\n<meta name=\"twitter:label1\" content=\"Est. reading time\" \/>\n\t<meta name=\"twitter:data1\" content=\"6 minutes\" \/>\n<script type=\"application\/ld+json\" class=\"yoast-schema-graph\">{\"@context\":\"https:\/\/schema.org\",\"@graph\":[{\"@type\":\"WebPage\",\"@id\":\"https:\/\/aparcarentossa.com\/fr\/politique-de-confidentialite-2\/\",\"url\":\"https:\/\/aparcarentossa.com\/fr\/politique-de-confidentialite-2\/\",\"name\":\"Politique de confidentialit\u00e9 - Aparcar en Tossa\",\"isPartOf\":{\"@id\":\"https:\/\/aparcarentossa.com\/fr\/#website\"},\"datePublished\":\"2024-06-20T06:53:42+00:00\",\"dateModified\":\"2024-07-08T07:06:39+00:00\",\"breadcrumb\":{\"@id\":\"https:\/\/aparcarentossa.com\/fr\/politique-de-confidentialite-2\/#breadcrumb\"},\"inLanguage\":\"fr-FR\",\"potentialAction\":[{\"@type\":\"ReadAction\",\"target\":[\"https:\/\/aparcarentossa.com\/fr\/politique-de-confidentialite-2\/\"]}]},{\"@type\":\"BreadcrumbList\",\"@id\":\"https:\/\/aparcarentossa.com\/fr\/politique-de-confidentialite-2\/#breadcrumb\",\"itemListElement\":[{\"@type\":\"ListItem\",\"position\":1,\"name\":\"Home\",\"item\":\"https:\/\/aparcarentossa.com\/fr\/\"},{\"@type\":\"ListItem\",\"position\":2,\"name\":\"Politique de confidentialit\u00e9\"}]},{\"@type\":\"WebSite\",\"@id\":\"https:\/\/aparcarentossa.com\/fr\/#website\",\"url\":\"https:\/\/aparcarentossa.com\/fr\/\",\"name\":\"Aparcar en Tossa\",\"description\":\"\",\"publisher\":{\"@id\":\"https:\/\/aparcarentossa.com\/fr\/#organization\"},\"potentialAction\":[{\"@type\":\"SearchAction\",\"target\":{\"@type\":\"EntryPoint\",\"urlTemplate\":\"https:\/\/aparcarentossa.com\/fr\/?s={search_term_string}\"},\"query-input\":\"required name=search_term_string\"}],\"inLanguage\":\"fr-FR\"},{\"@type\":\"Organization\",\"@id\":\"https:\/\/aparcarentossa.com\/fr\/#organization\",\"name\":\"Aparcar en Tossa\",\"url\":\"https:\/\/aparcarentossa.com\/fr\/\",\"logo\":{\"@type\":\"ImageObject\",\"inLanguage\":\"fr-FR\",\"@id\":\"https:\/\/aparcarentossa.com\/fr\/#\/schema\/logo\/image\/\",\"url\":\"https:\/\/aparcarentossa.com\/wp-content\/uploads\/sites\/38\/2024\/07\/Logo-Tossa.png\",\"contentUrl\":\"https:\/\/aparcarentossa.com\/wp-content\/uploads\/sites\/38\/2024\/07\/Logo-Tossa.png\",\"width\":160,\"height\":110,\"caption\":\"Aparcar en Tossa\"},\"image\":{\"@id\":\"https:\/\/aparcarentossa.com\/fr\/#\/schema\/logo\/image\/\"}}]}<\/script>\n<!-- \/ Yoast SEO plugin. -->","yoast_head_json":{"title":"Politique de confidentialit\u00e9 - Aparcar en Tossa","robots":{"index":"index","follow":"follow","max-snippet":"max-snippet:-1","max-image-preview":"max-image-preview:large","max-video-preview":"max-video-preview:-1"},"canonical":"https:\/\/aparcarentossa.com\/fr\/politique-de-confidentialite-2\/","og_locale":"fr_FR","og_type":"article","og_title":"Politique de confidentialit\u00e9 - Aparcar en Tossa","og_description":"1. le responsable du traitement des donn\u00e9es Le responsable du traitement des donn\u00e9es \u00e0 caract\u00e8re personnel que vous fournissez est&nbsp;&nbsp;&nbsp;Dornier, S.A. (\"Dornier\") avec le num\u00e9ro de TVA A58369497. Les coordonn\u00e9es de la personne responsable sont les suivantes : Adresse postale : C\/ Avenida del General Per\u00f3n n\u00ba36, 1\u00aa Planta, 28020. T\u00e9l\u00e9phone : 91 54 68 [&hellip;]","og_url":"https:\/\/aparcarentossa.com\/fr\/politique-de-confidentialite-2\/","og_site_name":"Aparcar en Tossa","article_modified_time":"2024-07-08T07:06:39+00:00","twitter_card":"summary_large_image","twitter_misc":{"Est. reading time":"6 minutes"},"schema":{"@context":"https:\/\/schema.org","@graph":[{"@type":"WebPage","@id":"https:\/\/aparcarentossa.com\/fr\/politique-de-confidentialite-2\/","url":"https:\/\/aparcarentossa.com\/fr\/politique-de-confidentialite-2\/","name":"Politique de confidentialit\u00e9 - Aparcar en Tossa","isPartOf":{"@id":"https:\/\/aparcarentossa.com\/fr\/#website"},"datePublished":"2024-06-20T06:53:42+00:00","dateModified":"2024-07-08T07:06:39+00:00","breadcrumb":{"@id":"https:\/\/aparcarentossa.com\/fr\/politique-de-confidentialite-2\/#breadcrumb"},"inLanguage":"fr-FR","potentialAction":[{"@type":"ReadAction","target":["https:\/\/aparcarentossa.com\/fr\/politique-de-confidentialite-2\/"]}]},{"@type":"BreadcrumbList","@id":"https:\/\/aparcarentossa.com\/fr\/politique-de-confidentialite-2\/#breadcrumb","itemListElement":[{"@type":"ListItem","position":1,"name":"Home","item":"https:\/\/aparcarentossa.com\/fr\/"},{"@type":"ListItem","position":2,"name":"Politique de confidentialit\u00e9"}]},{"@type":"WebSite","@id":"https:\/\/aparcarentossa.com\/fr\/#website","url":"https:\/\/aparcarentossa.com\/fr\/","name":"Aparcar en Tossa","description":"","publisher":{"@id":"https:\/\/aparcarentossa.com\/fr\/#organization"},"potentialAction":[{"@type":"SearchAction","target":{"@type":"EntryPoint","urlTemplate":"https:\/\/aparcarentossa.com\/fr\/?s={search_term_string}"},"query-input":"required name=search_term_string"}],"inLanguage":"fr-FR"},{"@type":"Organization","@id":"https:\/\/aparcarentossa.com\/fr\/#organization","name":"Aparcar en Tossa","url":"https:\/\/aparcarentossa.com\/fr\/","logo":{"@type":"ImageObject","inLanguage":"fr-FR","@id":"https:\/\/aparcarentossa.com\/fr\/#\/schema\/logo\/image\/","url":"https:\/\/aparcarentossa.com\/wp-content\/uploads\/sites\/38\/2024\/07\/Logo-Tossa.png","contentUrl":"https:\/\/aparcarentossa.com\/wp-content\/uploads\/sites\/38\/2024\/07\/Logo-Tossa.png","width":160,"height":110,"caption":"Aparcar en Tossa"},"image":{"@id":"https:\/\/aparcarentossa.com\/fr\/#\/schema\/logo\/image\/"}}]}},"meta_box":[],"_links":{"self":[{"href":"https:\/\/aparcarentossa.com\/fr\/wp-json\/wp\/v2\/pages\/490"}],"collection":[{"href":"https:\/\/aparcarentossa.com\/fr\/wp-json\/wp\/v2\/pages"}],"about":[{"href":"https:\/\/aparcarentossa.com\/fr\/wp-json\/wp\/v2\/types\/page"}],"author":[{"embeddable":true,"href":"https:\/\/aparcarentossa.com\/fr\/wp-json\/wp\/v2\/users\/3"}],"replies":[{"embeddable":true,"href":"https:\/\/aparcarentossa.com\/fr\/wp-json\/wp\/v2\/comments?post=490"}],"version-history":[{"count":3,"href":"https:\/\/aparcarentossa.com\/fr\/wp-json\/wp\/v2\/pages\/490\/revisions"}],"predecessor-version":[{"id":957,"href":"https:\/\/aparcarentossa.com\/fr\/wp-json\/wp\/v2\/pages\/490\/revisions\/957"}],"wp:attachment":[{"href":"https:\/\/aparcarentossa.com\/fr\/wp-json\/wp\/v2\/media?parent=490"}],"curies":[{"name":"wp","href":"https:\/\/api.w.org\/{rel}","templated":true}]}}