{"id":463,"date":"2024-06-20T08:52:51","date_gmt":"2024-06-20T06:52:51","guid":{"rendered":"https:\/\/aparcarentossa.ora.cmspro.telpark.com\/politique-en-matiere-de-cookies\/"},"modified":"2024-07-08T09:09:12","modified_gmt":"2024-07-08T07:09:12","slug":"politique-en-matiere-de-cookies","status":"publish","type":"page","link":"https:\/\/aparcarentossa.com\/fr\/politique-en-matiere-de-cookies\/","title":{"rendered":"Politique en mati\u00e8re de cookies"},"content":{"rendered":"\n<p>\u00a0La pr\u00e9sente politique en mati\u00e8re de cookies a pour but de vous informer de mani\u00e8re claire et pr\u00e9cise sur les cookies utilis\u00e9s sur le site <a href=\"http:\/\/www.aparcarentossa.com\">www.aparcarentossa.com<\/a>.<\/p>\n\n\n\n<p>Ce site web, comme la plupart des sites web sur Internet, utilise des cookies pour am\u00e9liorer et optimiser l'exp\u00e9rience de l'utilisateur. Vous trouverez ci-dessous des informations d\u00e9taill\u00e9es sur ce que sont les \"cookies\", le type de cookies utilis\u00e9s par ce site web, la mani\u00e8re dont vous pouvez les d\u00e9sactiver dans votre navigateur et la mani\u00e8re de bloquer sp\u00e9cifiquement l'installation de cookies de tiers.<\/p>\n\n\n\n<p><strong>1. l'utilisation de cookies<\/strong><\/p>\n\n\n\n<p>Pour optimiser nos services, ce site, les messages \u00e9lectroniques, les services en ligne, les publicit\u00e9s et les applications interactives peuvent utiliser des \"cookies\".<\/p>\n\n\n\n<p><strong>Qu'est-ce qu'un cookie ?<\/strong><\/p>\n\n\n\n<p>Un cookie est un fichier (petit fichier) qui est t\u00e9l\u00e9charg\u00e9 sur votre ordinateur lorsque vous acc\u00e9dez \u00e0 certaines pages web ou que l'application que vous utilisez est install\u00e9e dans votre navigateur ou sur votre appareil (Smartphone, tablette ou TV connect\u00e9e) pendant votre parcours sur les pages ou l'application. Il est g\u00e9n\u00e9ralement compos\u00e9 de lettres et de chiffres, envoy\u00e9s par notre serveur web au fichier cookie de votre navigateur.<\/p>\n\n\n\n<p>Les cookies permettent \u00e0 notre site web, entre autres, de stocker et de r\u00e9cup\u00e9rer des informations sur vos habitudes de navigation ou sur votre ordinateur et de se souvenir de votre pr\u00e9sence lorsqu'une nouvelle connexion est \u00e9tablie entre notre serveur et votre navigateur. L'objectif principal d'un cookie est de permettre \u00e0 notre serveur de pr\u00e9senter des pages web personnalis\u00e9es qui peuvent faire d'une visite sur le site web une exp\u00e9rience individuelle adapt\u00e9e aux pr\u00e9f\u00e9rences personnelles.<\/p>\n\n\n\n<p><strong>Quel type de cookies ce site utilise-t-il ?<\/strong><\/p>\n\n\n\n<p>1.) Le site Web utilise deux types de cookies sur ce site en fonction du temps pass\u00e9 sur le site :<br>&nbsp;&nbsp;- Les cookies de session sont des cookies temporaires qui restent dans le fichier de cookies de votre navigateur pendant que vous \u00eates sur notre site web. Ces cookies sont n\u00e9cessaires pour certaines applications ou fonctions et permettent \u00e0 ce site de fonctionner correctement.<br>&nbsp;&nbsp;- Les cookies persistants : favorisent l'exp\u00e9rience de l'utilisateur (par exemple, en offrant une navigation personnalis\u00e9e). Ces cookies restent dans votre navigateur pendant une p\u00e9riode plus longue. Cette p\u00e9riode d\u00e9pend des param\u00e8tres que vous avez d\u00e9finis dans votre navigateur. Les cookies persistants permettent de transf\u00e9rer des informations au serveur de ce site chaque fois que vous le visitez. Ils sont \u00e9galement connus sous le nom de cookies de suivi.<\/p>\n\n\n\n<p>) En fonction de la finalit\u00e9 du traitement des donn\u00e9es obtenues, ce site utilise les types de cookies suivants :<br>&nbsp;&nbsp;- Cookies techniques : Ces cookies vous permettent de naviguer sur un site web, une plateforme ou une application et d'utiliser les diff\u00e9rentes options ou services qui y existent, comme, par exemple, le contr\u00f4le du trafic et de la communication des donn\u00e9es, l'identification de la session, l'acc\u00e8s aux zones d'acc\u00e8s restreint, la m\u00e9morisation des \u00e9l\u00e9ments qui composent une commande, la r\u00e9alisation du processus d'achat d'une commande, la r\u00e9alisation d'une demande d'inscription ou de participation \u00e0 un \u00e9v\u00e9nement, l'utilisation d'\u00e9l\u00e9ments de s\u00e9curit\u00e9 lors de la navigation, le stockage de contenus pour la diffusion de vid\u00e9os ou de sons ou le partage de contenus via les r\u00e9seaux sociaux.<br>&nbsp;- Cookies de personnalisation : Il s'agit de cookies qui vous permettent d'acc\u00e9der au service avec certaines caract\u00e9ristiques g\u00e9n\u00e9rales pr\u00e9d\u00e9finies en fonction d'une s\u00e9rie de crit\u00e8res de votre terminal (par exemple, la langue, le type de navigateur \u00e0 travers lequel vous acc\u00e9dez au service, la configuration r\u00e9gionale \u00e0 partir de laquelle vous acc\u00e9dez au service, etc.)<br>&nbsp;&nbsp;- Cookies d'analyse : ces cookies, trait\u00e9s par nous-m\u00eames ou par des tiers, nous permettent de quantifier le nombre d'utilisateurs et de proc\u00e9der ainsi \u00e0 la mesure et \u00e0 l'analyse statistique de l'utilisation faite par les utilisateurs du service propos\u00e9. A cette fin, votre navigation sur notre site web est analys\u00e9e afin d'am\u00e9liorer la gamme de produits ou de services que nous vous proposons.<br>&nbsp;&nbsp;- Cookies publicitaires : ces cookies, trait\u00e9s par nous-m\u00eames ou par des tiers, nous permettent de g\u00e9rer le plus efficacement possible l'offre d'espaces publicitaires sur le site web, en adaptant le contenu de la publicit\u00e9 au contenu du service demand\u00e9 ou \u00e0 l'utilisation que vous faites de notre site web. Pour ce faire, nous pouvons analyser vos habitudes de navigation sur Internet et vous montrer de la publicit\u00e9 li\u00e9e \u00e0 votre profil de navigation.<br>&nbsp;&nbsp;- Cookies de publicit\u00e9 comportementale : Ces cookies, trait\u00e9s par nous-m\u00eames ou par des tiers, nous permettent de g\u00e9rer le plus efficacement possible les espaces publicitaires qui, le cas \u00e9ch\u00e9ant, peuvent \u00eatre inclus sur ce site \u00e0 partir duquel le service demand\u00e9 est fourni. Ces cookies stockent des informations sur votre comportement obtenues gr\u00e2ce \u00e0 l'observation continue de vos habitudes de navigation, ce qui nous permet de d\u00e9velopper un profil sp\u00e9cifique pour afficher de la publicit\u00e9 en fonction de celui-ci.<\/p>\n\n\n\n<p><strong>2. Cookies de tiers<\/strong><\/p>\n\n\n\n<p>Afin d'afficher de la publicit\u00e9 et de suivre nos communications marketing, le site peut utiliser des m\u00e9dias tiers. Ils utilisent des cookies pour mesurer l'efficacit\u00e9 des publicit\u00e9s et personnaliser leur contenu. Les informations susceptibles d'\u00eatre collect\u00e9es par des tiers peuvent inclure des informations telles que la localisation g\u00e9ographique (via l'adresse IP), les coordonn\u00e9es ou, uniquement si elles sont saisies par l'interm\u00e9diaire de ce site, l'adresse \u00e9lectronique.<\/p>\n\n\n\n<p><strong>3. les balises web ou pixel tags<\/strong><\/p>\n\n\n\n<p>Ce site utilise des balises web (\u00e9galement appel\u00e9es \"pixel tags\"). Une balise web est une image graphique transparente, g\u00e9n\u00e9ralement d'une taille maximale de 1 x 1 pixel, qui est plac\u00e9e sur une page web ou dans un courrier \u00e9lectronique afin de surveiller le comportement en ligne de l'utilisateur qui visite la page web.<br>Dans le cas de ce site, elles sont utilis\u00e9es pour surveiller l'activit\u00e9 des visiteurs, par exemple les pages du site que vous visitez, le moment o\u00f9 vous le faites et l'endroit d'o\u00f9 vous venez (pays\/ville).<\/p>\n\n\n\n<p><strong>4. Suivi et analyse<\/strong><\/p>\n\n\n\n<p>Pour l'optimisation continue de ses communications marketing, La Web utilise le logiciel Google Analytics. Cette technologie permet de conna\u00eetre le comportement en ligne du visiteur en termes de temps, de localisation g\u00e9ographique et d'utilisation de ce site. Les informations sont collect\u00e9es par le biais de balises pixel et\/ou de cookies de suivi. Ces informations sont anonymes, ne sont pas li\u00e9es \u00e0 des donn\u00e9es personnelles et ne sont pas communiqu\u00e9es \u00e0 des tiers pour une utilisation ind\u00e9pendante. Toutes les informations n\u00e9cessaires \u00e0 l'analyse sont stock\u00e9es sur les serveurs de Google.<\/p>\n\n\n\n<p><strong>5. Activation et d\u00e9sactivation des cookies et ressources similaires<\/strong><\/p>\n\n\n\n<p>Veuillez noter que certaines caract\u00e9ristiques et l'ensemble des fonctionnalit\u00e9s de ce site peuvent ne pas \u00eatre disponibles apr\u00e8s la d\u00e9sactivation des cookies. Vous pouvez autoriser, bloquer ou supprimer les cookies install\u00e9s sur votre ordinateur en configurant les options du navigateur install\u00e9 sur votre ordinateur.<\/p>\n\n\n\n<p>Vous trouverez ci-dessous des liens vers les principaux navigateurs et appareils afin que vous disposiez de toutes les informations n\u00e9cessaires pour savoir comment g\u00e9rer les cookies dans votre navigateur.<\/p>\n\n\n\n<ul><li>&nbsp;&nbsp;&nbsp;Pour plus d'informations sur le navigateur Google Chrome\u2122, cliquez <a href=\"https:\/\/support.google.com\/chrome\/answer\/95647?hl=es\" target=\"_blank\" rel=\"noreferrer noopener\">ici<\/a>.<\/li><li>&nbsp;&nbsp;Pour plus d'informations sur le navigateur Internet Explorer, cliquez <a href=\"https:\/\/support.microsoft.com\/en-us\/help\/17442\/windows-internet-explorer-delete-manage-cookies#ie=ie-10\">ici<\/a>.<\/li><li>&nbsp;Pour plus d'informations sur le navigateur Mozilla Firefox\u2122, veuillez cliquer&nbsp;<a href=\"https:\/\/support.mozilla.org\/es\/kb\/habilitar-y-deshabilitar-cookies-sitios-web-rastrear-preferencias\" target=\"_blank\" rel=\"noreferrer noopener\"><u>ici<\/u> <\/a><\/li><li>&nbsp;Pour plus d'informations sur le navigateur Safari\u2122, cliquez <a href=\"https:\/\/support.apple.com\/en-us\/HT201265\">ici<\/a>.<\/li><li>&nbsp;Pour plus d'informations sur Opera\u2122, cliquez <a href=\"https:\/\/www.opera.com\/help\/tutorials\/security\/privacy\/\" target=\"_blank\" rel=\"noreferrer noopener\">ici<\/a><\/li><\/ul>\n\n\n\n<p><strong>6. Acceptation de la politique en mati\u00e8re de cookies<\/strong><\/p>\n\n\n\n<p>En cliquant sur le bouton \"Accepter\", vous \u00eates suppos\u00e9 accepter l'utilisation de cookies.<\/p>\n","protected":false},"excerpt":{"rendered":"<p>\u00a0La pr\u00e9sente politique en mati\u00e8re de cookies a pour but de vous informer de mani\u00e8re claire et pr\u00e9cise sur les cookies utilis\u00e9s sur le site www.aparcarentossa.com. Ce site web, comme la plupart des sites web sur Internet, utilise des cookies pour am\u00e9liorer et optimiser l'exp\u00e9rience de l'utilisateur. Vous trouverez ci-dessous des informations d\u00e9taill\u00e9es sur ce [&hellip;]<\/p>\n","protected":false},"author":3,"featured_media":0,"parent":0,"menu_order":0,"comment_status":"closed","ping_status":"closed","template":"template-privacy.php","meta":[],"yoast_head":"<!-- This site is optimized with the Yoast SEO plugin v20.12 - https:\/\/yoast.com\/wordpress\/plugins\/seo\/ -->\n<title>Politique en mati\u00e8re de cookies - Aparcar en Tossa<\/title>\n<meta name=\"robots\" content=\"index, follow, max-snippet:-1, max-image-preview:large, max-video-preview:-1\" \/>\n<link rel=\"canonical\" href=\"https:\/\/aparcarentossa.com\/fr\/politique-en-matiere-de-cookies\/\" \/>\n<meta property=\"og:locale\" content=\"fr_FR\" \/>\n<meta property=\"og:type\" content=\"article\" \/>\n<meta property=\"og:title\" content=\"Politique en mati\u00e8re de cookies - Aparcar en Tossa\" \/>\n<meta property=\"og:description\" content=\"\u00a0La pr\u00e9sente politique en mati\u00e8re de cookies a pour but de vous informer de mani\u00e8re claire et pr\u00e9cise sur les cookies utilis\u00e9s sur le site www.aparcarentossa.com. Ce site web, comme la plupart des sites web sur Internet, utilise des cookies pour am\u00e9liorer et optimiser l&#039;exp\u00e9rience de l&#039;utilisateur. Vous trouverez ci-dessous des informations d\u00e9taill\u00e9es sur ce [&hellip;]\" \/>\n<meta property=\"og:url\" content=\"https:\/\/aparcarentossa.com\/fr\/politique-en-matiere-de-cookies\/\" \/>\n<meta property=\"og:site_name\" content=\"Aparcar en Tossa\" \/>\n<meta property=\"article:modified_time\" content=\"2024-07-08T07:09:12+00:00\" \/>\n<meta name=\"twitter:card\" content=\"summary_large_image\" \/>\n<meta name=\"twitter:label1\" content=\"Est. reading time\" \/>\n\t<meta name=\"twitter:data1\" content=\"6 minutes\" \/>\n<script type=\"application\/ld+json\" class=\"yoast-schema-graph\">{\"@context\":\"https:\/\/schema.org\",\"@graph\":[{\"@type\":\"WebPage\",\"@id\":\"https:\/\/aparcarentossa.com\/fr\/politique-en-matiere-de-cookies\/\",\"url\":\"https:\/\/aparcarentossa.com\/fr\/politique-en-matiere-de-cookies\/\",\"name\":\"Politique en mati\u00e8re de cookies - Aparcar en Tossa\",\"isPartOf\":{\"@id\":\"https:\/\/aparcarentossa.com\/fr\/#website\"},\"datePublished\":\"2024-06-20T06:52:51+00:00\",\"dateModified\":\"2024-07-08T07:09:12+00:00\",\"breadcrumb\":{\"@id\":\"https:\/\/aparcarentossa.com\/fr\/politique-en-matiere-de-cookies\/#breadcrumb\"},\"inLanguage\":\"fr-FR\",\"potentialAction\":[{\"@type\":\"ReadAction\",\"target\":[\"https:\/\/aparcarentossa.com\/fr\/politique-en-matiere-de-cookies\/\"]}]},{\"@type\":\"BreadcrumbList\",\"@id\":\"https:\/\/aparcarentossa.com\/fr\/politique-en-matiere-de-cookies\/#breadcrumb\",\"itemListElement\":[{\"@type\":\"ListItem\",\"position\":1,\"name\":\"Home\",\"item\":\"https:\/\/aparcarentossa.com\/fr\/\"},{\"@type\":\"ListItem\",\"position\":2,\"name\":\"Politique en mati\u00e8re de cookies\"}]},{\"@type\":\"WebSite\",\"@id\":\"https:\/\/aparcarentossa.com\/fr\/#website\",\"url\":\"https:\/\/aparcarentossa.com\/fr\/\",\"name\":\"Aparcar en Tossa\",\"description\":\"\",\"publisher\":{\"@id\":\"https:\/\/aparcarentossa.com\/fr\/#organization\"},\"potentialAction\":[{\"@type\":\"SearchAction\",\"target\":{\"@type\":\"EntryPoint\",\"urlTemplate\":\"https:\/\/aparcarentossa.com\/fr\/?s={search_term_string}\"},\"query-input\":\"required name=search_term_string\"}],\"inLanguage\":\"fr-FR\"},{\"@type\":\"Organization\",\"@id\":\"https:\/\/aparcarentossa.com\/fr\/#organization\",\"name\":\"Aparcar en Tossa\",\"url\":\"https:\/\/aparcarentossa.com\/fr\/\",\"logo\":{\"@type\":\"ImageObject\",\"inLanguage\":\"fr-FR\",\"@id\":\"https:\/\/aparcarentossa.com\/fr\/#\/schema\/logo\/image\/\",\"url\":\"https:\/\/aparcarentossa.com\/wp-content\/uploads\/sites\/38\/2024\/07\/Logo-Tossa.png\",\"contentUrl\":\"https:\/\/aparcarentossa.com\/wp-content\/uploads\/sites\/38\/2024\/07\/Logo-Tossa.png\",\"width\":160,\"height\":110,\"caption\":\"Aparcar en Tossa\"},\"image\":{\"@id\":\"https:\/\/aparcarentossa.com\/fr\/#\/schema\/logo\/image\/\"}}]}<\/script>\n<!-- \/ Yoast SEO plugin. -->","yoast_head_json":{"title":"Politique en mati\u00e8re de cookies - Aparcar en Tossa","robots":{"index":"index","follow":"follow","max-snippet":"max-snippet:-1","max-image-preview":"max-image-preview:large","max-video-preview":"max-video-preview:-1"},"canonical":"https:\/\/aparcarentossa.com\/fr\/politique-en-matiere-de-cookies\/","og_locale":"fr_FR","og_type":"article","og_title":"Politique en mati\u00e8re de cookies - Aparcar en Tossa","og_description":"\u00a0La pr\u00e9sente politique en mati\u00e8re de cookies a pour but de vous informer de mani\u00e8re claire et pr\u00e9cise sur les cookies utilis\u00e9s sur le site www.aparcarentossa.com. Ce site web, comme la plupart des sites web sur Internet, utilise des cookies pour am\u00e9liorer et optimiser l'exp\u00e9rience de l'utilisateur. Vous trouverez ci-dessous des informations d\u00e9taill\u00e9es sur ce [&hellip;]","og_url":"https:\/\/aparcarentossa.com\/fr\/politique-en-matiere-de-cookies\/","og_site_name":"Aparcar en Tossa","article_modified_time":"2024-07-08T07:09:12+00:00","twitter_card":"summary_large_image","twitter_misc":{"Est. reading time":"6 minutes"},"schema":{"@context":"https:\/\/schema.org","@graph":[{"@type":"WebPage","@id":"https:\/\/aparcarentossa.com\/fr\/politique-en-matiere-de-cookies\/","url":"https:\/\/aparcarentossa.com\/fr\/politique-en-matiere-de-cookies\/","name":"Politique en mati\u00e8re de cookies - Aparcar en Tossa","isPartOf":{"@id":"https:\/\/aparcarentossa.com\/fr\/#website"},"datePublished":"2024-06-20T06:52:51+00:00","dateModified":"2024-07-08T07:09:12+00:00","breadcrumb":{"@id":"https:\/\/aparcarentossa.com\/fr\/politique-en-matiere-de-cookies\/#breadcrumb"},"inLanguage":"fr-FR","potentialAction":[{"@type":"ReadAction","target":["https:\/\/aparcarentossa.com\/fr\/politique-en-matiere-de-cookies\/"]}]},{"@type":"BreadcrumbList","@id":"https:\/\/aparcarentossa.com\/fr\/politique-en-matiere-de-cookies\/#breadcrumb","itemListElement":[{"@type":"ListItem","position":1,"name":"Home","item":"https:\/\/aparcarentossa.com\/fr\/"},{"@type":"ListItem","position":2,"name":"Politique en mati\u00e8re de cookies"}]},{"@type":"WebSite","@id":"https:\/\/aparcarentossa.com\/fr\/#website","url":"https:\/\/aparcarentossa.com\/fr\/","name":"Aparcar en Tossa","description":"","publisher":{"@id":"https:\/\/aparcarentossa.com\/fr\/#organization"},"potentialAction":[{"@type":"SearchAction","target":{"@type":"EntryPoint","urlTemplate":"https:\/\/aparcarentossa.com\/fr\/?s={search_term_string}"},"query-input":"required name=search_term_string"}],"inLanguage":"fr-FR"},{"@type":"Organization","@id":"https:\/\/aparcarentossa.com\/fr\/#organization","name":"Aparcar en Tossa","url":"https:\/\/aparcarentossa.com\/fr\/","logo":{"@type":"ImageObject","inLanguage":"fr-FR","@id":"https:\/\/aparcarentossa.com\/fr\/#\/schema\/logo\/image\/","url":"https:\/\/aparcarentossa.com\/wp-content\/uploads\/sites\/38\/2024\/07\/Logo-Tossa.png","contentUrl":"https:\/\/aparcarentossa.com\/wp-content\/uploads\/sites\/38\/2024\/07\/Logo-Tossa.png","width":160,"height":110,"caption":"Aparcar en Tossa"},"image":{"@id":"https:\/\/aparcarentossa.com\/fr\/#\/schema\/logo\/image\/"}}]}},"meta_box":[],"_links":{"self":[{"href":"https:\/\/aparcarentossa.com\/fr\/wp-json\/wp\/v2\/pages\/463"}],"collection":[{"href":"https:\/\/aparcarentossa.com\/fr\/wp-json\/wp\/v2\/pages"}],"about":[{"href":"https:\/\/aparcarentossa.com\/fr\/wp-json\/wp\/v2\/types\/page"}],"author":[{"embeddable":true,"href":"https:\/\/aparcarentossa.com\/fr\/wp-json\/wp\/v2\/users\/3"}],"replies":[{"embeddable":true,"href":"https:\/\/aparcarentossa.com\/fr\/wp-json\/wp\/v2\/comments?post=463"}],"version-history":[{"count":2,"href":"https:\/\/aparcarentossa.com\/fr\/wp-json\/wp\/v2\/pages\/463\/revisions"}],"predecessor-version":[{"id":959,"href":"https:\/\/aparcarentossa.com\/fr\/wp-json\/wp\/v2\/pages\/463\/revisions\/959"}],"wp:attachment":[{"href":"https:\/\/aparcarentossa.com\/fr\/wp-json\/wp\/v2\/media?parent=463"}],"curies":[{"name":"wp","href":"https:\/\/api.w.org\/{rel}","templated":true}]}}