{"id":460,"date":"2024-06-20T08:54:46","date_gmt":"2024-06-20T06:54:46","guid":{"rendered":"https:\/\/aparcarentossa.ora.cmspro.telpark.com\/residents\/"},"modified":"2024-07-23T11:01:19","modified_gmt":"2024-07-23T09:01:19","slug":"residents","status":"publish","type":"page","link":"https:\/\/aparcarentossa.com\/fr\/residents\/","title":{"rendered":"R\u00e9sidents"},"content":{"rendered":"\n<section class=\"tpk-hero tpk-hero--products                lower\"\n         style=\"\">\n                        <picture >\n\n                    <source srcset=\"https:\/\/aparcarentossa.com\/wp-content\/uploads\/sites\/38\/2024\/06\/Residentes-OTA-Barakaldo-480x300.webp\" media=\"((min-width: 0rem) and (max-width: 30rem))\">\n                             <source srcset=\"https:\/\/aparcarentossa.com\/wp-content\/uploads\/sites\/38\/2024\/06\/Residentes-OTA-Barakaldo-1024x300.webp\" media=\"(min-width: 30rem) and (max-width: 64rem)\" >\n                            <source srcset=\"https:\/\/aparcarentossa.com\/wp-content\/uploads\/sites\/38\/2024\/06\/Residentes-OTA-Barakaldo.webp\" media=\"(min-width: 64rem)\" >\n        \n        \n                                                                                                        \n        <img src=\"https:\/\/aparcarentossa.com\/wp-content\/uploads\/sites\/38\/2024\/06\/Residentes-OTA-Barakaldo.webp\" alt=\"\"  width=\"1140\" height=\"300\"  loading=\"eager\">\n    <\/picture>\n\n    \n        <div class=\"tpk-hero__content wrapper row\">\n                    <div class=\"col-xs-12 col-sm-12 pr-h pl-h\">\n                                <header class=\"tpk-head  wrapper\">\n    <p class=\"tpk-head__caption\">Fonctionnement<\/p>    <h1 class=\"tpk-head__title\">R\u00e9sidents<\/h1>    <\/header>\n            \n                    <\/div>\n    <\/div>\n            <div class=\"tpk-hero__cards row wrapper\">\n                                                                                        <div class=\"col-xs-12 col-sm-12 col-md-4 mb-1 pl-h pr-h\">\n                                                                    <\/div>\n                    <\/div>\n    <\/section>\n<div class=\"tpk-spinner__wrapper\">\n    <div class=\"tpk-spinner\"><\/div>\n<\/div>\n\n<article class=\"tpk-page\">\n    <div class=\"row wrapper center-xs tpk-page__content\">\n        <div class=\"col-xs-12 col-sm-10 col-md-8 pt-4 pb-4\">\n            <blockquote>\n<h2>ZONES VERTES<\/h2>\n<\/blockquote>\n<p>Les zones vertes sont des espaces de la voie publique o\u00f9 les v\u00e9hicules avec le badge de r\u00e9sident et, lorsque cela est d\u00e9termin\u00e9, les non-r\u00e9sidents peuvent stationner pendant la dur\u00e9e pr\u00e9d\u00e9termin\u00e9e dans chaque cas. Ainsi, les r\u00e9sidents pourront y stationner gratuitement (avec l'obligation d'obtenir un ticket \u00e0 co\u00fbt z\u00e9ro pour une dur\u00e9e maximale de 72 heures) et les v\u00e9hicules sans badge pourront le faire en payant la taxe \u00e9tablie, avec une dur\u00e9e maximale limit\u00e9e \u00e0 2 heures.<\/p>\n<blockquote>\n<h2>R\u00c9SIDENTS<\/h2>\n<\/blockquote>\n<p>La condition de personne r\u00e9sidente, aux fins de l'utilisation des zones vertes, est \u00e9tablie par:<\/p>\n<p>a) Personnes physiques enregistr\u00e9es \u00e0 Tossa et titulaires d'un v\u00e9hicule payant la taxe IVTM \u00e0 Tossa.<\/p>\n<p>b) Personnes physiques enregistr\u00e9es \u00e0 Tossa et conductrices habituelles d'un v\u00e9hicule avec un contrat de location, leasing ou similaire, d'une dur\u00e9e sup\u00e9rieure \u00e0 6 mois.<\/p>\n<p>c) Personnes physiques non enregistr\u00e9es \u00e0 Tossa qui paient l'imp\u00f4t foncier (IBI) sur un logement \u00e0 Tossa.<\/p>\n<p>d) Personnes titulaires d'une activit\u00e9 \u00e9conomique avec domicile ou si\u00e8ge \u00e0 Tossa ou avec un contrat de travail dans une entreprise avec domicile ou si\u00e8ge \u00e0 Tossa d'une dur\u00e9e sup\u00e9rieure \u00e0 4 mois.<\/p>\n<p>e) Personnes morales avec des v\u00e9hicules \u00e0 leur nom payant la taxe IVTM dans la municipalit\u00e9.<\/p>\n<p>f) Personnes morales avec domicile ou si\u00e8ge \u00e9tabli dans la municipalit\u00e9 qui disposent de v\u00e9hicules de location, leasing ou similaire, pour une dur\u00e9e sup\u00e9rieure \u00e0 6 mois.<\/p>\n<blockquote>\n<h2>BADGE<\/h2>\n<\/blockquote>\n<p>Le badge qui atteste de la condition de r\u00e9sident, apr\u00e8s sa demande et la v\u00e9rification des conditions \u00e9num\u00e9r\u00e9es ci-dessus, devra \u00eatre activ\u00e9 en payant la taxe \u00e9tablie \u00e0 cet effet (sous r\u00e9serve de l'approbation d\u00e9finitive de l'Ordonnance Fiscale correspondante) et qui sont les suivantes :<\/p>\n<p>a) Personnes physiques enregistr\u00e9es \u00e0 Tossa et titulaires d'un v\u00e9hicule payant la taxe IVTM \u00e0 Tossa. 5,00 \u20ac<\/p>\n<p>b) Personnes physiques enregistr\u00e9es \u00e0 Tossa et conductrices habituelles d'un v\u00e9hicule avec un contrat de location, leasing ou similaire, d'une dur\u00e9e sup\u00e9rieure \u00e0 6 mois. 30,00 \u20ac<\/p>\n<p>c) Personnes physiques non enregistr\u00e9es \u00e0 Tossa qui paient l'imp\u00f4t foncier (IBI) sur un logement \u00e0 Tossa. 60,00 \u20ac<\/p>\n<p>d) Personnes titulaires d'une activit\u00e9 \u00e9conomique avec domicile ou si\u00e8ge \u00e0 Tossa ou avec un contrat de travail dans une entreprise avec domicile ou si\u00e8ge \u00e0 Tossa d'une dur\u00e9e sup\u00e9rieure \u00e0 4 mois. 60,00 \u20ac<\/p>\n<p>e) Personnes morales avec des v\u00e9hicules \u00e0 leur nom payant la taxe IVTM dans la municipalit\u00e9. 30,00 \u20ac<\/p>\n<p>f) Personnes morales avec domicile ou si\u00e8ge \u00e9tabli dans la municipalit\u00e9 qui disposent de v\u00e9hicules de location, leasing ou similaire, pour une dur\u00e9e sup\u00e9rieure \u00e0 6 mois. 60,00 \u20ac<\/p>\n<p>*Dans les cas des points (e) et (f), un maximum de 3 v\u00e9hicules par personne morale sera autoris\u00e9.<\/p>\n<p>Une fois activ\u00e9, il devra \u00eatre coll\u00e9 sur la partie inf\u00e9rieure droite du pare-brise avant du v\u00e9hicule. L'effet de ce badge sera conditionn\u00e9 en permanence au respect des conditions de r\u00e9sident et au fait d'\u00eatre \u00e0 jour des obligations \u00e9conomiques (taxes, amendes et prix publics) envers la Mairie de Tossa de Mar.<\/p>\n<p>Le badge de r\u00e9sident peut \u00eatre demand\u00e9 \u00e0 l'OAC, l'Office d'Accueil des Citoyens, ou en ligne.<\/p>\n<p>Nom de la proc\u00e9dure : \"Demande de Carte Verte de Stationnement pour R\u00e9sidents dans les Zones de Stationnement Limit\u00e9 (zone verte)\" ou en \u00e9crivant \"zone verte\" dans le champ de \"recherche de proc\u00e9dures\".<\/p>\n<blockquote>\n<h2>DOCUMENTATION N\u00c9CESSAIRE<\/h2>\n<\/blockquote>\n<ul>\n<li>\n<p>Pour effectuer cette d\u00e9marche, il est n\u00e9cessaire d'\u00eatre \u00e0 jour de paiement. Il n'est plus obligatoire de fournir le certificat d\u00e9livr\u00e9 par XALOC.<\/p>\n<\/li>\n<li>\n<p>En cas d'\u00eatre conducteur habituel d'un v\u00e9hicule avec un contrat de location, leasing ou similaire, il faudra fournir le contrat de leasing et la fiche technique du v\u00e9hicule.<\/p>\n<\/li>\n<li>\n<p>Les conducteurs habituels de camionnettes ou de fourgonnettes mixtes devront pr\u00e9senter la fiche technique du v\u00e9hicule.<\/p>\n<\/li>\n<\/ul>\n<blockquote>\n<h2>NOTE IMPORTANTE<\/h2>\n<\/blockquote>\n<p>Une fois la demande de badge de zone verte faite, il faudra l'activer en payant la taxe \u00e9tablie (en attente de l'approbation d\u00e9finitive de l'Ordonnance fiscale correspondante).<\/p>\n<p>Le paiement de la taxe sera effectu\u00e9 en personne aux Bureaux d'Accueil des Citoyens de la Mairie de Tossa de Mar (Avinguda Pelegr\u00ed, 25), apr\u00e8s notification de la conformit\u00e9 aux exigences pour \u00eatre titulaire du badge, pendant la derni\u00e8re semaine de mai.<\/p>\n<p>Au moment du paiement de la taxe, le badge sera d\u00e9livr\u00e9 et sera valable, permettant le stationnement dans la zone verte.*<\/p>\n<p>* du 1er juin au 15 octobre<\/p>\n<blockquote>\n<h2>FONCTIONNEMENT<\/h2>\n<\/blockquote>\n<p>\u00c0 partir du 1er juin et jusqu'au 15 octobre de chaque ann\u00e9e, le temps de stationnement maximal autoris\u00e9 sera d\u00fbment indiqu\u00e9 sur les horodateurs ou la signalisation correspondante et sera diff\u00e9rent selon que l'on dispose ou non d'un badge de r\u00e9sident.<\/p>\n<p>Tous les v\u00e9hicules devront obtenir un ticket de stationnement via les horodateurs install\u00e9s ou \u00e9lectroniquement. Dans le cas des r\u00e9sidents, ce ticket sera gratuit et valable 72 heures, apr\u00e8s quoi il sera n\u00e9cessaire de le renouveler.<\/p>\n<p>Dans le cas des zones vertes avec option de paiement pour les non-r\u00e9sidents, la preuve permettant de les utiliser sera un ticket justificatif de paiement, \u00e0 condition que celui-ci n'ait pas \u00e9t\u00e9 effectu\u00e9 par un moyen \u00e9lectronique. Les heures de paiement dans ce cas seront de 10h \u00e0 21h.<\/p>\n<blockquote>\n<h2>ZONES VERTES NON EXCLUSIVES<\/h2>\n<\/blockquote>\n<p>\u00c0 partir du 1er juin et jusqu'au 15 octobre de chaque ann\u00e9e, les zones vertes de stationnement des rues Nostra Senyora de Montserrat, Escultor Casanovas, Pintor R Benet, Bernats, Tomas Barber, Sant Vicen\u00e7, Giverola, Maria Auxiliadora, Sant Sebasti\u00e0, Pompeu Fabra, Escultor Mares, Torrent Viver, Pintor Creixams, Francesc de P Rissech, Rambla Pau Casals, Lope Mateo, Vilafranca del Pened\u00e8s, Calafat, Gabriela Mistral, Joan Brossa, Capit\u00e0 Mestres et Victor Catal\u00e0, seront r\u00e9glement\u00e9es, de sorte que les r\u00e9sidents pourront y stationner gratuitement (avec l'obligation d'obtenir un ticket \u00e0 co\u00fbt z\u00e9ro pour une dur\u00e9e maximale de 72 heures) et les v\u00e9hicules sans badge pourront le faire en payant la taxe \u00e9tablie (avec une dur\u00e9e maximale limit\u00e9e \u00e0 2 heures).<\/p>\n<p>Il y a un total de 369 places de zone verte non exclusive.<\/p>\n<p><img loading=\"lazy\" class=\"alignnone size-full wp-image-984\" src=\"http:\/\/aparcarentossa.com\/wp-content\/uploads\/sites\/38\/2024\/07\/zonas-tossa-1.jpeg\" alt=\"\" width=\"568\" height=\"400\" \/> <img loading=\"lazy\" class=\"alignnone size-full wp-image-980\" src=\"http:\/\/aparcarentossa.com\/wp-content\/uploads\/sites\/38\/2024\/07\/zonas-tossa-2.jpeg\" alt=\"\" width=\"568\" height=\"400\" \/> <img loading=\"lazy\" class=\"alignnone size-full wp-image-976\" src=\"http:\/\/aparcarentossa.com\/wp-content\/uploads\/sites\/38\/2024\/07\/zonas-tossa-3.jpeg\" alt=\"\" width=\"568\" height=\"400\" \/><\/p>\n<blockquote>\n<h2>ZONES VERTES EXCLUSIVES<\/h2>\n<\/blockquote>\n<p>La Mairie de Tossa de Mar a am\u00e9nag\u00e9 des places de stationnement en zone verte dans le Vieux Centre, en particulier les places situ\u00e9es dans les rues Joan Barber Coris, Sot de ses Pomeres et s\u2019Aloc.<\/p>\n<p>Ces places sont r\u00e9serv\u00e9es aux r\u00e9sidents, seuls les v\u00e9hicules avec un badge de r\u00e9sident activ\u00e9 pourront y stationner. La dur\u00e9e maximale de stationnement est de 72 heures.<\/p>\n<p>Il y a un total de 34 places de zone verte exclusive.<\/p>\n<p><img loading=\"lazy\" class=\"alignnone size-full wp-image-972\" src=\"http:\/\/aparcarentossa.com\/wp-content\/uploads\/sites\/38\/2024\/07\/zonas-tossa-4.jpeg\" alt=\"\" width=\"568\" height=\"400\" \/><\/p>\n<blockquote>\n<h2>QUESTIONS ET CONTACT <strong>MAIRIE<\/strong><\/h2>\n<\/blockquote>\n<p>Pour toute question ou clarification, vous pouvez vous adresser \u00e0 l'OAC, l'Office d'Accueil des Citoyens, ou par email : <strong><a class=\"autolink\" href=\"mailto:ajuntament@tossademar.org\">ajuntament@tossademar.org<\/a><\/strong><\/p>\n\n        <\/div>\n    <\/div>\n<\/article>\n\n\n<section\n        class=\"tpk-banner-cta tpk-banner-cta--background   \"\n        style=\" --bg-picture: url('https:\/\/aparcarentossa.com\/wp-content\/uploads\/sites\/38\/2024\/06\/banner.webp'); \">\n    <div class=\"tpk-banner-cta__content row wrapper middle-xs \">\n                                <div class=\"col-xs-12 col-md-6 tpk-banner-cta__content__text  \">\n                                                <header class=\"tpk-head  wrapper\">\n    <p class=\"tpk-head__caption\">V\u00e9rifier les zones de stationnement r\u00e9glement\u00e9es<\/p>    <h2 class=\"tpk-head__title\">Carte g\u00e9n\u00e9rale de Tossa de Mar<\/h2>    <\/header>                                    <div class=\"tpk-banner-cta__buttons\">\n                                                                                <a  class=\"tpk-button tpk-button--primary tpk-button--lg \" href=\"https:\/\/aparcarentossa.com\/fr\/planos\/\"    target=\"_blank\" >\n    <span>Voir <\/span>\n    <\/a>                                            <\/div>\n                            <\/div>\n        <\/div>\n<\/section>\n\n<article class=\"tpk-page\">\n    <div class=\"row wrapper center-xs tpk-page__content\">\n        <div class=\"col-xs-12 col-sm-10 col-md-8 pt-4 pb-4\">\n            <h2>Questions fr\u00e9quemment pos\u00e9es<\/h2>\n<blockquote>\n<p>Si vous avez des questions, n'h\u00e9sitez pas \u00e0 consulter notre F.A.Q. (FAQ) o\u00f9 vous trouverez les questions pos\u00e9es par la plupart des utilisateurs.<\/p>\n<p><a href=\"https:\/\/aparcarentossa.ora.cmspro.telpark.com\/fr\/faqs\/\">VOIR LES QUESTIONS FR\u00c9QUEMMENT POS\u00c9ES<\/a><\/p>\n<\/blockquote>\n\n        <\/div>\n    <\/div>\n<\/article>","protected":false},"excerpt":{"rendered":"","protected":false},"author":3,"featured_media":0,"parent":0,"menu_order":0,"comment_status":"closed","ping_status":"closed","template":"","meta":[],"yoast_head":"<!-- This site is optimized with the Yoast SEO plugin v20.12 - https:\/\/yoast.com\/wordpress\/plugins\/seo\/ -->\n<title>R\u00e9sidents - Aparcar en Tossa<\/title>\n<meta name=\"robots\" content=\"index, follow, max-snippet:-1, max-image-preview:large, max-video-preview:-1\" \/>\n<link rel=\"canonical\" href=\"https:\/\/aparcarentossa.com\/fr\/residents\/\" \/>\n<meta property=\"og:locale\" content=\"fr_FR\" \/>\n<meta property=\"og:type\" content=\"article\" \/>\n<meta property=\"og:title\" content=\"R\u00e9sidents - Aparcar en Tossa\" \/>\n<meta property=\"og:url\" content=\"https:\/\/aparcarentossa.com\/fr\/residents\/\" \/>\n<meta property=\"og:site_name\" content=\"Aparcar en Tossa\" \/>\n<meta property=\"article:modified_time\" content=\"2024-07-23T09:01:19+00:00\" \/>\n<meta name=\"twitter:card\" content=\"summary_large_image\" \/>\n<script type=\"application\/ld+json\" class=\"yoast-schema-graph\">{\"@context\":\"https:\/\/schema.org\",\"@graph\":[{\"@type\":\"WebPage\",\"@id\":\"https:\/\/aparcarentossa.com\/fr\/residents\/\",\"url\":\"https:\/\/aparcarentossa.com\/fr\/residents\/\",\"name\":\"R\u00e9sidents - Aparcar en Tossa\",\"isPartOf\":{\"@id\":\"https:\/\/aparcarentossa.com\/fr\/#website\"},\"datePublished\":\"2024-06-20T06:54:46+00:00\",\"dateModified\":\"2024-07-23T09:01:19+00:00\",\"breadcrumb\":{\"@id\":\"https:\/\/aparcarentossa.com\/fr\/residents\/#breadcrumb\"},\"inLanguage\":\"fr-FR\",\"potentialAction\":[{\"@type\":\"ReadAction\",\"target\":[\"https:\/\/aparcarentossa.com\/fr\/residents\/\"]}]},{\"@type\":\"BreadcrumbList\",\"@id\":\"https:\/\/aparcarentossa.com\/fr\/residents\/#breadcrumb\",\"itemListElement\":[{\"@type\":\"ListItem\",\"position\":1,\"name\":\"Home\",\"item\":\"https:\/\/aparcarentossa.com\/fr\/\"},{\"@type\":\"ListItem\",\"position\":2,\"name\":\"R\u00e9sidents\"}]},{\"@type\":\"WebSite\",\"@id\":\"https:\/\/aparcarentossa.com\/fr\/#website\",\"url\":\"https:\/\/aparcarentossa.com\/fr\/\",\"name\":\"Aparcar en Tossa\",\"description\":\"\",\"publisher\":{\"@id\":\"https:\/\/aparcarentossa.com\/fr\/#organization\"},\"potentialAction\":[{\"@type\":\"SearchAction\",\"target\":{\"@type\":\"EntryPoint\",\"urlTemplate\":\"https:\/\/aparcarentossa.com\/fr\/?s={search_term_string}\"},\"query-input\":\"required name=search_term_string\"}],\"inLanguage\":\"fr-FR\"},{\"@type\":\"Organization\",\"@id\":\"https:\/\/aparcarentossa.com\/fr\/#organization\",\"name\":\"Aparcar en Tossa\",\"url\":\"https:\/\/aparcarentossa.com\/fr\/\",\"logo\":{\"@type\":\"ImageObject\",\"inLanguage\":\"fr-FR\",\"@id\":\"https:\/\/aparcarentossa.com\/fr\/#\/schema\/logo\/image\/\",\"url\":\"https:\/\/aparcarentossa.com\/wp-content\/uploads\/sites\/38\/2024\/07\/Logo-Tossa.png\",\"contentUrl\":\"https:\/\/aparcarentossa.com\/wp-content\/uploads\/sites\/38\/2024\/07\/Logo-Tossa.png\",\"width\":160,\"height\":110,\"caption\":\"Aparcar en Tossa\"},\"image\":{\"@id\":\"https:\/\/aparcarentossa.com\/fr\/#\/schema\/logo\/image\/\"}}]}<\/script>\n<!-- \/ Yoast SEO plugin. -->","yoast_head_json":{"title":"R\u00e9sidents - Aparcar en Tossa","robots":{"index":"index","follow":"follow","max-snippet":"max-snippet:-1","max-image-preview":"max-image-preview:large","max-video-preview":"max-video-preview:-1"},"canonical":"https:\/\/aparcarentossa.com\/fr\/residents\/","og_locale":"fr_FR","og_type":"article","og_title":"R\u00e9sidents - Aparcar en Tossa","og_url":"https:\/\/aparcarentossa.com\/fr\/residents\/","og_site_name":"Aparcar en Tossa","article_modified_time":"2024-07-23T09:01:19+00:00","twitter_card":"summary_large_image","schema":{"@context":"https:\/\/schema.org","@graph":[{"@type":"WebPage","@id":"https:\/\/aparcarentossa.com\/fr\/residents\/","url":"https:\/\/aparcarentossa.com\/fr\/residents\/","name":"R\u00e9sidents - Aparcar en Tossa","isPartOf":{"@id":"https:\/\/aparcarentossa.com\/fr\/#website"},"datePublished":"2024-06-20T06:54:46+00:00","dateModified":"2024-07-23T09:01:19+00:00","breadcrumb":{"@id":"https:\/\/aparcarentossa.com\/fr\/residents\/#breadcrumb"},"inLanguage":"fr-FR","potentialAction":[{"@type":"ReadAction","target":["https:\/\/aparcarentossa.com\/fr\/residents\/"]}]},{"@type":"BreadcrumbList","@id":"https:\/\/aparcarentossa.com\/fr\/residents\/#breadcrumb","itemListElement":[{"@type":"ListItem","position":1,"name":"Home","item":"https:\/\/aparcarentossa.com\/fr\/"},{"@type":"ListItem","position":2,"name":"R\u00e9sidents"}]},{"@type":"WebSite","@id":"https:\/\/aparcarentossa.com\/fr\/#website","url":"https:\/\/aparcarentossa.com\/fr\/","name":"Aparcar en Tossa","description":"","publisher":{"@id":"https:\/\/aparcarentossa.com\/fr\/#organization"},"potentialAction":[{"@type":"SearchAction","target":{"@type":"EntryPoint","urlTemplate":"https:\/\/aparcarentossa.com\/fr\/?s={search_term_string}"},"query-input":"required name=search_term_string"}],"inLanguage":"fr-FR"},{"@type":"Organization","@id":"https:\/\/aparcarentossa.com\/fr\/#organization","name":"Aparcar en Tossa","url":"https:\/\/aparcarentossa.com\/fr\/","logo":{"@type":"ImageObject","inLanguage":"fr-FR","@id":"https:\/\/aparcarentossa.com\/fr\/#\/schema\/logo\/image\/","url":"https:\/\/aparcarentossa.com\/wp-content\/uploads\/sites\/38\/2024\/07\/Logo-Tossa.png","contentUrl":"https:\/\/aparcarentossa.com\/wp-content\/uploads\/sites\/38\/2024\/07\/Logo-Tossa.png","width":160,"height":110,"caption":"Aparcar en Tossa"},"image":{"@id":"https:\/\/aparcarentossa.com\/fr\/#\/schema\/logo\/image\/"}}]}},"meta_box":[],"_links":{"self":[{"href":"https:\/\/aparcarentossa.com\/fr\/wp-json\/wp\/v2\/pages\/460"}],"collection":[{"href":"https:\/\/aparcarentossa.com\/fr\/wp-json\/wp\/v2\/pages"}],"about":[{"href":"https:\/\/aparcarentossa.com\/fr\/wp-json\/wp\/v2\/types\/page"}],"author":[{"embeddable":true,"href":"https:\/\/aparcarentossa.com\/fr\/wp-json\/wp\/v2\/users\/3"}],"replies":[{"embeddable":true,"href":"https:\/\/aparcarentossa.com\/fr\/wp-json\/wp\/v2\/comments?post=460"}],"version-history":[{"count":3,"href":"https:\/\/aparcarentossa.com\/fr\/wp-json\/wp\/v2\/pages\/460\/revisions"}],"predecessor-version":[{"id":1182,"href":"https:\/\/aparcarentossa.com\/fr\/wp-json\/wp\/v2\/pages\/460\/revisions\/1182"}],"wp:attachment":[{"href":"https:\/\/aparcarentossa.com\/fr\/wp-json\/wp\/v2\/media?parent=460"}],"curies":[{"name":"wp","href":"https:\/\/api.w.org\/{rel}","templated":true}]}}