{"id":450,"date":"2024-06-20T08:49:41","date_gmt":"2024-06-20T06:49:41","guid":{"rendered":"https:\/\/aparcarentossa.ora.cmspro.telpark.com\/parcometre\/"},"modified":"2024-08-01T10:24:28","modified_gmt":"2024-08-01T08:24:28","slug":"parcometre","status":"publish","type":"page","link":"https:\/\/aparcarentossa.com\/fr\/parcometre\/","title":{"rendered":"Parcom\u00e8tre"},"content":{"rendered":"\n<section class=\"tpk-hero tpk-hero--products                lower\"\n         style=\"\">\n                        <picture >\n\n                    <source srcset=\"https:\/\/aparcarentossa.com\/wp-content\/uploads\/sites\/38\/2024\/06\/Parquimetro-2-480x300.webp\" media=\"((min-width: 0rem) and (max-width: 30rem))\">\n                             <source srcset=\"https:\/\/aparcarentossa.com\/wp-content\/uploads\/sites\/38\/2024\/06\/Parquimetro-2-1024x300.webp\" media=\"(min-width: 30rem) and (max-width: 64rem)\" >\n                            <source srcset=\"https:\/\/aparcarentossa.com\/wp-content\/uploads\/sites\/38\/2024\/06\/Parquimetro-2.webp\" media=\"(min-width: 64rem)\" >\n        \n        \n                                                                                                        \n        <img src=\"https:\/\/aparcarentossa.com\/wp-content\/uploads\/sites\/38\/2024\/06\/Parquimetro-2.webp\" alt=\"\"  width=\"1140\" height=\"300\"  loading=\"eager\">\n    <\/picture>\n\n    \n        <div class=\"tpk-hero__content wrapper row\">\n                    <div class=\"col-xs-12 col-sm-12 pr-h pl-h\">\n                                <header class=\"tpk-head  wrapper\">\n    <p class=\"tpk-head__caption\">Fonctionnement<\/p>    <h1 class=\"tpk-head__title\">Parcom\u00e8tre<\/h1>    <\/header>\n            \n                    <\/div>\n    <\/div>\n            <div class=\"tpk-hero__cards row wrapper\">\n                                                                                        <div class=\"col-xs-12 col-sm-12 col-md-4 mb-1 pl-h pr-h\">\n                                                                    <\/div>\n                    <\/div>\n    <\/section>\n<div class=\"tpk-spinner__wrapper\">\n    <div class=\"tpk-spinner\"><\/div>\n<\/div>\n\n<article class=\"tpk-page\">\n    <div class=\"row wrapper center-xs tpk-page__content\">\n        <div class=\"col-xs-12 col-sm-10 col-md-8 pt-4 pb-4\">\n            <h1>Parcom\u00e8tre<\/h1>\n<div>\n<p dir=\"auto\">\u00c0 Tossa de Mar, nous avons am\u00e9lior\u00e9 le service de stationnement avec nos nouveaux parcom\u00e8tres, qui offrent une s\u00e9rie de commodit\u00e9s pour nos r\u00e9sidents et visiteurs:<\/p>\n<ul dir=\"auto\">\n<li dir=\"auto\"><strong>Options de Paiement:<\/strong> Vous pouvez d\u00e9sormais r\u00e9gler la taxe municipale non seulement en esp\u00e8ces, mais aussi avec votre smartphone et vos cartes bancaires sur tous nos terminaux.<\/li>\n<li dir=\"auto\"><strong>Note Importante:<\/strong> Les parcom\u00e8tres n'acceptent pas les billets, seulement les pi\u00e8ces. Pour les paiements par carte ou smartphone, utilisez le capteur tactile.<\/li>\n<\/ul>\n<p dir=\"auto\">De plus, nous avons int\u00e9gr\u00e9 une fonctionnalit\u00e9 avanc\u00e9e pour faciliter la gestion des infractions:<\/p>\n<ul dir=\"auto\">\n<li dir=\"auto\"><strong>Annulation \u00c9lectronique des Infractions:<\/strong> Si vous avez d\u00e9pass\u00e9 le temps de stationnement autoris\u00e9 ou si vous n'avez pas de ticket, vous pouvez demander l'annulation \u00e9lectronique du PV. Cette option est disponible jusqu'\u00e0 24 heures apr\u00e8s l'infraction. Pour ce faire, obtenez un ticket d'annulation et conservez le re\u00e7u comme preuve.<\/li>\n<\/ul>\n<p dir=\"auto\"><strong>FONCTIONNEMENT:<\/strong><\/p>\n<p dir=\"auto\">\u00c0 Tossa de Mar, le stationnement r\u00e9glement\u00e9 en voirie est une solution efficace de mobilit\u00e9 urbaine con\u00e7ue pour am\u00e9liorer la circulation des v\u00e9hicules et optimiser l'utilisation des places de stationnement. Notre objectif est d'offrir aux r\u00e9sidents et visiteurs un acc\u00e8s \u00e9quitable aux rares places disponibles, contribuant \u00e0 un environnement plus durable et agr\u00e9able.<\/p>\n<p dir=\"auto\"><strong>Avantages du Syst\u00e8me:<\/strong><\/p>\n<ul dir=\"auto\">\n<li dir=\"auto\"><strong>Am\u00e9lioration de l'Environnement:<\/strong> En r\u00e9gulant le stationnement, nous contribuons \u00e0 r\u00e9duire la congestion et \u00e0 am\u00e9liorer la qualit\u00e9 de l'air en ville.<\/li>\n<li dir=\"auto\"><strong>Acc\u00e8s Rapide aux Zones Commerciales et Administratives:<\/strong> Facilite l'acc\u00e8s rapide aux zones commerciales et administratives, b\u00e9n\u00e9ficiant \u00e0 ceux qui ont besoin d'effectuer des achats ou d\u00e9marches dans un laps de temps limit\u00e9.<\/li>\n<\/ul>\n<p dir=\"auto\"><strong>Comment \u00c7a Marche:<\/strong><\/p>\n<ul dir=\"auto\">\n<li dir=\"auto\">\n<p dir=\"auto\"><strong>Obtention du Ticket:<\/strong> Toute personne peut se garer dans les places r\u00e9glement\u00e9es de la zone bleue en obtenant le ticket correspondant disponible sur les parcom\u00e8tres. Les places r\u00e9glement\u00e9es sont clairement signal\u00e9es par marquage au sol ou panneaux verticaux.<\/p>\n<\/li>\n<li dir=\"auto\">\n<p dir=\"auto\"><strong>Annulation des Infractions:<\/strong> Si vous d\u00e9passez le temps autoris\u00e9 ou si vous n'avez pas de ticket, vous pouvez annuler l'amende dans un d\u00e9lai de 24 heures apr\u00e8s son imposition. Pour ce faire, vous devrez obtenir un ticket d'annulation \u00e0 la machine distributrice:<\/p>\n<\/li>\n<li dir=\"auto\">\n<p dir=\"auto\"><strong>15,00 euros<\/strong> si vous avez d\u00e9pass\u00e9 le temps.<\/p>\n<\/li>\n<li dir=\"auto\">\n<p dir=\"auto\"><strong>20,00 euros<\/strong> si vous n'avez pas de ticket.<\/p>\n<\/li>\n<\/ul>\n<p dir=\"auto\"><strong>Contr\u00f4le et Respect:<\/strong><\/p>\n<ul dir=\"auto\">\n<li dir=\"auto\">Le contr\u00f4leur est responsable d'assurer le respect des r\u00e8gles de stationnement dans la zone assign\u00e9e en respectant les horaires indiqu\u00e9s sur les panneaux affich\u00e9s dans la zone r\u00e9glement\u00e9e.<\/li>\n<li dir=\"auto\">Conservez toujours le re\u00e7u d'annulation. Si vous n'avez pas de ticket ou justificatif, vous pourrez corriger l'infraction dans un d\u00e9lai de 24 heures en payant le montant correspondant selon l'ordonnance fiscale en vigueur.<\/li>\n<\/ul>\n<p dir=\"auto\">Profitez d'un stationnement ordonn\u00e9 et efficace \u00e0 Tossa de Mar!<\/p>\n<p dir=\"auto\"><img loading=\"lazy\" class=\"alignnone size-full wp-image-1188\" src=\"http:\/\/aparcarentossa.com\/wp-content\/uploads\/sites\/38\/2024\/07\/WhatsApp-Image-2024-07-18-at-11.42.33-2.jpeg\" alt=\"\" width=\"1600\" height=\"1200\" \/><\/p>\n<\/div>\n\n        <\/div>\n    <\/div>\n<\/article>\n\n\n<section\n        class=\"tpk-banner-cta tpk-banner-cta--background   \"\n        style=\" --bg-picture: url('https:\/\/aparcarentossa.com\/wp-content\/uploads\/sites\/38\/2024\/06\/banner.webp'); \">\n    <div class=\"tpk-banner-cta__content row wrapper middle-xs \">\n                                <div class=\"col-xs-12 col-md-6 tpk-banner-cta__content__text  \">\n                                                <header class=\"tpk-head  wrapper\">\n    <p class=\"tpk-head__caption\">V\u00e9rifier les zones de stationnement r\u00e9glement\u00e9es<\/p>    <h2 class=\"tpk-head__title\">Carte g\u00e9n\u00e9rale de Tossa de Mar<\/h2>    <\/header>                                    <div class=\"tpk-banner-cta__buttons\">\n                                                                                <a  class=\"tpk-button tpk-button--primary tpk-button--lg \" href=\"https:\/\/aparcarentossa.com\/fr\/planos\/\"    target=\"_blank\" >\n    <span>Voir <\/span>\n    <\/a>                                            <\/div>\n                            <\/div>\n        <\/div>\n<\/section>\n\n<article class=\"tpk-page\">\n    <div class=\"row wrapper center-xs tpk-page__content\">\n        <div class=\"col-xs-12 col-sm-10 col-md-8 pt-4 pb-4\">\n            <div>\n<h2 dir=\"auto\"><strong>Moyens de Paiement<\/strong><\/h2>\n<p dir=\"auto\">Payez confortablement et choisissez l'option qui vous convient!<br \/>Vous pouvez payer les frais de stationnement de diff\u00e9rentes mani\u00e8res :<\/p>\n<ul dir=\"auto\">\n<li dir=\"auto\"><strong>Esp\u00e8ces :<\/strong> Utilisez des pi\u00e8ces dans nos horodateurs.<\/li>\n<li dir=\"auto\"><strong>Smartphone :<\/strong> Payez facilement via notre application Telpark (<a class=\"external-link\" title=\"http:\/\/www.telpark.com\" href=\"http:\/\/www.telpark.com\" target=\"_blank\" rel=\"noopener\" data-tooltip-position=\"top\" aria-label=\"http:\/\/www.telpark.com\">www.telpark.com<\/a>).<\/li>\n<li dir=\"auto\"><strong>Carte Pr\u00e9pay\u00e9e :<\/strong> Utilisez des cartes pr\u00e9pay\u00e9es sur tous les horodateurs.<\/li>\n<li dir=\"auto\"><strong>Cartes Bancaires :<\/strong> Payez avec des cartes bancaires (EMV) sur les horodateurs autoris\u00e9s.<\/li>\n<\/ul>\n<\/div>\n\n        <\/div>\n    <\/div>\n<\/article>\n\n\n<section class=\"tpk-banner-app \">\n    <div class=\"row wrapper middle-xs\">\n        <div class=\"col-xs-12 col-sm-6 col-no-gutter tpk-banner-app__picture\">\n                                                <picture class=\"hide-xs show-sm\">\n\n                             <source srcset=\"https:\/\/aparcarentossa.com\/wp-content\/uploads\/sites\/38\/2024\/06\/Web_bloqueORA_Mesa-de-trabajo-1-488x534.webp\" media=\"(min-width: 30rem) and (max-width: 64rem)\" >\n                            <source srcset=\"https:\/\/aparcarentossa.com\/wp-content\/uploads\/sites\/38\/2024\/06\/Web_bloqueORA_Mesa-de-trabajo-1.webp\" media=\"(min-width: 64rem)\" >\n        \n        \n                                                                                                        \n        <img src=\"https:\/\/aparcarentossa.com\/wp-content\/uploads\/sites\/38\/2024\/06\/Web_bloqueORA_Mesa-de-trabajo-1.webp\" alt=\"\"  width=\"600\" height=\"600\"  loading=\"lazy\" >\n    <\/picture>\n\n                                <\/div>\n        <div class=\"col-xs-12 col-sm-6 tpk-banner-app__content\">\n                        <header class=\"tpk-head  wrapper\">\n    <p class=\"tpk-head__caption\">Se garer et continuer<\/p>    <h2 class=\"tpk-head__title\">Scannez le code avec votre mobile pour t\u00e9l\u00e9charger l'application<\/h2>    <\/header>\n                        <div class=\"tpk-banner-app__buttons\">\n                                                                                                                    \n    <a href=\"https:\/\/play.google.com\/store\/apps\/details?id=com.delaware.empark\" class=\"tpk-button tpk-button--app dark\" target=\"_blank\">\n        <svg width=\"23\" height=\"26\" viewBox=\"0 0 23 26\" fill=\"none\" xmlns=\"http:\/\/www.w3.org\/2000\/svg\">\n            <path fill-rule=\"evenodd\" clip-rule=\"evenodd\" d=\"M0.862422 0.87988C0.581172 1.18175 0.419922 1.64675 0.419922 2.25113V23.7411C0.419922 24.3455 0.581172 24.8105 0.873047 25.1018L0.949297 25.1661L12.9905 13.1249V12.8543L0.938672 0.815505L0.862422 0.87988Z\" fill=\"url(#paint0_linear_9_9)\"\/>\n            <path fill-rule=\"evenodd\" clip-rule=\"evenodd\" d=\"M16.9962 17.1543L12.98 13.1368V12.8556L16.9975 8.83807L17.0843 8.89182L21.8362 11.5924C23.1968 12.3593 23.1968 13.6231 21.8362 14.4006L17.0843 17.1012L16.9962 17.1543Z\" fill=\"url(#paint1_linear_9_9)\"\/>\n            <path fill-rule=\"evenodd\" clip-rule=\"evenodd\" d=\"M17.083 17.1005L12.9799 12.9961L0.862371 25.1136C1.30487 25.5892 2.04987 25.643 2.88237 25.178L17.083 17.1005Z\" fill=\"url(#paint2_linear_9_9)\"\/>\n            <path fill-rule=\"evenodd\" clip-rule=\"evenodd\" d=\"M17.083 8.89304L2.88237 0.82616C2.05112 0.350535 1.30487 0.41491 0.862371 0.890535L12.9786 12.9962L17.083 8.89304Z\" fill=\"url(#paint3_linear_9_9)\"\/>\n            <defs>\n            <linearGradient id=\"paint0_linear_9_9\" x1=\"35.6607\" y1=\"-6.74995\" x2=\"-5.23028\" y2=\"12.2052\" gradientUnits=\"userSpaceOnUse\">\n            <stop stop-color=\"#047ED6\"\/>\n            <stop offset=\"1\" stop-color=\"#50E6FF\"\/>\n            <\/linearGradient>\n            <linearGradient id=\"paint1_linear_9_9\" x1=\"24.5643\" y1=\"12.9971\" x2=\"-6.03917\" y2=\"12.9971\" gradientUnits=\"userSpaceOnUse\">\n            <stop stop-color=\"#FFDA1C\"\/>\n            <stop offset=\"1\" stop-color=\"#FEB705\"\/>\n            <\/linearGradient>\n            <linearGradient id=\"paint2_linear_9_9\" x1=\"19.7657\" y1=\"4.95934\" x2=\"-15.0772\" y2=\"45.5368\" gradientUnits=\"userSpaceOnUse\">\n            <stop stop-color=\"#D9414F\"\/>\n            <stop offset=\"1\" stop-color=\"#8C193F\"\/>\n            <\/linearGradient>\n            <linearGradient id=\"paint3_linear_9_9\" x1=\"-2.18997\" y1=\"-6.27096\" x2=\"4.71665\" y2=\"5.36978\" gradientUnits=\"userSpaceOnUse\">\n            <stop stop-color=\"#33C481\"\/>\n            <stop offset=\"1\" stop-color=\"#61E3A7\"\/>\n            <\/linearGradient>\n            <\/defs>\n            <\/svg>\n        <div>\n            <span>Disponible en<\/span>\n            Google Play\n        <\/div>\n    <\/a>\n                                                                                                                                                                                <a href=\"https:\/\/apps.apple.com\/es\/app\/telpark\/id658204860\" class=\"tpk-button tpk-button--app dark\" target=\"_blank\">\n        <svg width=\"25\" height=\"30\" viewBox=\"0 0 25 30\" fill=\"none\" xmlns=\"http:\/\/www.w3.org\/2000\/svg\">\n            <path d=\"M23.643 10.227C23.469 10.362 20.397 12.093 20.397 15.942C20.397 20.394 24.306 21.969 24.423 22.008C24.405 22.104 23.802 24.165 22.362 26.265C21.078 28.113 19.737 29.958 17.697 29.958C15.657 29.958 15.132 28.773 12.777 28.773C10.482 28.773 9.666 29.997 7.8 29.997C5.934 29.997 4.632 28.287 3.135 26.187C1.401 23.721 0 19.89 0 16.254C0 10.422 3.792 7.329 7.524 7.329C9.507 7.329 11.16 8.631 12.405 8.631C13.59 8.631 15.438 7.251 17.694 7.251C18.549 7.251 21.621 7.329 23.643 10.227V10.227ZM16.623 4.782C17.556 3.675 18.216 2.139 18.216 0.603C18.216 0.39 18.198 0.174 18.159 0C16.641 0.057 14.835 1.011 13.746 2.274C12.891 3.246 12.093 4.782 12.093 6.339C12.093 6.573 12.132 6.807 12.15 6.882C12.246 6.9 12.402 6.921 12.558 6.921C13.92 6.921 15.633 6.009 16.623 4.782Z\" fill=\"white\"\/>\n        <\/svg>\n        <div>\n            <span>Disponible en<\/span>\n            Apple Store\n        <\/div>\n    <\/a>\n\n                                                                        <\/div>\n        <\/div>\n    <\/div>\n<\/section>\n","protected":false},"excerpt":{"rendered":"","protected":false},"author":3,"featured_media":0,"parent":0,"menu_order":0,"comment_status":"closed","ping_status":"closed","template":"","meta":[],"yoast_head":"<!-- This site is optimized with the Yoast SEO plugin v20.12 - https:\/\/yoast.com\/wordpress\/plugins\/seo\/ -->\n<title>Parcom\u00e8tre - Aparcar en Tossa<\/title>\n<meta name=\"robots\" content=\"index, follow, max-snippet:-1, max-image-preview:large, max-video-preview:-1\" \/>\n<link rel=\"canonical\" href=\"https:\/\/aparcarentossa.com\/fr\/parcometre\/\" \/>\n<meta property=\"og:locale\" content=\"fr_FR\" \/>\n<meta property=\"og:type\" content=\"article\" \/>\n<meta property=\"og:title\" content=\"Parcom\u00e8tre - Aparcar en Tossa\" \/>\n<meta property=\"og:url\" content=\"https:\/\/aparcarentossa.com\/fr\/parcometre\/\" \/>\n<meta property=\"og:site_name\" content=\"Aparcar en Tossa\" \/>\n<meta property=\"article:modified_time\" content=\"2024-08-01T08:24:28+00:00\" \/>\n<meta name=\"twitter:card\" content=\"summary_large_image\" \/>\n<script type=\"application\/ld+json\" class=\"yoast-schema-graph\">{\"@context\":\"https:\/\/schema.org\",\"@graph\":[{\"@type\":\"WebPage\",\"@id\":\"https:\/\/aparcarentossa.com\/fr\/parcometre\/\",\"url\":\"https:\/\/aparcarentossa.com\/fr\/parcometre\/\",\"name\":\"Parcom\u00e8tre - Aparcar en Tossa\",\"isPartOf\":{\"@id\":\"https:\/\/aparcarentossa.com\/fr\/#website\"},\"datePublished\":\"2024-06-20T06:49:41+00:00\",\"dateModified\":\"2024-08-01T08:24:28+00:00\",\"breadcrumb\":{\"@id\":\"https:\/\/aparcarentossa.com\/fr\/parcometre\/#breadcrumb\"},\"inLanguage\":\"fr-FR\",\"potentialAction\":[{\"@type\":\"ReadAction\",\"target\":[\"https:\/\/aparcarentossa.com\/fr\/parcometre\/\"]}]},{\"@type\":\"BreadcrumbList\",\"@id\":\"https:\/\/aparcarentossa.com\/fr\/parcometre\/#breadcrumb\",\"itemListElement\":[{\"@type\":\"ListItem\",\"position\":1,\"name\":\"Home\",\"item\":\"https:\/\/aparcarentossa.com\/fr\/\"},{\"@type\":\"ListItem\",\"position\":2,\"name\":\"Parcom\u00e8tre\"}]},{\"@type\":\"WebSite\",\"@id\":\"https:\/\/aparcarentossa.com\/fr\/#website\",\"url\":\"https:\/\/aparcarentossa.com\/fr\/\",\"name\":\"Aparcar en Tossa\",\"description\":\"\",\"publisher\":{\"@id\":\"https:\/\/aparcarentossa.com\/fr\/#organization\"},\"potentialAction\":[{\"@type\":\"SearchAction\",\"target\":{\"@type\":\"EntryPoint\",\"urlTemplate\":\"https:\/\/aparcarentossa.com\/fr\/?s={search_term_string}\"},\"query-input\":\"required name=search_term_string\"}],\"inLanguage\":\"fr-FR\"},{\"@type\":\"Organization\",\"@id\":\"https:\/\/aparcarentossa.com\/fr\/#organization\",\"name\":\"Aparcar en Tossa\",\"url\":\"https:\/\/aparcarentossa.com\/fr\/\",\"logo\":{\"@type\":\"ImageObject\",\"inLanguage\":\"fr-FR\",\"@id\":\"https:\/\/aparcarentossa.com\/fr\/#\/schema\/logo\/image\/\",\"url\":\"https:\/\/aparcarentossa.com\/wp-content\/uploads\/sites\/38\/2024\/07\/Logo-Tossa.png\",\"contentUrl\":\"https:\/\/aparcarentossa.com\/wp-content\/uploads\/sites\/38\/2024\/07\/Logo-Tossa.png\",\"width\":160,\"height\":110,\"caption\":\"Aparcar en Tossa\"},\"image\":{\"@id\":\"https:\/\/aparcarentossa.com\/fr\/#\/schema\/logo\/image\/\"}}]}<\/script>\n<!-- \/ Yoast SEO plugin. -->","yoast_head_json":{"title":"Parcom\u00e8tre - Aparcar en Tossa","robots":{"index":"index","follow":"follow","max-snippet":"max-snippet:-1","max-image-preview":"max-image-preview:large","max-video-preview":"max-video-preview:-1"},"canonical":"https:\/\/aparcarentossa.com\/fr\/parcometre\/","og_locale":"fr_FR","og_type":"article","og_title":"Parcom\u00e8tre - Aparcar en Tossa","og_url":"https:\/\/aparcarentossa.com\/fr\/parcometre\/","og_site_name":"Aparcar en Tossa","article_modified_time":"2024-08-01T08:24:28+00:00","twitter_card":"summary_large_image","schema":{"@context":"https:\/\/schema.org","@graph":[{"@type":"WebPage","@id":"https:\/\/aparcarentossa.com\/fr\/parcometre\/","url":"https:\/\/aparcarentossa.com\/fr\/parcometre\/","name":"Parcom\u00e8tre - Aparcar en Tossa","isPartOf":{"@id":"https:\/\/aparcarentossa.com\/fr\/#website"},"datePublished":"2024-06-20T06:49:41+00:00","dateModified":"2024-08-01T08:24:28+00:00","breadcrumb":{"@id":"https:\/\/aparcarentossa.com\/fr\/parcometre\/#breadcrumb"},"inLanguage":"fr-FR","potentialAction":[{"@type":"ReadAction","target":["https:\/\/aparcarentossa.com\/fr\/parcometre\/"]}]},{"@type":"BreadcrumbList","@id":"https:\/\/aparcarentossa.com\/fr\/parcometre\/#breadcrumb","itemListElement":[{"@type":"ListItem","position":1,"name":"Home","item":"https:\/\/aparcarentossa.com\/fr\/"},{"@type":"ListItem","position":2,"name":"Parcom\u00e8tre"}]},{"@type":"WebSite","@id":"https:\/\/aparcarentossa.com\/fr\/#website","url":"https:\/\/aparcarentossa.com\/fr\/","name":"Aparcar en Tossa","description":"","publisher":{"@id":"https:\/\/aparcarentossa.com\/fr\/#organization"},"potentialAction":[{"@type":"SearchAction","target":{"@type":"EntryPoint","urlTemplate":"https:\/\/aparcarentossa.com\/fr\/?s={search_term_string}"},"query-input":"required name=search_term_string"}],"inLanguage":"fr-FR"},{"@type":"Organization","@id":"https:\/\/aparcarentossa.com\/fr\/#organization","name":"Aparcar en Tossa","url":"https:\/\/aparcarentossa.com\/fr\/","logo":{"@type":"ImageObject","inLanguage":"fr-FR","@id":"https:\/\/aparcarentossa.com\/fr\/#\/schema\/logo\/image\/","url":"https:\/\/aparcarentossa.com\/wp-content\/uploads\/sites\/38\/2024\/07\/Logo-Tossa.png","contentUrl":"https:\/\/aparcarentossa.com\/wp-content\/uploads\/sites\/38\/2024\/07\/Logo-Tossa.png","width":160,"height":110,"caption":"Aparcar en Tossa"},"image":{"@id":"https:\/\/aparcarentossa.com\/fr\/#\/schema\/logo\/image\/"}}]}},"meta_box":[],"_links":{"self":[{"href":"https:\/\/aparcarentossa.com\/fr\/wp-json\/wp\/v2\/pages\/450"}],"collection":[{"href":"https:\/\/aparcarentossa.com\/fr\/wp-json\/wp\/v2\/pages"}],"about":[{"href":"https:\/\/aparcarentossa.com\/fr\/wp-json\/wp\/v2\/types\/page"}],"author":[{"embeddable":true,"href":"https:\/\/aparcarentossa.com\/fr\/wp-json\/wp\/v2\/users\/3"}],"replies":[{"embeddable":true,"href":"https:\/\/aparcarentossa.com\/fr\/wp-json\/wp\/v2\/comments?post=450"}],"version-history":[{"count":3,"href":"https:\/\/aparcarentossa.com\/fr\/wp-json\/wp\/v2\/pages\/450\/revisions"}],"predecessor-version":[{"id":1206,"href":"https:\/\/aparcarentossa.com\/fr\/wp-json\/wp\/v2\/pages\/450\/revisions\/1206"}],"wp:attachment":[{"href":"https:\/\/aparcarentossa.com\/fr\/wp-json\/wp\/v2\/media?parent=450"}],"curies":[{"name":"wp","href":"https:\/\/api.w.org\/{rel}","templated":true}]}}