{"id":449,"date":"2024-06-20T08:48:05","date_gmt":"2024-06-20T06:48:05","guid":{"rendered":"https:\/\/aparcarentossa.ora.cmspro.telpark.com\/accueil\/"},"modified":"2024-07-23T11:07:13","modified_gmt":"2024-07-23T09:07:13","slug":"accueil","status":"publish","type":"page","link":"https:\/\/aparcarentossa.com\/fr\/","title":{"rendered":"Accueil"},"content":{"rendered":"\n<section class=\"tpk-hero tpk-hero--products                lower\"\n         style=\"\">\n                        <picture >\n\n                    <source srcset=\"https:\/\/aparcarentossa.com\/wp-content\/uploads\/sites\/38\/2024\/07\/WhatsApp-Image-2024-07-18-at-11.42.33-2-480x640.jpeg\" media=\"((min-width: 0rem) and (max-width: 30rem))\">\n                             <source srcset=\"https:\/\/aparcarentossa.com\/wp-content\/uploads\/sites\/38\/2024\/07\/WhatsApp-Image-2024-07-18-at-11.42.33-2-1024x500.jpeg\" media=\"(min-width: 30rem) and (max-width: 64rem)\" >\n                            <source srcset=\"https:\/\/aparcarentossa.com\/wp-content\/uploads\/sites\/38\/2024\/07\/WhatsApp-Image-2024-07-18-at-11.42.33-2-1600x640.jpeg\" media=\"(min-width: 64rem)\" >\n        \n        \n                                                                                                        \n        <img src=\"https:\/\/aparcarentossa.com\/wp-content\/uploads\/sites\/38\/2024\/07\/WhatsApp-Image-2024-07-18-at-11.42.33-2-1600x640.jpeg\" alt=\"\"  width=\"1600\" height=\"640\"  loading=\"eager\">\n    <\/picture>\n\n    \n        <div class=\"tpk-hero__content wrapper row\">\n                    <div class=\"col-xs-12 col-sm-12 pr-h pl-h\">\n                                <header class=\"tpk-head  wrapper\">\n    <p class=\"tpk-head__caption\">ORA<\/p>    <h1 class=\"tpk-head__title\">Ne faites plus de tours pour laisser votre voiture \u00e0 Tossa del Mar<\/h1>    <p>Le stationnement r\u00e9glement\u00e9 sur la voie publique de Tossa del Mar est une solution de mobilit\u00e9 urbaine, dont le but est de faciliter une meilleure circulation des v\u00e9hicules et de partager les places de stationnement disponibles, entre le plus grand nombre de voisins et de visiteurs possible.<\/p>\n<\/header>\n            \n                    <\/div>\n    <\/div>\n            <div class=\"tpk-hero__cards row wrapper\">\n                                                                                        <div class=\"col-xs-12 col-sm-12 col-md-4 mb-1 pl-h pr-h\">\n                                                                    <\/div>\n                    <\/div>\n    <\/section>\n<div class=\"tpk-spinner__wrapper\">\n    <div class=\"tpk-spinner\"><\/div>\n<\/div>\n\n<section class=\"tpk-benefits \" >\n    <div class=\"wrapper row center-xs\">\n        <div class=\"col-xs-12 col-sm-10 col-md-8\">\n                <header class=\"tpk-head  wrapper\">\n        <h2 class=\"tpk-head__title\">Contactez-Nous<\/h2>    <\/header>        <\/div>\n    <\/div>\n    <div class=\"tpk-benefits__list row wrapper\">\n                    <div class=\"col-xs-12 col-sm-6 col-md-3\">\n                                <div class=\"tpk-benefit\">\n    <div class=\"tpk-benefit__icon\">\n        <span class=\"icon icon-mail icon--lg\">\n        <\/span>\n    <\/div>\n\n    <div class=\"tpk-benefit__content\">\n        <h3 class=\"tpk-benefit__title\">Email<\/h3>\n        <p>aparcarentossa@telpark.com<\/p>\n\n    <\/div>\n<\/div>            <\/div>\n                    <div class=\"col-xs-12 col-sm-6 col-md-3\">\n                                <div class=\"tpk-benefit\">\n    <div class=\"tpk-benefit__icon\">\n        <span class=\"icon icon-phone icon--lg\">\n        <\/span>\n    <\/div>\n\n    <div class=\"tpk-benefit__content\">\n        <h3 class=\"tpk-benefit__title\">T\u00e9l\u00e9phone<\/h3>\n        <p>+34 972 34 12 73<\/p>\n\n    <\/div>\n<\/div>            <\/div>\n                    <div class=\"col-xs-12 col-sm-6 col-md-3\">\n                                <div class=\"tpk-benefit\">\n    <div class=\"tpk-benefit__icon\">\n        <span class=\"icon icon-info icon--lg\">\n        <\/span>\n    <\/div>\n\n    <div class=\"tpk-benefit__content\">\n        <h3 class=\"tpk-benefit__title\">Bureau de Service Client<\/h3>\n        <p>Parking Platja Gran. Avenida de la Palma 1 - 17320 Tossa de Mar (Gerona)<\/p>\n\n    <\/div>\n<\/div>            <\/div>\n            <\/div>\n<\/section>\n\n<article class=\"tpk-page\">\n    <div class=\"row wrapper center-xs tpk-page__content\">\n        <div class=\"col-xs-12 col-sm-10 col-md-8 pt-4 pb-4\">\n            <h2>Parking r\u00e9glement\u00e9 \u00e0 Tossa del Mar (ORA)<\/h2>\n<blockquote>\n<p>Le service de stationnement r\u00e9glement\u00e9 sur la voie publique de Tossa de Mar fait partie int\u00e9grante des services municipaux qui contribuent \u00e0 am\u00e9liorer la mobilit\u00e9 de la ville. \u00c0 Tossa de Mar, il existe de nouvelles solutions de mobilit\u00e9 urbaine pour tous, avec une plus grande pr\u00e9sence num\u00e9rique gr\u00e2ce \u00e0 l'application Telpark qui permet de payer dans la rue et dans les parkings de Tossa, un parking en surface vid\u00e9o surveill\u00e9e, de nouvelles places exclusives pour les r\u00e9sidents de la municipalit\u00e9, un parking pour autocars de l'Avenida Catalu\u00f1a et l'implantation de points de charge \u00e9lectrique dans toute la municipalit\u00e9.<\/p>\n<\/blockquote>\n\n        <\/div>\n    <\/div>\n<\/article>\n\n\n<section\n        class=\"tpk-banner-cta tpk-banner-cta--background   \"\n        style=\"\">\n    <div class=\"tpk-banner-cta__content row wrapper middle-xs \">\n                <div class=\"col-xs-12 col-sm-6 tpk-banner-cta__content__picture\">\n                                                        <picture >\n\n                    <source srcset=\"https:\/\/aparcarentossa.com\/wp-content\/uploads\/sites\/38\/2024\/07\/Horarios-y-tarifas-Tossa-375x500.png\" media=\"((min-width: 0rem) and (max-width: 30rem))\">\n                             <source srcset=\"https:\/\/aparcarentossa.com\/wp-content\/uploads\/sites\/38\/2024\/07\/Horarios-y-tarifas-Tossa-520x520.png\" media=\"(min-width: 30rem) and (max-width: 64rem)\" >\n                            <source srcset=\"https:\/\/aparcarentossa.com\/wp-content\/uploads\/sites\/38\/2024\/07\/Horarios-y-tarifas-Tossa-700x814.png\" media=\"(min-width: 64rem)\" >\n        \n        \n                                                                                                        \n        <img src=\"https:\/\/aparcarentossa.com\/wp-content\/uploads\/sites\/38\/2024\/07\/Horarios-y-tarifas-Tossa-700x814.png\" alt=\"\"  width=\"700\" height=\"814\"  loading=\"lazy\" >\n    <\/picture>\n\n        <\/div>\n        <div class=\"col-xs-12 col-sm-6 tpk-banner-cta__content__text  align-left \">\n                                                        <header class=\"tpk-head  wrapper\">\n    <p class=\"tpk-head__caption\">Consultation<\/p>    <h2 class=\"tpk-head__title\">Horaires et tarifs<\/h2>    <\/header>                                    <div class=\"tpk-banner-cta__buttons\">\n                                                                                <a  class=\"tpk-button tpk-button--primary tpk-button--lg \" href=\"https:\/\/aparcarentossa.com\/fr\/horarios-y-tarifas\/\"    >\n    <span>Voir les informations<\/span>\n    <\/a>                                            <\/div>\n                            <\/div>\n        <\/div>\n<\/section>","protected":false},"excerpt":{"rendered":"","protected":false},"author":3,"featured_media":0,"parent":0,"menu_order":0,"comment_status":"closed","ping_status":"closed","template":"","meta":[],"yoast_head":"<!-- This site is optimized with the Yoast SEO plugin v20.12 - https:\/\/yoast.com\/wordpress\/plugins\/seo\/ -->\n<title>Accueil - Aparcar en Tossa<\/title>\n<meta name=\"robots\" content=\"index, follow, max-snippet:-1, max-image-preview:large, max-video-preview:-1\" \/>\n<link rel=\"canonical\" href=\"https:\/\/aparcarentossa.com\/fr\/\" \/>\n<meta property=\"og:locale\" content=\"fr_FR\" \/>\n<meta property=\"og:type\" content=\"article\" \/>\n<meta property=\"og:title\" content=\"Accueil - Aparcar en Tossa\" \/>\n<meta property=\"og:url\" content=\"https:\/\/aparcarentossa.com\/fr\/\" \/>\n<meta property=\"og:site_name\" content=\"Aparcar en Tossa\" \/>\n<meta property=\"article:modified_time\" content=\"2024-07-23T09:07:13+00:00\" \/>\n<meta name=\"twitter:card\" content=\"summary_large_image\" \/>\n<script type=\"application\/ld+json\" class=\"yoast-schema-graph\">{\"@context\":\"https:\/\/schema.org\",\"@graph\":[{\"@type\":\"WebPage\",\"@id\":\"https:\/\/aparcarentossa.com\/fr\/\",\"url\":\"https:\/\/aparcarentossa.com\/fr\/\",\"name\":\"Accueil - Aparcar en Tossa\",\"isPartOf\":{\"@id\":\"https:\/\/aparcarentossa.com\/fr\/#website\"},\"datePublished\":\"2024-06-20T06:48:05+00:00\",\"dateModified\":\"2024-07-23T09:07:13+00:00\",\"breadcrumb\":{\"@id\":\"https:\/\/aparcarentossa.com\/fr\/#breadcrumb\"},\"inLanguage\":\"fr-FR\",\"potentialAction\":[{\"@type\":\"ReadAction\",\"target\":[\"https:\/\/aparcarentossa.com\/fr\/\"]}]},{\"@type\":\"BreadcrumbList\",\"@id\":\"https:\/\/aparcarentossa.com\/fr\/#breadcrumb\",\"itemListElement\":[{\"@type\":\"ListItem\",\"position\":1,\"name\":\"Home\",\"item\":\"https:\/\/aparcarentossa.com\/fr\/\"},{\"@type\":\"ListItem\",\"position\":2,\"name\":\"Accueil\"}]},{\"@type\":\"WebSite\",\"@id\":\"https:\/\/aparcarentossa.com\/fr\/#website\",\"url\":\"https:\/\/aparcarentossa.com\/fr\/\",\"name\":\"Aparcar en Tossa\",\"description\":\"\",\"publisher\":{\"@id\":\"https:\/\/aparcarentossa.com\/fr\/#organization\"},\"potentialAction\":[{\"@type\":\"SearchAction\",\"target\":{\"@type\":\"EntryPoint\",\"urlTemplate\":\"https:\/\/aparcarentossa.com\/fr\/?s={search_term_string}\"},\"query-input\":\"required name=search_term_string\"}],\"inLanguage\":\"fr-FR\"},{\"@type\":\"Organization\",\"@id\":\"https:\/\/aparcarentossa.com\/fr\/#organization\",\"name\":\"Aparcar en Tossa\",\"url\":\"https:\/\/aparcarentossa.com\/fr\/\",\"logo\":{\"@type\":\"ImageObject\",\"inLanguage\":\"fr-FR\",\"@id\":\"https:\/\/aparcarentossa.com\/fr\/#\/schema\/logo\/image\/\",\"url\":\"https:\/\/aparcarentossa.com\/wp-content\/uploads\/sites\/38\/2024\/07\/Logo-Tossa.png\",\"contentUrl\":\"https:\/\/aparcarentossa.com\/wp-content\/uploads\/sites\/38\/2024\/07\/Logo-Tossa.png\",\"width\":160,\"height\":110,\"caption\":\"Aparcar en Tossa\"},\"image\":{\"@id\":\"https:\/\/aparcarentossa.com\/fr\/#\/schema\/logo\/image\/\"}}]}<\/script>\n<!-- \/ Yoast SEO plugin. -->","yoast_head_json":{"title":"Accueil - Aparcar en Tossa","robots":{"index":"index","follow":"follow","max-snippet":"max-snippet:-1","max-image-preview":"max-image-preview:large","max-video-preview":"max-video-preview:-1"},"canonical":"https:\/\/aparcarentossa.com\/fr\/","og_locale":"fr_FR","og_type":"article","og_title":"Accueil - Aparcar en Tossa","og_url":"https:\/\/aparcarentossa.com\/fr\/","og_site_name":"Aparcar en Tossa","article_modified_time":"2024-07-23T09:07:13+00:00","twitter_card":"summary_large_image","schema":{"@context":"https:\/\/schema.org","@graph":[{"@type":"WebPage","@id":"https:\/\/aparcarentossa.com\/fr\/","url":"https:\/\/aparcarentossa.com\/fr\/","name":"Accueil - Aparcar en Tossa","isPartOf":{"@id":"https:\/\/aparcarentossa.com\/fr\/#website"},"datePublished":"2024-06-20T06:48:05+00:00","dateModified":"2024-07-23T09:07:13+00:00","breadcrumb":{"@id":"https:\/\/aparcarentossa.com\/fr\/#breadcrumb"},"inLanguage":"fr-FR","potentialAction":[{"@type":"ReadAction","target":["https:\/\/aparcarentossa.com\/fr\/"]}]},{"@type":"BreadcrumbList","@id":"https:\/\/aparcarentossa.com\/fr\/#breadcrumb","itemListElement":[{"@type":"ListItem","position":1,"name":"Home","item":"https:\/\/aparcarentossa.com\/fr\/"},{"@type":"ListItem","position":2,"name":"Accueil"}]},{"@type":"WebSite","@id":"https:\/\/aparcarentossa.com\/fr\/#website","url":"https:\/\/aparcarentossa.com\/fr\/","name":"Aparcar en Tossa","description":"","publisher":{"@id":"https:\/\/aparcarentossa.com\/fr\/#organization"},"potentialAction":[{"@type":"SearchAction","target":{"@type":"EntryPoint","urlTemplate":"https:\/\/aparcarentossa.com\/fr\/?s={search_term_string}"},"query-input":"required name=search_term_string"}],"inLanguage":"fr-FR"},{"@type":"Organization","@id":"https:\/\/aparcarentossa.com\/fr\/#organization","name":"Aparcar en Tossa","url":"https:\/\/aparcarentossa.com\/fr\/","logo":{"@type":"ImageObject","inLanguage":"fr-FR","@id":"https:\/\/aparcarentossa.com\/fr\/#\/schema\/logo\/image\/","url":"https:\/\/aparcarentossa.com\/wp-content\/uploads\/sites\/38\/2024\/07\/Logo-Tossa.png","contentUrl":"https:\/\/aparcarentossa.com\/wp-content\/uploads\/sites\/38\/2024\/07\/Logo-Tossa.png","width":160,"height":110,"caption":"Aparcar en Tossa"},"image":{"@id":"https:\/\/aparcarentossa.com\/fr\/#\/schema\/logo\/image\/"}}]}},"meta_box":[],"_links":{"self":[{"href":"https:\/\/aparcarentossa.com\/fr\/wp-json\/wp\/v2\/pages\/449"}],"collection":[{"href":"https:\/\/aparcarentossa.com\/fr\/wp-json\/wp\/v2\/pages"}],"about":[{"href":"https:\/\/aparcarentossa.com\/fr\/wp-json\/wp\/v2\/types\/page"}],"author":[{"embeddable":true,"href":"https:\/\/aparcarentossa.com\/fr\/wp-json\/wp\/v2\/users\/3"}],"replies":[{"embeddable":true,"href":"https:\/\/aparcarentossa.com\/fr\/wp-json\/wp\/v2\/comments?post=449"}],"version-history":[{"count":3,"href":"https:\/\/aparcarentossa.com\/fr\/wp-json\/wp\/v2\/pages\/449\/revisions"}],"predecessor-version":[{"id":1193,"href":"https:\/\/aparcarentossa.com\/fr\/wp-json\/wp\/v2\/pages\/449\/revisions\/1193"}],"wp:attachment":[{"href":"https:\/\/aparcarentossa.com\/fr\/wp-json\/wp\/v2\/media?parent=449"}],"curies":[{"name":"wp","href":"https:\/\/api.w.org\/{rel}","templated":true}]}}