{"id":436,"date":"2024-06-20T08:37:45","date_gmt":"2024-06-20T06:37:45","guid":{"rendered":"https:\/\/aparcarentossa.ora.cmspro.telpark.com\/horaires-et-tarifs\/"},"modified":"2024-07-23T10:51:17","modified_gmt":"2024-07-23T08:51:17","slug":"horaires-et-tarifs","status":"publish","type":"page","link":"https:\/\/aparcarentossa.com\/fr\/horaires-et-tarifs\/","title":{"rendered":"Horaires et tarifs"},"content":{"rendered":"\n<section class=\"tpk-hero tpk-hero--products                lower\"\n         style=\"\">\n                        <picture >\n\n                    <source srcset=\"https:\/\/aparcarentossa.com\/wp-content\/uploads\/sites\/38\/2024\/06\/Barakaldo-Schedule-and-Rates-480x300.webp\" media=\"((min-width: 0rem) and (max-width: 30rem))\">\n                             <source srcset=\"https:\/\/aparcarentossa.com\/wp-content\/uploads\/sites\/38\/2024\/06\/Barakaldo-Schedule-and-Rates-1024x300.webp\" media=\"(min-width: 30rem) and (max-width: 64rem)\" >\n                            <source srcset=\"https:\/\/aparcarentossa.com\/wp-content\/uploads\/sites\/38\/2024\/06\/Barakaldo-Schedule-and-Rates.webp\" media=\"(min-width: 64rem)\" >\n        \n        \n                                                                                                        \n        <img src=\"https:\/\/aparcarentossa.com\/wp-content\/uploads\/sites\/38\/2024\/06\/Barakaldo-Schedule-and-Rates.webp\" alt=\"\"  width=\"1140\" height=\"300\"  loading=\"eager\">\n    <\/picture>\n\n    \n        <div class=\"tpk-hero__content wrapper row\">\n                    <div class=\"col-xs-12 col-sm-12 pr-h pl-h\">\n                                <header class=\"tpk-head  wrapper\">\n        <h1 class=\"tpk-head__title\">Horaires et tarifs<\/h1>    <\/header>\n            \n                    <\/div>\n    <\/div>\n            <div class=\"tpk-hero__cards row wrapper\">\n                                                                                        <div class=\"col-xs-12 col-sm-12 col-md-4 mb-1 pl-h pr-h\">\n                                                                    <\/div>\n                    <\/div>\n    <\/section>\n<div class=\"tpk-spinner__wrapper\">\n    <div class=\"tpk-spinner\"><\/div>\n<\/div>\n\n<article class=\"tpk-page\">\n    <div class=\"row wrapper center-xs tpk-page__content\">\n        <div class=\"col-xs-12 col-sm-10 col-md-8 pt-4 pb-4\">\n            <div>\n<h1 data-heading=\"Tarifs\" dir=\"auto\">Tarifs<\/h1>\n<h3 data-heading=\"Zone bleue\" dir=\"auto\">Zone bleue<\/h3>\n<p dir=\"auto\"><strong>Pelegr\u00ed<\/strong><\/p>\n<table>\n<thead>\n<tr>\n<th>Temps<\/th>\n<th>Prix<\/th>\n<\/tr>\n<\/thead>\n<tbody>\n<tr>\n<td>Minimum 30 min<\/td>\n<td>0,75\u20ac<\/td>\n<\/tr>\n<tr>\n<td>60 min<\/td>\n<td>1,50\u20ac<\/td>\n<\/tr>\n<tr>\n<td>120 min<\/td>\n<td>3\u20ac<\/td>\n<\/tr>\n<tr>\n<td>180 min<\/td>\n<td>4,50\u20ac<\/td>\n<\/tr>\n<tr>\n<td>Maximum 240 min<\/td>\n<td>6\u20ac<\/td>\n<\/tr>\n<tr>\n<td>Ticket journ\u00e9e<\/td>\n<td>9\u20ac<\/td>\n<\/tr>\n<\/tbody>\n<\/table>\n<p dir=\"auto\"> <strong>Poble<\/strong><\/p>\n<table>\n<thead>\n<tr>\n<th>Temps<\/th>\n<th>Prix<\/th>\n<\/tr>\n<\/thead>\n<tbody>\n<tr>\n<td>Minimum 15 min<\/td>\n<td>0,50\u20ac<\/td>\n<\/tr>\n<tr>\n<td>30 min<\/td>\n<td>0,90\u20ac<\/td>\n<\/tr>\n<tr>\n<td>60 min<\/td>\n<td>1,80\u20ac<\/td>\n<\/tr>\n<tr>\n<td>120 min<\/td>\n<td>2,70\u20ac<\/td>\n<\/tr>\n<tr>\n<td>180 min<\/td>\n<td>3,70\u20ac<\/td>\n<\/tr>\n<tr>\n<td>Maximum de 240 minutes<\/td>\n<td>5,50 \u20ac<\/td>\n<\/tr>\n<\/tbody>\n<\/table>\n<p dir=\"auto\"><strong>Mar Menuda<\/strong><\/p>\n<table>\n<thead>\n<tr>\n<th>Temps<\/th>\n<th>Prix<\/th>\n<\/tr>\n<\/thead>\n<tbody>\n<tr>\n<td>M\u00ednimum de15 minutes<\/td>\n<td>0,90 \u20ac<\/td>\n<\/tr>\n<tr>\n<td>30 minutes<\/td>\n<td>1,80 \u20ac<\/td>\n<\/tr>\n<tr>\n<td>60 minutes<\/td>\n<td>3,65 \u20ac<\/td>\n<\/tr>\n<tr>\n<td>90 minutes<\/td>\n<td>5,45\u20ac<\/td>\n<\/tr>\n<tr>\n<td>120 minutes<\/td>\n<td>7,35 \u20ac<\/td>\n<\/tr>\n<tr>\n<td>M\u00e1ximo de180 minutos<\/td>\n<td>11 \u20ac<\/td>\n<\/tr>\n<tr>\n<td>Ticket journ\u00e9e<\/td>\n<td>18 \u20ac<\/td>\n<\/tr>\n<\/tbody>\n<\/table>\n<p dir=\"auto\"><strong>Porta Sant Feliu \/ Ses Canyes<\/strong><\/p>\n<table>\n<thead>\n<tr>\n<th>Temps<\/th>\n<th>Prix<\/th>\n<\/tr>\n<\/thead>\n<tbody>\n<tr>\n<td>Minimum de 30 min<\/td>\n<td>0,45\u20ac<\/td>\n<\/tr>\n<tr>\n<td>60 min<\/td>\n<td>0,85\u20ac<\/td>\n<\/tr>\n<tr>\n<td>120 min<\/td>\n<td>1,70\u20ac<\/td>\n<\/tr>\n<tr>\n<td>180 min<\/td>\n<td>2,55\u20ac<\/td>\n<\/tr>\n<tr>\n<td>240 min<\/td>\n<td>3,35\u20ac<\/td>\n<\/tr>\n<tr>\n<td>Maximum de 300 min<\/td>\n<td>4,20\u20ac<\/td>\n<\/tr>\n<tr>\n<td>Ticket journ\u00e9e<\/td>\n<td>9,60\u20ac<\/td>\n<\/tr>\n<\/tbody>\n<\/table>\n<p dir=\"auto\">Camping-cars 9,60\u20ac<\/p>\n<p dir=\"auto\"><strong>Autobus<\/strong><\/p>\n<ul dir=\"auto\">\n<li dir=\"auto\">Ticket journ\u00e9e 9\u20ac <\/li>\n<li dir=\"auto\">T\u00e9l\u00e9chargement pr\u00e9alable obligatoire 50\u20ac.<\/li>\n<\/ul>\n<h3 data-heading=\"Zone verte\" dir=\"auto\">Zone verte<\/h3>\n<p dir=\"auto\">R\u00e9sident inscrit et \u00e0 jour du paiement de la taxe sur la circulation \u00e0 Tossa de Mar, stationnement gratuit jusqu'\u00e0 un maximum de72 heures au m\u00eame endroit.<\/p>\n<p dir=\"auto\"><strong>Non-r\u00e9sidents<\/strong><\/p>\n<table>\n<thead>\n<tr>\n<th>Temps<\/th>\n<th>Prix<\/th>\n<\/tr>\n<\/thead>\n<tbody>\n<tr>\n<td>Minimum de 15 min<\/td>\n<td>0,90\u20ac<\/td>\n<\/tr>\n<tr>\n<td>30 min<\/td>\n<td>1,80\u20ac<\/td>\n<\/tr>\n<tr>\n<td>60 min<\/td>\n<td>3,65\u20ac<\/td>\n<\/tr>\n<tr>\n<td>90 min<\/td>\n<td>5,45\u20ac<\/td>\n<\/tr>\n<tr>\n<td>Maximum de 120 min<\/td>\n<td>7,35\u20ac<\/td>\n<\/tr>\n<\/tbody>\n<\/table>\n<h3 data-heading=\"Zone rouge\" dir=\"auto\">Zone rouge<\/h3>\n<p dir=\"auto\">90 minutes gratuites toutes les6 heures<\/p>\n<hr dir=\"auto\">\n<h1 data-heading=\"Annulation d'une amende\" dir=\"auto\">Annulation d'une amende<\/h1>\n<p dir=\"auto\">Les annulations d'amendes peuvent \u00eatre effectu\u00e9es jusqu'\u00e0120minutes apr\u00e8s son imposition.<\/p>\n<ul dir=\"auto\">\n<li dir=\"auto\">Exc\u00e8s de temps autoris\u00e9 15\u20ac<\/li>\n<li dir=\"auto\">Sans ticket ou non visible ou en dehors des marques 20\u20ac<\/li>\n<\/ul>\n<hr dir=\"auto\">\n<h1 data-heading=\"Horaires\" dir=\"auto\">Horaires<\/h1>\n<h3 data-heading=\"Zone bleue\" dir=\"auto\">Zone bleue<\/h3>\n<table>\n<thead>\n<tr>\n<th><\/th>\n<th>Zones Pelegr\u00ed et buses<\/th>\n<th>Reste des zones<\/th>\n<\/tr>\n<\/thead>\n<tbody>\n<tr>\n<td>Dates<\/td>\n<td>du 01\/01 au 31\/12<\/td>\n<td>du 01\/06 au 15\/10<\/td>\n<\/tr>\n<tr>\n<td>Horaires<\/td>\n<td>10h \u00e0 21h<\/td>\n<td>10h \u00e0 21h<\/td>\n<\/tr>\n<\/tbody>\n<\/table>\n<h3 data-heading=\"Zone verte\" dir=\"auto\">Zone verte<\/h3>\n<table>\n<thead>\n<tr>\n<th><\/th>\n<th>Reste des zones<\/th>\n<\/tr>\n<\/thead>\n<tbody>\n<tr>\n<td>Dates<\/td>\n<td>du 01\/06 au 15\/10<\/td>\n<\/tr>\n<tr>\n<td>Horaires<\/td>\n<td>10h \u00e0 21h<\/td>\n<\/tr>\n<\/tbody>\n<\/table>\n<h3 data-heading=\"Zone rouge\" dir=\"auto\">Zone rouge<\/h3>\n<table>\n<thead>\n<tr>\n<th><\/th>\n<th>Reste des zones<\/th>\n<\/tr>\n<\/thead>\n<tbody>\n<tr>\n<td>Dates<\/td>\n<td>du 01\/01 au 31\/12<\/td>\n<\/tr>\n<tr>\n<td>Horaires<\/td>\n<td>10h \u00e0 21h<\/td>\n<\/tr>\n<\/tbody>\n<\/table>\n<\/div>\n\n        <\/div>\n    <\/div>\n<\/article>\n\n\n<section\n        class=\"tpk-banner-cta tpk-banner-cta--background   \"\n        style=\" --bg-picture: url('https:\/\/aparcarentossa.com\/wp-content\/uploads\/sites\/38\/2024\/06\/banner.webp'); \">\n    <div class=\"tpk-banner-cta__content row wrapper middle-xs \">\n                                <div class=\"col-xs-12 col-md-6 tpk-banner-cta__content__text  \">\n                                                <header class=\"tpk-head  wrapper\">\n    <p class=\"tpk-head__caption\">V\u00e9rifier les zones de stationnement r\u00e9glement\u00e9es<\/p>    <h2 class=\"tpk-head__title\">Carte g\u00e9n\u00e9rale de Tossa de Mar<\/h2>    <\/header>                                    <div class=\"tpk-banner-cta__buttons\">\n                                                                                <a  class=\"tpk-button tpk-button--primary tpk-button--lg \" href=\"https:\/\/aparcarentossa.com\/fr\/planos\/\"    target=\"_blank\" >\n    <span>Voir <\/span>\n    <\/a>                                            <\/div>\n                            <\/div>\n        <\/div>\n<\/section>\n\n\n<section\n        class=\"tpk-banner-cta tpk-banner-cta--background   \"\n        style=\"\">\n    <div class=\"tpk-banner-cta__content row wrapper middle-xs \">\n                <div class=\"col-xs-12 col-sm-6 tpk-banner-cta__content__picture\">\n                                                        <picture >\n\n                    <source srcset=\"https:\/\/aparcarentossa.com\/wp-content\/uploads\/sites\/38\/2024\/07\/Horarios-y-tarifas-Tossa-375x500.png\" media=\"((min-width: 0rem) and (max-width: 30rem))\">\n                             <source srcset=\"https:\/\/aparcarentossa.com\/wp-content\/uploads\/sites\/38\/2024\/07\/Horarios-y-tarifas-Tossa-520x520.png\" media=\"(min-width: 30rem) and (max-width: 64rem)\" >\n                            <source srcset=\"https:\/\/aparcarentossa.com\/wp-content\/uploads\/sites\/38\/2024\/07\/Horarios-y-tarifas-Tossa-700x814.png\" media=\"(min-width: 64rem)\" >\n        \n        \n                                                                                                        \n        <img src=\"https:\/\/aparcarentossa.com\/wp-content\/uploads\/sites\/38\/2024\/07\/Horarios-y-tarifas-Tossa-700x814.png\" alt=\"\"  width=\"700\" height=\"814\"  loading=\"lazy\" >\n    <\/picture>\n\n        <\/div>\n        <div class=\"col-xs-12 col-sm-6 tpk-banner-cta__content__text  align-left \">\n                                                        <header class=\"tpk-head  wrapper\">\n    <p class=\"tpk-head__caption\">Consultation<\/p>    <h2 class=\"tpk-head__title\">Horaires et tarifs<\/h2>    <\/header>                                    <div class=\"tpk-banner-cta__buttons\">\n                                                                                <a  class=\"tpk-button tpk-button--primary tpk-button--lg \" href=\"https:\/\/aparcarentossa.com\/fr\/horarios-y-tarifas\/\"    >\n    <span>Voir les informations<\/span>\n    <\/a>                                            <\/div>\n                            <\/div>\n        <\/div>\n<\/section>\n\n<article class=\"tpk-page\">\n    <div class=\"row wrapper center-xs tpk-page__content\">\n        <div class=\"col-xs-12 col-sm-10 col-md-8 pt-4 pb-4\">\n            <h2>Questions fr\u00e9quemment pos\u00e9es<\/h2>\n<blockquote>\n<p>Si vous avez des questions, n'h\u00e9sitez pas \u00e0 consulter notre F.A.Q. (FAQ) o\u00f9 vous trouverez les questions pos\u00e9es par la plupart des utilisateurs.<\/p>\n<p><a href=\"https:\/\/aparcarentossa.ora.cmspro.telpark.com\/fr\/faqs\/\">VOIR LES QUESTIONS FR\u00c9QUEMMENT POS\u00c9ES<\/a><\/p>\n<\/blockquote>\n\n        <\/div>\n    <\/div>\n<\/article>\n\n\n<section class=\"tpk-banner-app \">\n    <div class=\"row wrapper middle-xs\">\n        <div class=\"col-xs-12 col-sm-6 col-no-gutter tpk-banner-app__picture\">\n                                                <picture class=\"hide-xs show-sm\">\n\n                             <source srcset=\"https:\/\/aparcarentossa.com\/wp-content\/uploads\/sites\/38\/2024\/06\/Web_bloqueORA_Mesa-de-trabajo-1-488x534.webp\" media=\"(min-width: 30rem) and (max-width: 64rem)\" >\n                            <source srcset=\"https:\/\/aparcarentossa.com\/wp-content\/uploads\/sites\/38\/2024\/06\/Web_bloqueORA_Mesa-de-trabajo-1.webp\" media=\"(min-width: 64rem)\" >\n        \n        \n                                                                                                        \n        <img src=\"https:\/\/aparcarentossa.com\/wp-content\/uploads\/sites\/38\/2024\/06\/Web_bloqueORA_Mesa-de-trabajo-1.webp\" alt=\"\"  width=\"600\" height=\"600\"  loading=\"lazy\" >\n    <\/picture>\n\n                                <\/div>\n        <div class=\"col-xs-12 col-sm-6 tpk-banner-app__content\">\n                        <header class=\"tpk-head  wrapper\">\n    <p class=\"tpk-head__caption\">Se garer et continuer<\/p>    <h2 class=\"tpk-head__title\">Scannez le code avec votre mobile pour t\u00e9l\u00e9charger l'application<\/h2>    <\/header>\n                        <div class=\"tpk-banner-app__buttons\">\n                                                                                                                    \n    <a href=\"https:\/\/play.google.com\/store\/apps\/details?id=com.delaware.empark\" class=\"tpk-button tpk-button--app dark\" target=\"_blank\">\n        <svg width=\"23\" height=\"26\" viewBox=\"0 0 23 26\" fill=\"none\" xmlns=\"http:\/\/www.w3.org\/2000\/svg\">\n            <path fill-rule=\"evenodd\" clip-rule=\"evenodd\" d=\"M0.862422 0.87988C0.581172 1.18175 0.419922 1.64675 0.419922 2.25113V23.7411C0.419922 24.3455 0.581172 24.8105 0.873047 25.1018L0.949297 25.1661L12.9905 13.1249V12.8543L0.938672 0.815505L0.862422 0.87988Z\" fill=\"url(#paint0_linear_9_9)\"\/>\n            <path fill-rule=\"evenodd\" clip-rule=\"evenodd\" d=\"M16.9962 17.1543L12.98 13.1368V12.8556L16.9975 8.83807L17.0843 8.89182L21.8362 11.5924C23.1968 12.3593 23.1968 13.6231 21.8362 14.4006L17.0843 17.1012L16.9962 17.1543Z\" fill=\"url(#paint1_linear_9_9)\"\/>\n            <path fill-rule=\"evenodd\" clip-rule=\"evenodd\" d=\"M17.083 17.1005L12.9799 12.9961L0.862371 25.1136C1.30487 25.5892 2.04987 25.643 2.88237 25.178L17.083 17.1005Z\" fill=\"url(#paint2_linear_9_9)\"\/>\n            <path fill-rule=\"evenodd\" clip-rule=\"evenodd\" d=\"M17.083 8.89304L2.88237 0.82616C2.05112 0.350535 1.30487 0.41491 0.862371 0.890535L12.9786 12.9962L17.083 8.89304Z\" fill=\"url(#paint3_linear_9_9)\"\/>\n            <defs>\n            <linearGradient id=\"paint0_linear_9_9\" x1=\"35.6607\" y1=\"-6.74995\" x2=\"-5.23028\" y2=\"12.2052\" gradientUnits=\"userSpaceOnUse\">\n            <stop stop-color=\"#047ED6\"\/>\n            <stop offset=\"1\" stop-color=\"#50E6FF\"\/>\n            <\/linearGradient>\n            <linearGradient id=\"paint1_linear_9_9\" x1=\"24.5643\" y1=\"12.9971\" x2=\"-6.03917\" y2=\"12.9971\" gradientUnits=\"userSpaceOnUse\">\n            <stop stop-color=\"#FFDA1C\"\/>\n            <stop offset=\"1\" stop-color=\"#FEB705\"\/>\n            <\/linearGradient>\n            <linearGradient id=\"paint2_linear_9_9\" x1=\"19.7657\" y1=\"4.95934\" x2=\"-15.0772\" y2=\"45.5368\" gradientUnits=\"userSpaceOnUse\">\n            <stop stop-color=\"#D9414F\"\/>\n            <stop offset=\"1\" stop-color=\"#8C193F\"\/>\n            <\/linearGradient>\n            <linearGradient id=\"paint3_linear_9_9\" x1=\"-2.18997\" y1=\"-6.27096\" x2=\"4.71665\" y2=\"5.36978\" gradientUnits=\"userSpaceOnUse\">\n            <stop stop-color=\"#33C481\"\/>\n            <stop offset=\"1\" stop-color=\"#61E3A7\"\/>\n            <\/linearGradient>\n            <\/defs>\n            <\/svg>\n        <div>\n            <span>Disponible en<\/span>\n            Google Play\n        <\/div>\n    <\/a>\n                                                                                                                                                                                <a href=\"https:\/\/apps.apple.com\/es\/app\/telpark\/id658204860\" class=\"tpk-button tpk-button--app dark\" target=\"_blank\">\n        <svg width=\"25\" height=\"30\" viewBox=\"0 0 25 30\" fill=\"none\" xmlns=\"http:\/\/www.w3.org\/2000\/svg\">\n            <path d=\"M23.643 10.227C23.469 10.362 20.397 12.093 20.397 15.942C20.397 20.394 24.306 21.969 24.423 22.008C24.405 22.104 23.802 24.165 22.362 26.265C21.078 28.113 19.737 29.958 17.697 29.958C15.657 29.958 15.132 28.773 12.777 28.773C10.482 28.773 9.666 29.997 7.8 29.997C5.934 29.997 4.632 28.287 3.135 26.187C1.401 23.721 0 19.89 0 16.254C0 10.422 3.792 7.329 7.524 7.329C9.507 7.329 11.16 8.631 12.405 8.631C13.59 8.631 15.438 7.251 17.694 7.251C18.549 7.251 21.621 7.329 23.643 10.227V10.227ZM16.623 4.782C17.556 3.675 18.216 2.139 18.216 0.603C18.216 0.39 18.198 0.174 18.159 0C16.641 0.057 14.835 1.011 13.746 2.274C12.891 3.246 12.093 4.782 12.093 6.339C12.093 6.573 12.132 6.807 12.15 6.882C12.246 6.9 12.402 6.921 12.558 6.921C13.92 6.921 15.633 6.009 16.623 4.782Z\" fill=\"white\"\/>\n        <\/svg>\n        <div>\n            <span>Disponible en<\/span>\n            Apple Store\n        <\/div>\n    <\/a>\n\n                                                                        <\/div>\n        <\/div>\n    <\/div>\n<\/section>\n","protected":false},"excerpt":{"rendered":"","protected":false},"author":3,"featured_media":0,"parent":0,"menu_order":0,"comment_status":"closed","ping_status":"closed","template":"","meta":[],"yoast_head":"<!-- This site is optimized with the Yoast SEO plugin v20.12 - https:\/\/yoast.com\/wordpress\/plugins\/seo\/ -->\n<title>Horaires et tarifs - Aparcar en Tossa<\/title>\n<meta name=\"robots\" content=\"index, follow, max-snippet:-1, max-image-preview:large, max-video-preview:-1\" \/>\n<link rel=\"canonical\" href=\"https:\/\/aparcarentossa.com\/fr\/horaires-et-tarifs\/\" \/>\n<meta property=\"og:locale\" content=\"fr_FR\" \/>\n<meta property=\"og:type\" content=\"article\" \/>\n<meta property=\"og:title\" content=\"Horaires et tarifs - Aparcar en Tossa\" \/>\n<meta property=\"og:url\" content=\"https:\/\/aparcarentossa.com\/fr\/horaires-et-tarifs\/\" \/>\n<meta property=\"og:site_name\" content=\"Aparcar en Tossa\" \/>\n<meta property=\"article:modified_time\" content=\"2024-07-23T08:51:17+00:00\" \/>\n<meta name=\"twitter:card\" content=\"summary_large_image\" \/>\n<script type=\"application\/ld+json\" class=\"yoast-schema-graph\">{\"@context\":\"https:\/\/schema.org\",\"@graph\":[{\"@type\":\"WebPage\",\"@id\":\"https:\/\/aparcarentossa.com\/fr\/horaires-et-tarifs\/\",\"url\":\"https:\/\/aparcarentossa.com\/fr\/horaires-et-tarifs\/\",\"name\":\"Horaires et tarifs - Aparcar en Tossa\",\"isPartOf\":{\"@id\":\"https:\/\/aparcarentossa.com\/fr\/#website\"},\"datePublished\":\"2024-06-20T06:37:45+00:00\",\"dateModified\":\"2024-07-23T08:51:17+00:00\",\"breadcrumb\":{\"@id\":\"https:\/\/aparcarentossa.com\/fr\/horaires-et-tarifs\/#breadcrumb\"},\"inLanguage\":\"fr-FR\",\"potentialAction\":[{\"@type\":\"ReadAction\",\"target\":[\"https:\/\/aparcarentossa.com\/fr\/horaires-et-tarifs\/\"]}]},{\"@type\":\"BreadcrumbList\",\"@id\":\"https:\/\/aparcarentossa.com\/fr\/horaires-et-tarifs\/#breadcrumb\",\"itemListElement\":[{\"@type\":\"ListItem\",\"position\":1,\"name\":\"Home\",\"item\":\"https:\/\/aparcarentossa.com\/fr\/\"},{\"@type\":\"ListItem\",\"position\":2,\"name\":\"Horaires et tarifs\"}]},{\"@type\":\"WebSite\",\"@id\":\"https:\/\/aparcarentossa.com\/fr\/#website\",\"url\":\"https:\/\/aparcarentossa.com\/fr\/\",\"name\":\"Aparcar en Tossa\",\"description\":\"\",\"publisher\":{\"@id\":\"https:\/\/aparcarentossa.com\/fr\/#organization\"},\"potentialAction\":[{\"@type\":\"SearchAction\",\"target\":{\"@type\":\"EntryPoint\",\"urlTemplate\":\"https:\/\/aparcarentossa.com\/fr\/?s={search_term_string}\"},\"query-input\":\"required name=search_term_string\"}],\"inLanguage\":\"fr-FR\"},{\"@type\":\"Organization\",\"@id\":\"https:\/\/aparcarentossa.com\/fr\/#organization\",\"name\":\"Aparcar en Tossa\",\"url\":\"https:\/\/aparcarentossa.com\/fr\/\",\"logo\":{\"@type\":\"ImageObject\",\"inLanguage\":\"fr-FR\",\"@id\":\"https:\/\/aparcarentossa.com\/fr\/#\/schema\/logo\/image\/\",\"url\":\"https:\/\/aparcarentossa.com\/wp-content\/uploads\/sites\/38\/2024\/07\/Logo-Tossa.png\",\"contentUrl\":\"https:\/\/aparcarentossa.com\/wp-content\/uploads\/sites\/38\/2024\/07\/Logo-Tossa.png\",\"width\":160,\"height\":110,\"caption\":\"Aparcar en Tossa\"},\"image\":{\"@id\":\"https:\/\/aparcarentossa.com\/fr\/#\/schema\/logo\/image\/\"}}]}<\/script>\n<!-- \/ Yoast SEO plugin. -->","yoast_head_json":{"title":"Horaires et tarifs - Aparcar en Tossa","robots":{"index":"index","follow":"follow","max-snippet":"max-snippet:-1","max-image-preview":"max-image-preview:large","max-video-preview":"max-video-preview:-1"},"canonical":"https:\/\/aparcarentossa.com\/fr\/horaires-et-tarifs\/","og_locale":"fr_FR","og_type":"article","og_title":"Horaires et tarifs - Aparcar en Tossa","og_url":"https:\/\/aparcarentossa.com\/fr\/horaires-et-tarifs\/","og_site_name":"Aparcar en Tossa","article_modified_time":"2024-07-23T08:51:17+00:00","twitter_card":"summary_large_image","schema":{"@context":"https:\/\/schema.org","@graph":[{"@type":"WebPage","@id":"https:\/\/aparcarentossa.com\/fr\/horaires-et-tarifs\/","url":"https:\/\/aparcarentossa.com\/fr\/horaires-et-tarifs\/","name":"Horaires et tarifs - Aparcar en Tossa","isPartOf":{"@id":"https:\/\/aparcarentossa.com\/fr\/#website"},"datePublished":"2024-06-20T06:37:45+00:00","dateModified":"2024-07-23T08:51:17+00:00","breadcrumb":{"@id":"https:\/\/aparcarentossa.com\/fr\/horaires-et-tarifs\/#breadcrumb"},"inLanguage":"fr-FR","potentialAction":[{"@type":"ReadAction","target":["https:\/\/aparcarentossa.com\/fr\/horaires-et-tarifs\/"]}]},{"@type":"BreadcrumbList","@id":"https:\/\/aparcarentossa.com\/fr\/horaires-et-tarifs\/#breadcrumb","itemListElement":[{"@type":"ListItem","position":1,"name":"Home","item":"https:\/\/aparcarentossa.com\/fr\/"},{"@type":"ListItem","position":2,"name":"Horaires et tarifs"}]},{"@type":"WebSite","@id":"https:\/\/aparcarentossa.com\/fr\/#website","url":"https:\/\/aparcarentossa.com\/fr\/","name":"Aparcar en Tossa","description":"","publisher":{"@id":"https:\/\/aparcarentossa.com\/fr\/#organization"},"potentialAction":[{"@type":"SearchAction","target":{"@type":"EntryPoint","urlTemplate":"https:\/\/aparcarentossa.com\/fr\/?s={search_term_string}"},"query-input":"required name=search_term_string"}],"inLanguage":"fr-FR"},{"@type":"Organization","@id":"https:\/\/aparcarentossa.com\/fr\/#organization","name":"Aparcar en Tossa","url":"https:\/\/aparcarentossa.com\/fr\/","logo":{"@type":"ImageObject","inLanguage":"fr-FR","@id":"https:\/\/aparcarentossa.com\/fr\/#\/schema\/logo\/image\/","url":"https:\/\/aparcarentossa.com\/wp-content\/uploads\/sites\/38\/2024\/07\/Logo-Tossa.png","contentUrl":"https:\/\/aparcarentossa.com\/wp-content\/uploads\/sites\/38\/2024\/07\/Logo-Tossa.png","width":160,"height":110,"caption":"Aparcar en Tossa"},"image":{"@id":"https:\/\/aparcarentossa.com\/fr\/#\/schema\/logo\/image\/"}}]}},"meta_box":[],"_links":{"self":[{"href":"https:\/\/aparcarentossa.com\/fr\/wp-json\/wp\/v2\/pages\/436"}],"collection":[{"href":"https:\/\/aparcarentossa.com\/fr\/wp-json\/wp\/v2\/pages"}],"about":[{"href":"https:\/\/aparcarentossa.com\/fr\/wp-json\/wp\/v2\/types\/page"}],"author":[{"embeddable":true,"href":"https:\/\/aparcarentossa.com\/fr\/wp-json\/wp\/v2\/users\/3"}],"replies":[{"embeddable":true,"href":"https:\/\/aparcarentossa.com\/fr\/wp-json\/wp\/v2\/comments?post=436"}],"version-history":[{"count":3,"href":"https:\/\/aparcarentossa.com\/fr\/wp-json\/wp\/v2\/pages\/436\/revisions"}],"predecessor-version":[{"id":1163,"href":"https:\/\/aparcarentossa.com\/fr\/wp-json\/wp\/v2\/pages\/436\/revisions\/1163"}],"wp:attachment":[{"href":"https:\/\/aparcarentossa.com\/fr\/wp-json\/wp\/v2\/media?parent=436"}],"curies":[{"name":"wp","href":"https:\/\/api.w.org\/{rel}","templated":true}]}}