{"id":434,"date":"2024-06-20T08:25:22","date_gmt":"2024-06-20T06:25:22","guid":{"rendered":"https:\/\/aparcarentossa.ora.cmspro.telpark.com\/services-aux-citoyens\/"},"modified":"2024-06-28T09:28:53","modified_gmt":"2024-06-28T07:28:53","slug":"services-aux-citoyens","status":"publish","type":"page","link":"https:\/\/aparcarentossa.com\/fr\/services-aux-citoyens\/","title":{"rendered":"Services aux citoyens"},"content":{"rendered":"\n<section class=\"tpk-hero tpk-hero--products                lower\"\n         style=\"\">\n                        <picture >\n\n                    <source srcset=\"https:\/\/aparcarentossa.com\/wp-content\/uploads\/sites\/38\/2024\/06\/Atencion-al-ciudadano-webp-480x300.webp\" media=\"((min-width: 0rem) and (max-width: 30rem))\">\n                             <source srcset=\"https:\/\/aparcarentossa.com\/wp-content\/uploads\/sites\/38\/2024\/06\/Atencion-al-ciudadano-webp-1024x300.webp\" media=\"(min-width: 30rem) and (max-width: 64rem)\" >\n                            <source srcset=\"https:\/\/aparcarentossa.com\/wp-content\/uploads\/sites\/38\/2024\/06\/Atencion-al-ciudadano-webp.webp\" media=\"(min-width: 64rem)\" >\n        \n        \n                                                                                                        \n        <img src=\"https:\/\/aparcarentossa.com\/wp-content\/uploads\/sites\/38\/2024\/06\/Atencion-al-ciudadano-webp.webp\" alt=\"\"  width=\"1140\" height=\"300\"  loading=\"eager\">\n    <\/picture>\n\n    \n        <div class=\"tpk-hero__content wrapper row\">\n                    <div class=\"col-xs-12 col-sm-12 pr-h pl-h\">\n                                <header class=\"tpk-head  wrapper\">\n        <h2 class=\"tpk-head__title\">Attention au citoyen<\/h2>    <\/header>\n            \n                    <\/div>\n    <\/div>\n            <div class=\"tpk-hero__cards row wrapper\">\n                                                                                        <div class=\"col-xs-12 col-sm-12 col-md-4 mb-1 pl-h pr-h\">\n                                                                    <\/div>\n                    <\/div>\n    <\/section>\n<div class=\"tpk-spinner__wrapper\">\n    <div class=\"tpk-spinner\"><\/div>\n<\/div>\n\n<section class=\"tpk-benefits \" >\n    <div class=\"wrapper row center-xs\">\n        <div class=\"col-xs-12 col-sm-10 col-md-8\">\n                <header class=\"tpk-head  wrapper\">\n        <h2 class=\"tpk-head__title\">Contactez-Nous<\/h2>    <\/header>        <\/div>\n    <\/div>\n    <div class=\"tpk-benefits__list row wrapper\">\n                    <div class=\"col-xs-12 col-sm-6 col-md-3\">\n                                <div class=\"tpk-benefit\">\n    <div class=\"tpk-benefit__icon\">\n        <span class=\"icon icon-mail icon--lg\">\n        <\/span>\n    <\/div>\n\n    <div class=\"tpk-benefit__content\">\n        <h3 class=\"tpk-benefit__title\">Email<\/h3>\n        <p>aparcarentossa@telpark.com<\/p>\n\n    <\/div>\n<\/div>            <\/div>\n                    <div class=\"col-xs-12 col-sm-6 col-md-3\">\n                                <div class=\"tpk-benefit\">\n    <div class=\"tpk-benefit__icon\">\n        <span class=\"icon icon-phone icon--lg\">\n        <\/span>\n    <\/div>\n\n    <div class=\"tpk-benefit__content\">\n        <h3 class=\"tpk-benefit__title\">T\u00e9l\u00e9phone<\/h3>\n        <p>+34 972 34 12 73<\/p>\n\n    <\/div>\n<\/div>            <\/div>\n                    <div class=\"col-xs-12 col-sm-6 col-md-3\">\n                                <div class=\"tpk-benefit\">\n    <div class=\"tpk-benefit__icon\">\n        <span class=\"icon icon-info icon--lg\">\n        <\/span>\n    <\/div>\n\n    <div class=\"tpk-benefit__content\">\n        <h3 class=\"tpk-benefit__title\">Bureau de Service Client<\/h3>\n        <p>Parking Platja Gran. Avenida de la Palma 1 - 17320 Tossa de Mar (Gerona)<\/p>\n\n    <\/div>\n<\/div>            <\/div>\n            <\/div>\n<\/section>\n\n<section class=\"tpk-form\">\n   <div class=\"wrapper pl-1 pr-1 row center-xs \">\n        <div class=\"col-xs-12 col-sm-10 col-md-8 col-no-gutter\">\n                        <header class=\"tpk-head  wrapper\">\n    <p class=\"tpk-head__caption\">Demandez-nous<\/p>    <h2 class=\"tpk-head__title\">Horaires d'attention au public<\/h2>    <p>Heures d'ouverture habituelles du lundi au vendredi de 8h00 \u00e0 14h00, du 1er juin au 30 septembre, \u00e9galement les week-ends et les jours f\u00e9ri\u00e9s<\/p>\n<\/header>        <\/div>\n    <\/div>\n\n            \n    <\/section>","protected":false},"excerpt":{"rendered":"","protected":false},"author":3,"featured_media":0,"parent":0,"menu_order":0,"comment_status":"closed","ping_status":"closed","template":"","meta":[],"yoast_head":"<!-- This site is optimized with the Yoast SEO plugin v20.12 - https:\/\/yoast.com\/wordpress\/plugins\/seo\/ -->\n<title>Services aux citoyens - Aparcar en Tossa<\/title>\n<meta name=\"robots\" content=\"index, follow, max-snippet:-1, max-image-preview:large, max-video-preview:-1\" \/>\n<link rel=\"canonical\" href=\"https:\/\/aparcarentossa.com\/fr\/services-aux-citoyens\/\" \/>\n<meta property=\"og:locale\" content=\"fr_FR\" \/>\n<meta property=\"og:type\" content=\"article\" \/>\n<meta property=\"og:title\" content=\"Services aux citoyens - Aparcar en Tossa\" \/>\n<meta property=\"og:url\" content=\"https:\/\/aparcarentossa.com\/fr\/services-aux-citoyens\/\" \/>\n<meta property=\"og:site_name\" content=\"Aparcar en Tossa\" \/>\n<meta property=\"article:modified_time\" content=\"2024-06-28T07:28:53+00:00\" \/>\n<meta name=\"twitter:card\" content=\"summary_large_image\" \/>\n<script type=\"application\/ld+json\" class=\"yoast-schema-graph\">{\"@context\":\"https:\/\/schema.org\",\"@graph\":[{\"@type\":\"WebPage\",\"@id\":\"https:\/\/aparcarentossa.com\/fr\/services-aux-citoyens\/\",\"url\":\"https:\/\/aparcarentossa.com\/fr\/services-aux-citoyens\/\",\"name\":\"Services aux citoyens - Aparcar en Tossa\",\"isPartOf\":{\"@id\":\"https:\/\/aparcarentossa.com\/fr\/#website\"},\"datePublished\":\"2024-06-20T06:25:22+00:00\",\"dateModified\":\"2024-06-28T07:28:53+00:00\",\"breadcrumb\":{\"@id\":\"https:\/\/aparcarentossa.com\/fr\/services-aux-citoyens\/#breadcrumb\"},\"inLanguage\":\"fr-FR\",\"potentialAction\":[{\"@type\":\"ReadAction\",\"target\":[\"https:\/\/aparcarentossa.com\/fr\/services-aux-citoyens\/\"]}]},{\"@type\":\"BreadcrumbList\",\"@id\":\"https:\/\/aparcarentossa.com\/fr\/services-aux-citoyens\/#breadcrumb\",\"itemListElement\":[{\"@type\":\"ListItem\",\"position\":1,\"name\":\"Home\",\"item\":\"https:\/\/aparcarentossa.com\/fr\/\"},{\"@type\":\"ListItem\",\"position\":2,\"name\":\"Services aux citoyens\"}]},{\"@type\":\"WebSite\",\"@id\":\"https:\/\/aparcarentossa.com\/fr\/#website\",\"url\":\"https:\/\/aparcarentossa.com\/fr\/\",\"name\":\"Aparcar en Tossa\",\"description\":\"\",\"publisher\":{\"@id\":\"https:\/\/aparcarentossa.com\/fr\/#organization\"},\"potentialAction\":[{\"@type\":\"SearchAction\",\"target\":{\"@type\":\"EntryPoint\",\"urlTemplate\":\"https:\/\/aparcarentossa.com\/fr\/?s={search_term_string}\"},\"query-input\":\"required name=search_term_string\"}],\"inLanguage\":\"fr-FR\"},{\"@type\":\"Organization\",\"@id\":\"https:\/\/aparcarentossa.com\/fr\/#organization\",\"name\":\"Aparcar en Tossa\",\"url\":\"https:\/\/aparcarentossa.com\/fr\/\",\"logo\":{\"@type\":\"ImageObject\",\"inLanguage\":\"fr-FR\",\"@id\":\"https:\/\/aparcarentossa.com\/fr\/#\/schema\/logo\/image\/\",\"url\":\"https:\/\/aparcarentossa.com\/wp-content\/uploads\/sites\/38\/2024\/07\/Logo-Tossa.png\",\"contentUrl\":\"https:\/\/aparcarentossa.com\/wp-content\/uploads\/sites\/38\/2024\/07\/Logo-Tossa.png\",\"width\":160,\"height\":110,\"caption\":\"Aparcar en Tossa\"},\"image\":{\"@id\":\"https:\/\/aparcarentossa.com\/fr\/#\/schema\/logo\/image\/\"}}]}<\/script>\n<!-- \/ Yoast SEO plugin. -->","yoast_head_json":{"title":"Services aux citoyens - Aparcar en Tossa","robots":{"index":"index","follow":"follow","max-snippet":"max-snippet:-1","max-image-preview":"max-image-preview:large","max-video-preview":"max-video-preview:-1"},"canonical":"https:\/\/aparcarentossa.com\/fr\/services-aux-citoyens\/","og_locale":"fr_FR","og_type":"article","og_title":"Services aux citoyens - Aparcar en Tossa","og_url":"https:\/\/aparcarentossa.com\/fr\/services-aux-citoyens\/","og_site_name":"Aparcar en Tossa","article_modified_time":"2024-06-28T07:28:53+00:00","twitter_card":"summary_large_image","schema":{"@context":"https:\/\/schema.org","@graph":[{"@type":"WebPage","@id":"https:\/\/aparcarentossa.com\/fr\/services-aux-citoyens\/","url":"https:\/\/aparcarentossa.com\/fr\/services-aux-citoyens\/","name":"Services aux citoyens - Aparcar en Tossa","isPartOf":{"@id":"https:\/\/aparcarentossa.com\/fr\/#website"},"datePublished":"2024-06-20T06:25:22+00:00","dateModified":"2024-06-28T07:28:53+00:00","breadcrumb":{"@id":"https:\/\/aparcarentossa.com\/fr\/services-aux-citoyens\/#breadcrumb"},"inLanguage":"fr-FR","potentialAction":[{"@type":"ReadAction","target":["https:\/\/aparcarentossa.com\/fr\/services-aux-citoyens\/"]}]},{"@type":"BreadcrumbList","@id":"https:\/\/aparcarentossa.com\/fr\/services-aux-citoyens\/#breadcrumb","itemListElement":[{"@type":"ListItem","position":1,"name":"Home","item":"https:\/\/aparcarentossa.com\/fr\/"},{"@type":"ListItem","position":2,"name":"Services aux citoyens"}]},{"@type":"WebSite","@id":"https:\/\/aparcarentossa.com\/fr\/#website","url":"https:\/\/aparcarentossa.com\/fr\/","name":"Aparcar en Tossa","description":"","publisher":{"@id":"https:\/\/aparcarentossa.com\/fr\/#organization"},"potentialAction":[{"@type":"SearchAction","target":{"@type":"EntryPoint","urlTemplate":"https:\/\/aparcarentossa.com\/fr\/?s={search_term_string}"},"query-input":"required name=search_term_string"}],"inLanguage":"fr-FR"},{"@type":"Organization","@id":"https:\/\/aparcarentossa.com\/fr\/#organization","name":"Aparcar en Tossa","url":"https:\/\/aparcarentossa.com\/fr\/","logo":{"@type":"ImageObject","inLanguage":"fr-FR","@id":"https:\/\/aparcarentossa.com\/fr\/#\/schema\/logo\/image\/","url":"https:\/\/aparcarentossa.com\/wp-content\/uploads\/sites\/38\/2024\/07\/Logo-Tossa.png","contentUrl":"https:\/\/aparcarentossa.com\/wp-content\/uploads\/sites\/38\/2024\/07\/Logo-Tossa.png","width":160,"height":110,"caption":"Aparcar en Tossa"},"image":{"@id":"https:\/\/aparcarentossa.com\/fr\/#\/schema\/logo\/image\/"}}]}},"meta_box":[],"_links":{"self":[{"href":"https:\/\/aparcarentossa.com\/fr\/wp-json\/wp\/v2\/pages\/434"}],"collection":[{"href":"https:\/\/aparcarentossa.com\/fr\/wp-json\/wp\/v2\/pages"}],"about":[{"href":"https:\/\/aparcarentossa.com\/fr\/wp-json\/wp\/v2\/types\/page"}],"author":[{"embeddable":true,"href":"https:\/\/aparcarentossa.com\/fr\/wp-json\/wp\/v2\/users\/3"}],"replies":[{"embeddable":true,"href":"https:\/\/aparcarentossa.com\/fr\/wp-json\/wp\/v2\/comments?post=434"}],"version-history":[{"count":3,"href":"https:\/\/aparcarentossa.com\/fr\/wp-json\/wp\/v2\/pages\/434\/revisions"}],"predecessor-version":[{"id":781,"href":"https:\/\/aparcarentossa.com\/fr\/wp-json\/wp\/v2\/pages\/434\/revisions\/781"}],"wp:attachment":[{"href":"https:\/\/aparcarentossa.com\/fr\/wp-json\/wp\/v2\/media?parent=434"}],"curies":[{"name":"wp","href":"https:\/\/api.w.org\/{rel}","templated":true}]}}