{"id":430,"date":"2024-06-20T08:28:07","date_gmt":"2024-06-20T06:28:07","guid":{"rendered":"https:\/\/aparcarentossa.ora.cmspro.telpark.com\/avis-juridique\/"},"modified":"2024-07-08T09:05:44","modified_gmt":"2024-07-08T07:05:44","slug":"avis-juridique","status":"publish","type":"page","link":"https:\/\/aparcarentossa.com\/fr\/avis-juridique\/","title":{"rendered":"Avis juridique"},"content":{"rendered":"\n<p><strong>DONN\u00c9ES D'IDENTIFICATION<\/strong><\/p>\n\n\n\n<p>\u00a0\u00a0Vous visitez le site www.aparcarentossa.com appartenant \u00e0 Dornier, une soci\u00e9t\u00e9 du groupe Empark qui centralise l'activit\u00e9 de stationnement r\u00e9glement\u00e9 de surface.<\/p>\n\n\n\n<p>Conform\u00e9ment aux dispositions de la loi 34\/2002 du 11 juillet sur les services de la soci\u00e9t\u00e9 de l'information et le commerce \u00e9lectronique (LSSICE), nous vous informons par la pr\u00e9sente des aspects juridiques suivants :<\/p>\n\n\n\n<ul><li>\u00a0Responsable du site : DORNIER<strong>S. A.<\/strong><\/li><li>C.I.F. A5869497<\/li><li>Si\u00e8ge social : Av. del General Per\u00f3n 36, 1\u00aa planta, 28020 Madrid<\/li><li>\u00a0Courriel de contact :oratossa@telpark.com<\/li><li>T\u00e9l\u00e9phone : (34) 915468900<\/li><li>Donn\u00e9es du registre : inscrit au registre du commerce de Madrid, volume 3.892, section 8, folio 53, page M-65.265, inscription 3.<\/li><\/ul>\n\n\n\n<p><strong>CONDITIONS G\u00c9N\u00c9RALES D'UTILISATION DU SITE<\/strong><\/p>\n\n\n\n<p><strong>1.- Consid\u00e9rations pr\u00e9liminaires<\/strong><\/p>\n\n\n\n<p>Les pr\u00e9sentes conditions g\u00e9n\u00e9rales r\u00e9gissent l'acc\u00e8s et l'utilisation que le propri\u00e9taire du site met gratuitement \u00e0 la disposition des utilisateurs d'Internet. Son acc\u00e8s implique une acceptation sans r\u00e9serve. L'utilisation de l'espace utilisateur ou l'achat de produits ou de services sont \u00e9galement r\u00e9gis par les conditions sp\u00e9cifiques \u00e9tablies dans chaque cas, qui sont consid\u00e9r\u00e9es comme accept\u00e9es par la simple utilisation de ces services.<\/p>\n\n\n\n<p>Aux fins du respect de la loi 34\/2002, du 11 juillet, sur les services de la soci\u00e9t\u00e9 de l'information et le commerce \u00e9lectronique, ci-apr\u00e8s LSSI, et du r\u00e8glement (UE) 2016\/679 du Parlement europ\u00e9en et du Conseil du 27 avril 2016, relatif \u00e0 la protection des personnes physiques \u00e0 l'\u00e9gard du traitement des donn\u00e9es \u00e0 caract\u00e8re personnel et \u00e0 la libre circulation de ces donn\u00e9es, et abrogeant la directive 95\/46\/CE (R\u00e8glement g\u00e9n\u00e9ral sur la protection des donn\u00e9es), le propri\u00e9taire du domaine r\u00e9f\u00e9renc\u00e9, vous informe que le Site a une vocation publicitaire et informative ; Il vous offre \u00e9galement la possibilit\u00e9 de contacter ou de demander des informations plus d\u00e9taill\u00e9es sur les services de l'entreprise.<\/p>\n\n\n\n<p><strong>2 - Propri\u00e9t\u00e9 intellectuelle et industrielle<\/strong><\/p>\n\n\n\n<p>Les textes, images, logos, signes distinctifs, sons, animations, vid\u00e9os, codes sources et autres contenus pr\u00e9sents sur ce site sont la propri\u00e9t\u00e9 de Dornier S. A., ou en ont le droit d'utilisation, et sont prot\u00e9g\u00e9s \u00e0 ce titre par la l\u00e9gislation en vigueur en mati\u00e8re de propri\u00e9t\u00e9 intellectuelle et industrielle. Toute transmission, distribution, reproduction ou stockage, en tout ou en partie, des contenus stock\u00e9s sur ce site web est express\u00e9ment interdite sans l'accord pr\u00e9alable expr\u00e8s du propri\u00e9taire. Toutefois, les utilisateurs peuvent reproduire ou stocker le contenu du site web pour leur usage personnel exclusif, et la reproduction d'\u00e9l\u00e9ments ou de contenus de ce site web \u00e0 des fins lucratives ou commerciales est express\u00e9ment et strictement interdite.<\/p>\n\n\n\n<p><strong>3.- Conditions d'acc\u00e8s<\/strong><\/p>\n\n\n\n<p>Dornier S.A. se r\u00e9serve le droit de modifier et de mettre \u00e0 jour les informations contenues dans le site, sa configuration et sa pr\u00e9sentation, les conditions d'acc\u00e8s et les conditions contractuelles \u00e0 tout moment et sans pr\u00e9avis. etc. L'entreprise responsable du site ne garantit pas l'absence d'interruptions ou d'erreurs dans l'acc\u00e8s au site ou \u00e0 son contenu, ni qu'il est \u00e0 jour ou exempt de virus ou de tout autre \u00e9l\u00e9ment susceptible de provoquer des alt\u00e9rations de votre syst\u00e8me informatique. Dornier S.A. d\u00e9cline toute responsabilit\u00e9 contractuelle ou extracontractuelle \u00e0 l'\u00e9gard de la personne ou de l'entreprise qui l'utilise et subit des dommages de toute nature caus\u00e9s par des virus informatiques ou des \u00e9l\u00e9ments informatiques de toute nature. Le propri\u00e9taire du site n'est pas responsable des cons\u00e9quences ou des dommages pouvant r\u00e9sulter de l'utilisation sans consentement des informations qu'il contient ou de celles d\u00e9riv\u00e9es des services et des opinions fournis par des tiers.<\/p>\n\n\n\n<p><strong>4.- Responsabilit\u00e9 des liens<\/strong><\/p>\n\n\n\n<p>La soci\u00e9t\u00e9 responsable du site d\u00e9cline toute responsabilit\u00e9 quant aux services et\/ou informations fournis sur d'autres pages li\u00e9es \u00e0 ce site. Dornier S. A. ne contr\u00f4le ni n'exerce aucun type de surveillance lorsqu'elle inclut des liens vers ces sites, estimant que ces contenus sont conformes \u00e0 la l\u00e9gislation applicable. Toutefois, l'utilisation de liens vers d'autres sites n'implique en aucun cas une responsabilit\u00e9 ou une appropriation du contenu de ces sites, ni une supervision ou une approbation des changements ou des informations qui y sont fournis. Nous conseillons aux visiteurs de faire preuve de prudence et de consulter les conditions l\u00e9gales affich\u00e9es sur ces sites. Dornier S. A. n'est pas responsable des dommages li\u00e9s au fonctionnement, \u00e0 la disponibilit\u00e9 et \u00e0 la continuit\u00e9 des sites li\u00e9s.<\/p>\n\n\n\n<p><strong>Droit applicable et juridiction<\/strong><\/p>\n\n\n\n<p>Le pr\u00e9sent avis juridique est r\u00e9gi par le droit espagnol.<\/p>\n\n\n\n<p>Les utilisateurs et Dornier S.A. conviennent que pour toute divergence pouvant survenir quant \u00e0 l'interpr\u00e9tation, au respect et\/ou \u00e0 l'ex\u00e9cution du pr\u00e9sent r\u00e8glement, ils se soumettront express\u00e9ment aux Cours et Tribunaux comp\u00e9tents de la ville de Madrid, en renon\u00e7ant express\u00e9ment \u00e0 toute autre juridiction qui pourrait leur correspondre.<\/p>\n","protected":false},"excerpt":{"rendered":"<p>DONN\u00c9ES D'IDENTIFICATION \u00a0\u00a0Vous visitez le site www.aparcarentossa.com appartenant \u00e0 Dornier, une soci\u00e9t\u00e9 du groupe Empark qui centralise l'activit\u00e9 de stationnement r\u00e9glement\u00e9 de surface. Conform\u00e9ment aux dispositions de la loi 34\/2002 du 11 juillet sur les services de la soci\u00e9t\u00e9 de l'information et le commerce \u00e9lectronique (LSSICE), nous vous informons par la pr\u00e9sente des aspects juridiques [&hellip;]<\/p>\n","protected":false},"author":3,"featured_media":0,"parent":0,"menu_order":0,"comment_status":"closed","ping_status":"closed","template":"template-privacy.php","meta":[],"yoast_head":"<!-- This site is optimized with the Yoast SEO plugin v20.12 - https:\/\/yoast.com\/wordpress\/plugins\/seo\/ -->\n<title>Avis juridique - Aparcar en Tossa<\/title>\n<meta name=\"robots\" content=\"index, follow, max-snippet:-1, max-image-preview:large, max-video-preview:-1\" \/>\n<link rel=\"canonical\" href=\"https:\/\/aparcarentossa.com\/fr\/avis-juridique\/\" \/>\n<meta property=\"og:locale\" content=\"fr_FR\" \/>\n<meta property=\"og:type\" content=\"article\" \/>\n<meta property=\"og:title\" content=\"Avis juridique - Aparcar en Tossa\" \/>\n<meta property=\"og:description\" content=\"DONN\u00c9ES D&#039;IDENTIFICATION \u00a0\u00a0Vous visitez le site www.aparcarentossa.com appartenant \u00e0 Dornier, une soci\u00e9t\u00e9 du groupe Empark qui centralise l&#039;activit\u00e9 de stationnement r\u00e9glement\u00e9 de surface. Conform\u00e9ment aux dispositions de la loi 34\/2002 du 11 juillet sur les services de la soci\u00e9t\u00e9 de l&#039;information et le commerce \u00e9lectronique (LSSICE), nous vous informons par la pr\u00e9sente des aspects juridiques [&hellip;]\" \/>\n<meta property=\"og:url\" content=\"https:\/\/aparcarentossa.com\/fr\/avis-juridique\/\" \/>\n<meta property=\"og:site_name\" content=\"Aparcar en Tossa\" \/>\n<meta property=\"article:modified_time\" content=\"2024-07-08T07:05:44+00:00\" \/>\n<meta name=\"twitter:card\" content=\"summary_large_image\" \/>\n<meta name=\"twitter:label1\" content=\"Est. reading time\" \/>\n\t<meta name=\"twitter:data1\" content=\"4 minutes\" \/>\n<script type=\"application\/ld+json\" class=\"yoast-schema-graph\">{\"@context\":\"https:\/\/schema.org\",\"@graph\":[{\"@type\":\"WebPage\",\"@id\":\"https:\/\/aparcarentossa.com\/fr\/avis-juridique\/\",\"url\":\"https:\/\/aparcarentossa.com\/fr\/avis-juridique\/\",\"name\":\"Avis juridique - Aparcar en Tossa\",\"isPartOf\":{\"@id\":\"https:\/\/aparcarentossa.com\/fr\/#website\"},\"datePublished\":\"2024-06-20T06:28:07+00:00\",\"dateModified\":\"2024-07-08T07:05:44+00:00\",\"breadcrumb\":{\"@id\":\"https:\/\/aparcarentossa.com\/fr\/avis-juridique\/#breadcrumb\"},\"inLanguage\":\"fr-FR\",\"potentialAction\":[{\"@type\":\"ReadAction\",\"target\":[\"https:\/\/aparcarentossa.com\/fr\/avis-juridique\/\"]}]},{\"@type\":\"BreadcrumbList\",\"@id\":\"https:\/\/aparcarentossa.com\/fr\/avis-juridique\/#breadcrumb\",\"itemListElement\":[{\"@type\":\"ListItem\",\"position\":1,\"name\":\"Home\",\"item\":\"https:\/\/aparcarentossa.com\/fr\/\"},{\"@type\":\"ListItem\",\"position\":2,\"name\":\"Avis juridique\"}]},{\"@type\":\"WebSite\",\"@id\":\"https:\/\/aparcarentossa.com\/fr\/#website\",\"url\":\"https:\/\/aparcarentossa.com\/fr\/\",\"name\":\"Aparcar en Tossa\",\"description\":\"\",\"publisher\":{\"@id\":\"https:\/\/aparcarentossa.com\/fr\/#organization\"},\"potentialAction\":[{\"@type\":\"SearchAction\",\"target\":{\"@type\":\"EntryPoint\",\"urlTemplate\":\"https:\/\/aparcarentossa.com\/fr\/?s={search_term_string}\"},\"query-input\":\"required name=search_term_string\"}],\"inLanguage\":\"fr-FR\"},{\"@type\":\"Organization\",\"@id\":\"https:\/\/aparcarentossa.com\/fr\/#organization\",\"name\":\"Aparcar en Tossa\",\"url\":\"https:\/\/aparcarentossa.com\/fr\/\",\"logo\":{\"@type\":\"ImageObject\",\"inLanguage\":\"fr-FR\",\"@id\":\"https:\/\/aparcarentossa.com\/fr\/#\/schema\/logo\/image\/\",\"url\":\"https:\/\/aparcarentossa.com\/wp-content\/uploads\/sites\/38\/2024\/07\/Logo-Tossa.png\",\"contentUrl\":\"https:\/\/aparcarentossa.com\/wp-content\/uploads\/sites\/38\/2024\/07\/Logo-Tossa.png\",\"width\":160,\"height\":110,\"caption\":\"Aparcar en Tossa\"},\"image\":{\"@id\":\"https:\/\/aparcarentossa.com\/fr\/#\/schema\/logo\/image\/\"}}]}<\/script>\n<!-- \/ Yoast SEO plugin. -->","yoast_head_json":{"title":"Avis juridique - Aparcar en Tossa","robots":{"index":"index","follow":"follow","max-snippet":"max-snippet:-1","max-image-preview":"max-image-preview:large","max-video-preview":"max-video-preview:-1"},"canonical":"https:\/\/aparcarentossa.com\/fr\/avis-juridique\/","og_locale":"fr_FR","og_type":"article","og_title":"Avis juridique - Aparcar en Tossa","og_description":"DONN\u00c9ES D'IDENTIFICATION \u00a0\u00a0Vous visitez le site www.aparcarentossa.com appartenant \u00e0 Dornier, une soci\u00e9t\u00e9 du groupe Empark qui centralise l'activit\u00e9 de stationnement r\u00e9glement\u00e9 de surface. Conform\u00e9ment aux dispositions de la loi 34\/2002 du 11 juillet sur les services de la soci\u00e9t\u00e9 de l'information et le commerce \u00e9lectronique (LSSICE), nous vous informons par la pr\u00e9sente des aspects juridiques [&hellip;]","og_url":"https:\/\/aparcarentossa.com\/fr\/avis-juridique\/","og_site_name":"Aparcar en Tossa","article_modified_time":"2024-07-08T07:05:44+00:00","twitter_card":"summary_large_image","twitter_misc":{"Est. reading time":"4 minutes"},"schema":{"@context":"https:\/\/schema.org","@graph":[{"@type":"WebPage","@id":"https:\/\/aparcarentossa.com\/fr\/avis-juridique\/","url":"https:\/\/aparcarentossa.com\/fr\/avis-juridique\/","name":"Avis juridique - Aparcar en Tossa","isPartOf":{"@id":"https:\/\/aparcarentossa.com\/fr\/#website"},"datePublished":"2024-06-20T06:28:07+00:00","dateModified":"2024-07-08T07:05:44+00:00","breadcrumb":{"@id":"https:\/\/aparcarentossa.com\/fr\/avis-juridique\/#breadcrumb"},"inLanguage":"fr-FR","potentialAction":[{"@type":"ReadAction","target":["https:\/\/aparcarentossa.com\/fr\/avis-juridique\/"]}]},{"@type":"BreadcrumbList","@id":"https:\/\/aparcarentossa.com\/fr\/avis-juridique\/#breadcrumb","itemListElement":[{"@type":"ListItem","position":1,"name":"Home","item":"https:\/\/aparcarentossa.com\/fr\/"},{"@type":"ListItem","position":2,"name":"Avis juridique"}]},{"@type":"WebSite","@id":"https:\/\/aparcarentossa.com\/fr\/#website","url":"https:\/\/aparcarentossa.com\/fr\/","name":"Aparcar en Tossa","description":"","publisher":{"@id":"https:\/\/aparcarentossa.com\/fr\/#organization"},"potentialAction":[{"@type":"SearchAction","target":{"@type":"EntryPoint","urlTemplate":"https:\/\/aparcarentossa.com\/fr\/?s={search_term_string}"},"query-input":"required name=search_term_string"}],"inLanguage":"fr-FR"},{"@type":"Organization","@id":"https:\/\/aparcarentossa.com\/fr\/#organization","name":"Aparcar en Tossa","url":"https:\/\/aparcarentossa.com\/fr\/","logo":{"@type":"ImageObject","inLanguage":"fr-FR","@id":"https:\/\/aparcarentossa.com\/fr\/#\/schema\/logo\/image\/","url":"https:\/\/aparcarentossa.com\/wp-content\/uploads\/sites\/38\/2024\/07\/Logo-Tossa.png","contentUrl":"https:\/\/aparcarentossa.com\/wp-content\/uploads\/sites\/38\/2024\/07\/Logo-Tossa.png","width":160,"height":110,"caption":"Aparcar en Tossa"},"image":{"@id":"https:\/\/aparcarentossa.com\/fr\/#\/schema\/logo\/image\/"}}]}},"meta_box":[],"_links":{"self":[{"href":"https:\/\/aparcarentossa.com\/fr\/wp-json\/wp\/v2\/pages\/430"}],"collection":[{"href":"https:\/\/aparcarentossa.com\/fr\/wp-json\/wp\/v2\/pages"}],"about":[{"href":"https:\/\/aparcarentossa.com\/fr\/wp-json\/wp\/v2\/types\/page"}],"author":[{"embeddable":true,"href":"https:\/\/aparcarentossa.com\/fr\/wp-json\/wp\/v2\/users\/3"}],"replies":[{"embeddable":true,"href":"https:\/\/aparcarentossa.com\/fr\/wp-json\/wp\/v2\/comments?post=430"}],"version-history":[{"count":3,"href":"https:\/\/aparcarentossa.com\/fr\/wp-json\/wp\/v2\/pages\/430\/revisions"}],"predecessor-version":[{"id":956,"href":"https:\/\/aparcarentossa.com\/fr\/wp-json\/wp\/v2\/pages\/430\/revisions\/956"}],"wp:attachment":[{"href":"https:\/\/aparcarentossa.com\/fr\/wp-json\/wp\/v2\/media?parent=430"}],"curies":[{"name":"wp","href":"https:\/\/api.w.org\/{rel}","templated":true}]}}