{"id":484,"date":"2024-06-20T08:54:46","date_gmt":"2024-06-20T06:54:46","guid":{"rendered":"https:\/\/aparcarentossa.ora.cmspro.telpark.com\/residents\/"},"modified":"2024-07-23T11:03:20","modified_gmt":"2024-07-23T09:03:20","slug":"residents","status":"publish","type":"page","link":"https:\/\/aparcarentossa.com\/en\/residents\/","title":{"rendered":"Residents"},"content":{"rendered":"\n<section class=\"tpk-hero tpk-hero--products                lower\"\n         style=\"\">\n                        <picture >\n\n                    <source srcset=\"https:\/\/aparcarentossa.com\/wp-content\/uploads\/sites\/38\/2024\/06\/Residentes-OTA-Barakaldo-480x300.webp\" media=\"((min-width: 0rem) and (max-width: 30rem))\">\n                             <source srcset=\"https:\/\/aparcarentossa.com\/wp-content\/uploads\/sites\/38\/2024\/06\/Residentes-OTA-Barakaldo-1024x300.webp\" media=\"(min-width: 30rem) and (max-width: 64rem)\" >\n                            <source srcset=\"https:\/\/aparcarentossa.com\/wp-content\/uploads\/sites\/38\/2024\/06\/Residentes-OTA-Barakaldo.webp\" media=\"(min-width: 64rem)\" >\n        \n        \n                                                                                                        \n        <img src=\"https:\/\/aparcarentossa.com\/wp-content\/uploads\/sites\/38\/2024\/06\/Residentes-OTA-Barakaldo.webp\" alt=\"\"  width=\"1140\" height=\"300\"  loading=\"eager\">\n    <\/picture>\n\n    \n        <div class=\"tpk-hero__content wrapper row\">\n                    <div class=\"col-xs-12 col-sm-12 pr-h pl-h\">\n                                <header class=\"tpk-head  wrapper\">\n    <p class=\"tpk-head__caption\">Operation<\/p>    <h1 class=\"tpk-head__title\">Residents<\/h1>    <\/header>\n            \n                    <\/div>\n    <\/div>\n            <div class=\"tpk-hero__cards row wrapper\">\n                                                                                        <div class=\"col-xs-12 col-sm-12 col-md-4 mb-1 pl-h pr-h\">\n                                                                    <\/div>\n                    <\/div>\n    <\/section>\n<div class=\"tpk-spinner__wrapper\">\n    <div class=\"tpk-spinner\"><\/div>\n<\/div>\n\n<article class=\"tpk-page\">\n    <div class=\"row wrapper center-xs tpk-page__content\">\n        <div class=\"col-xs-12 col-sm-10 col-md-8 pt-4 pb-4\">\n            <blockquote>\n<h1>Green Zones<\/h1>\n<\/blockquote>\n<p>Green zones are those areas of the public road where vehicles with a resident sticker and, when so determined, non-residents can park for the predetermined time in each case. In this way, residents can park for free (with the obligation to obtain a zero-cost ticket with a maximum time of 72 hours) and vehicles without a sticker can do so by paying the established fee, with a maximum time limit of 2 hours.<\/p>\n<blockquote>\n<h2>Residents<\/h2>\n<\/blockquote>\n<p>The condition of being a resident, for the purposes of using green zones, is established by:<\/p>\n<p>a) Individuals registered in Tossa and who are owners of a vehicle that pays the IVTM Tax in Tossa.<\/p>\n<p>b) Individuals registered in Tossa and who are regular drivers of a vehicle with a rental, leasing, or similar contract, lasting more than 6 months.<\/p>\n<p>c) Individuals not registered in Tossa who pay property tax (IBI) on a house in Tossa.<\/p>\n<p>d) Individuals who own a business with a domicile or headquarters in Tossa, or have a work contract with a company with a domicile or headquarters in Tossa lasting more than 4 months.<\/p>\n<p>e) Legal entities with vehicles in their name that pay the IVTM Tax in the municipality.<\/p>\n<p>f) Legal entities with a domicile or headquarters established in the municipality that have rental, leasing, or similar vehicles for more than 6 months.<\/p>\n<blockquote>\n<h2>Sticker<\/h2>\n<\/blockquote>\n<p>The sticker that certifies the condition of a resident, after its application and verification of the aforementioned conditions, must be activated by paying the established fee for this purpose (subject to the final approval of the corresponding Fiscal Ordinance) and which are as follows:<\/p>\n<p>a) Individuals registered in Tossa and who are owners of a vehicle that pays the IVTM Tax in Tossa. \u20ac5.00<\/p>\n<p>b) Individuals registered in Tossa and who are regular drivers of a vehicle with a rental, leasing, or similar contract, lasting more than 6 months. \u20ac30.00<\/p>\n<p>c) Individuals not registered in Tossa who pay property tax (IBI) on a house in Tossa. \u20ac60.00<\/p>\n<p>d) Individuals who own a business with a domicile or headquarters in Tossa, or have a work contract with a company with a domicile or headquarters in Tossa lasting more than 4 months. \u20ac60.00<\/p>\n<p>e) Legal entities with vehicles in their name that pay the IVTM Tax in the municipality. \u20ac30.00<\/p>\n<p>f) Legal entities with a domicile or headquarters established in the municipality that have rental, leasing, or similar vehicles for more than 6 months. \u20ac60.00<\/p>\n<p>*In the case of points (e) and (f), a maximum of 3 vehicles per legal entity is allowed.<\/p>\n<p>Once activated, it must be attached to the lower right part of the vehicle's windshield. The effect of this sticker will always be conditioned on compliance with the resident conditions and being up to date with economic obligations (taxes, fines, and public prices) with the Tossa de Mar Town Hall.<\/p>\n<p>The resident sticker can be applied for at the OAC, the Citizen Attention Office, or electronically.<\/p>\n<p>Name of the procedure: \"Request for the Green Parking Card for Residents in Limited Parking Zones (green zone)\" or by typing \"green zone\" in the \"search procedures\" field.<\/p>\n<blockquote>\n<h2>Necessary Documentation<\/h2>\n<\/blockquote>\n<ul>\n<li>\n<p>To carry out this procedure, it is necessary to be up to date with payments. It is no longer mandatory to provide the certificate issued by XALOC.<\/p>\n<\/li>\n<li>\n<p>In the case of being the regular driver of a vehicle with a rental, leasing, or similar contract, the rental contract and the vehicle's technical sheet must be provided.<\/p>\n<\/li>\n<li>\n<p>Regular drivers of vans or mixed vans must present the vehicle's technical sheet.<\/p>\n<\/li>\n<\/ul>\n<blockquote>\n<h2>Important Note<\/h2>\n<\/blockquote>\n<p>Once the request for the green zone sticker has been made, it must be activated by paying the established fee (pending final approval of the corresponding Fiscal Ordinance).<\/p>\n<p>The payment of the fee will be made in person at the Citizen Attention Offices of the Tossa de Mar Town Hall (Avinguda Pelegr\u00ed, 25), after notification of compliance with the requirements to be the holder of the sticker, during the last week of May.<\/p>\n<p>At the same time as the fee is paid, the sticker will be delivered and will be valid, allowing parking in the green zone.*<\/p>\n<p>*from June 1 to October 15<\/p>\n<blockquote>\n<h2>Operation<\/h2>\n<\/blockquote>\n<p>From June 1 to October 15 of each year, the maximum allowed parking time will be duly indicated on the parking meters or corresponding signage and will differ depending on whether the vehicle has a resident sticker or not.<\/p>\n<p>All vehicles must obtain a parking ticket through the installed parking meters or electronically. In the case of residents, this ticket will be free and valid for 72 hours, after which it will be necessary to renew it.<\/p>\n<p>In the case of green zones with a payment option for non-residents, the proof that allows their use will be a payment receipt ticket unless the payment was made through an electronic means. The payment schedule in this case will be from 10 am to 9 pm.<\/p>\n<blockquote>\n<h2>Non-Exclusive Green Zones<\/h2>\n<\/blockquote>\n<p>From June 1 to October 15 of each year, the green parking zones on Nostra Senyora de Montserrat, Escultor Casanovas, Pintor R Benet, Bernats, Tomas Barber, Sant Vicen\u00e7, Giverola, Maria Auxiliadora, Sant Sebasti\u00e0, Pompeu Fabra, Escultor Mares, Torrent Viver, Pintor Creixams, Francesc de P Rissech, Rambla Pau Casals, Lope Mateo, Vilafranca del Pened\u00e8s, Calafat, Gabriela Mistral, Joan Brossa, Capit\u00e0 Mestres, and Victor Catal\u00e0 streets will be regulated, so that residents can park for free (with the obligation to obtain a zero-cost ticket with a maximum time of 72 hours) and vehicles without a sticker can do so by paying the established fee (with a maximum time limit of 2 hours).<\/p>\n<p>There are a total of 369 non-exclusive green zone spaces.<\/p>\n<p><img loading=\"lazy\" class=\"alignnone size-full wp-image-983\" src=\"http:\/\/aparcarentossa.com\/wp-content\/uploads\/sites\/38\/2024\/07\/zonas-tossa-1.jpeg\" alt=\"\" width=\"568\" height=\"400\" \/> <img loading=\"lazy\" class=\"alignnone size-full wp-image-979\" src=\"http:\/\/aparcarentossa.com\/wp-content\/uploads\/sites\/38\/2024\/07\/zonas-tossa-2.jpeg\" alt=\"\" width=\"568\" height=\"400\" \/> <img loading=\"lazy\" class=\"alignnone size-full wp-image-975\" src=\"http:\/\/aparcarentossa.com\/wp-content\/uploads\/sites\/38\/2024\/07\/zonas-tossa-3.jpeg\" alt=\"\" width=\"568\" height=\"400\" \/><\/p>\n<blockquote>\n<h2>Exclusive Green Zones<\/h2>\n<\/blockquote>\n<p>The Tossa de Mar Town Hall has enabled green zone parking spaces in the Old Town, specifically in the spaces on Joan Barber Coris, Sot de ses Pomeres, and s\u2019Aloc streets.<\/p>\n<p>These spaces are exclusive for residents; only vehicles with an activated resident sticker can park. The maximum parking time is 72 hours.<\/p>\n<p>There are a total of 34 exclusive green zone spaces.<\/p>\n<p><img loading=\"lazy\" class=\"alignnone size-full wp-image-971\" src=\"http:\/\/aparcarentossa.com\/wp-content\/uploads\/sites\/38\/2024\/07\/zonas-tossa-4.jpeg\" alt=\"\" width=\"568\" height=\"400\" \/><\/p>\n<blockquote>\n<h2>Doubts and Contact <strong>Town Hall<\/strong><\/h2>\n<\/blockquote>\n<p>For any queries or clarifications, you can contact the OAC, the Citizen Attention Office, or by email: <strong><a class=\"autolink\" href=\"mailto:ajuntament@tossademar.org\">ajuntament@tossademar.org<\/a><\/strong><\/p>\n\n        <\/div>\n    <\/div>\n<\/article>\n\n\n<section\n        class=\"tpk-banner-cta tpk-banner-cta--background   \"\n        style=\"\">\n    <div class=\"tpk-banner-cta__content row wrapper middle-xs \">\n                <div class=\"col-xs-12 col-sm-6 tpk-banner-cta__content__picture\">\n                                                        <picture >\n\n                    <source srcset=\"https:\/\/aparcarentossa.com\/wp-content\/uploads\/sites\/38\/2024\/07\/Horarios-y-tarifas-Tossa-375x500.png\" media=\"((min-width: 0rem) and (max-width: 30rem))\">\n                             <source srcset=\"https:\/\/aparcarentossa.com\/wp-content\/uploads\/sites\/38\/2024\/07\/Horarios-y-tarifas-Tossa-520x520.png\" media=\"(min-width: 30rem) and (max-width: 64rem)\" >\n                            <source srcset=\"https:\/\/aparcarentossa.com\/wp-content\/uploads\/sites\/38\/2024\/07\/Horarios-y-tarifas-Tossa-700x814.png\" media=\"(min-width: 64rem)\" >\n        \n        \n                                                                                                        \n        <img src=\"https:\/\/aparcarentossa.com\/wp-content\/uploads\/sites\/38\/2024\/07\/Horarios-y-tarifas-Tossa-700x814.png\" alt=\"\"  width=\"700\" height=\"814\"  loading=\"lazy\" >\n    <\/picture>\n\n        <\/div>\n        <div class=\"col-xs-12 col-sm-6 tpk-banner-cta__content__text  align-left \">\n                                                        <header class=\"tpk-head  wrapper\">\n    <p class=\"tpk-head__caption\">Inquiry<\/p>    <h2 class=\"tpk-head__title\">Schedules and rates<\/h2>    <\/header>                                    <div class=\"tpk-banner-cta__buttons\">\n                                                                                <a  class=\"tpk-button tpk-button--primary tpk-button--lg \" href=\"https:\/\/aparcarentossa.com\/en\/horarios-y-tarifas\/\"    >\n    <span>View information<\/span>\n    <\/a>                                            <\/div>\n                            <\/div>\n        <\/div>\n<\/section>\n\n\n<section\n        class=\"tpk-banner-cta tpk-banner-cta--background   \"\n        style=\" --bg-picture: url('https:\/\/aparcarentossa.com\/wp-content\/uploads\/sites\/38\/2024\/06\/banner.webp'); \">\n    <div class=\"tpk-banner-cta__content row wrapper middle-xs \">\n                                <div class=\"col-xs-12 col-md-6 tpk-banner-cta__content__text  \">\n                                                <header class=\"tpk-head  wrapper\">\n    <p class=\"tpk-head__caption\">Check the regulated parking zones<\/p>    <h2 class=\"tpk-head__title\">General Map of Tossa de Mar<\/h2>    <\/header>                                    <div class=\"tpk-banner-cta__buttons\">\n                                                                                <a  class=\"tpk-button tpk-button--primary tpk-button--lg \" href=\"https:\/\/aparcarentossa.com\/planos\/\"    target=\"_blank\" >\n    <span>View<\/span>\n    <\/a>                                            <\/div>\n                            <\/div>\n        <\/div>\n<\/section>\n\n<article class=\"tpk-page\">\n    <div class=\"row wrapper center-xs tpk-page__content\">\n        <div class=\"col-xs-12 col-sm-10 col-md-8 pt-4 pb-4\">\n            <h2>Frequently Asked Questions<\/h2>\n<blockquote>\n<p>If you have any questions, do not hesitate to consult our F.A.Q. (FAQs) where you will find the questions asked by most users.<\/p>\n<p><a href=\"https:\/\/aparcarentossa.ora.cmspro.telpark.com\/faqs\/\">SEE FREQUENTLY ASKED QUESTIONS<\/a><\/p>\n<\/blockquote>\n\n        <\/div>\n    <\/div>\n<\/article>\n\n\n<section class=\"tpk-banner-app \">\n    <div class=\"row wrapper middle-xs\">\n        <div class=\"col-xs-12 col-sm-6 col-no-gutter tpk-banner-app__picture\">\n                                                <picture class=\"hide-xs show-sm\">\n\n                             <source srcset=\"https:\/\/aparcarentossa.com\/wp-content\/uploads\/sites\/38\/2024\/06\/Web_bloqueORA_Mesa-de-trabajo-1-488x534.webp\" media=\"(min-width: 30rem) and (max-width: 64rem)\" >\n                            <source srcset=\"https:\/\/aparcarentossa.com\/wp-content\/uploads\/sites\/38\/2024\/06\/Web_bloqueORA_Mesa-de-trabajo-1.webp\" media=\"(min-width: 64rem)\" >\n        \n        \n                                                                                                        \n        <img src=\"https:\/\/aparcarentossa.com\/wp-content\/uploads\/sites\/38\/2024\/06\/Web_bloqueORA_Mesa-de-trabajo-1.webp\" alt=\"\"  width=\"600\" height=\"600\"  loading=\"lazy\" >\n    <\/picture>\n\n                                <\/div>\n        <div class=\"col-xs-12 col-sm-6 tpk-banner-app__content\">\n                        <header class=\"tpk-head  wrapper\">\n    <p class=\"tpk-head__caption\">Park and go<\/p>    <h2 class=\"tpk-head__title\">Scan the code with your mobile phone to download the app<\/h2>    <\/header>\n                        <div class=\"tpk-banner-app__buttons\">\n                                                                                                                    \n    <a href=\"https:\/\/play.google.com\/store\/apps\/details?id=com.delaware.empark\" class=\"tpk-button tpk-button--app dark\" target=\"_blank\">\n        <svg width=\"23\" height=\"26\" viewBox=\"0 0 23 26\" fill=\"none\" xmlns=\"http:\/\/www.w3.org\/2000\/svg\">\n            <path fill-rule=\"evenodd\" clip-rule=\"evenodd\" d=\"M0.862422 0.87988C0.581172 1.18175 0.419922 1.64675 0.419922 2.25113V23.7411C0.419922 24.3455 0.581172 24.8105 0.873047 25.1018L0.949297 25.1661L12.9905 13.1249V12.8543L0.938672 0.815505L0.862422 0.87988Z\" fill=\"url(#paint0_linear_9_9)\"\/>\n            <path fill-rule=\"evenodd\" clip-rule=\"evenodd\" d=\"M16.9962 17.1543L12.98 13.1368V12.8556L16.9975 8.83807L17.0843 8.89182L21.8362 11.5924C23.1968 12.3593 23.1968 13.6231 21.8362 14.4006L17.0843 17.1012L16.9962 17.1543Z\" fill=\"url(#paint1_linear_9_9)\"\/>\n            <path fill-rule=\"evenodd\" clip-rule=\"evenodd\" d=\"M17.083 17.1005L12.9799 12.9961L0.862371 25.1136C1.30487 25.5892 2.04987 25.643 2.88237 25.178L17.083 17.1005Z\" fill=\"url(#paint2_linear_9_9)\"\/>\n            <path fill-rule=\"evenodd\" clip-rule=\"evenodd\" d=\"M17.083 8.89304L2.88237 0.82616C2.05112 0.350535 1.30487 0.41491 0.862371 0.890535L12.9786 12.9962L17.083 8.89304Z\" fill=\"url(#paint3_linear_9_9)\"\/>\n            <defs>\n            <linearGradient id=\"paint0_linear_9_9\" x1=\"35.6607\" y1=\"-6.74995\" x2=\"-5.23028\" y2=\"12.2052\" gradientUnits=\"userSpaceOnUse\">\n            <stop stop-color=\"#047ED6\"\/>\n            <stop offset=\"1\" stop-color=\"#50E6FF\"\/>\n            <\/linearGradient>\n            <linearGradient id=\"paint1_linear_9_9\" x1=\"24.5643\" y1=\"12.9971\" x2=\"-6.03917\" y2=\"12.9971\" gradientUnits=\"userSpaceOnUse\">\n            <stop stop-color=\"#FFDA1C\"\/>\n            <stop offset=\"1\" stop-color=\"#FEB705\"\/>\n            <\/linearGradient>\n            <linearGradient id=\"paint2_linear_9_9\" x1=\"19.7657\" y1=\"4.95934\" x2=\"-15.0772\" y2=\"45.5368\" gradientUnits=\"userSpaceOnUse\">\n            <stop stop-color=\"#D9414F\"\/>\n            <stop offset=\"1\" stop-color=\"#8C193F\"\/>\n            <\/linearGradient>\n            <linearGradient id=\"paint3_linear_9_9\" x1=\"-2.18997\" y1=\"-6.27096\" x2=\"4.71665\" y2=\"5.36978\" gradientUnits=\"userSpaceOnUse\">\n            <stop stop-color=\"#33C481\"\/>\n            <stop offset=\"1\" stop-color=\"#61E3A7\"\/>\n            <\/linearGradient>\n            <\/defs>\n            <\/svg>\n        <div>\n            <span>Disponible en<\/span>\n            Google Play\n        <\/div>\n    <\/a>\n                                                                                                                                                                                <a href=\"https:\/\/apps.apple.com\/es\/app\/telpark\/id658204860\" class=\"tpk-button tpk-button--app dark\" target=\"_blank\">\n        <svg width=\"25\" height=\"30\" viewBox=\"0 0 25 30\" fill=\"none\" xmlns=\"http:\/\/www.w3.org\/2000\/svg\">\n            <path d=\"M23.643 10.227C23.469 10.362 20.397 12.093 20.397 15.942C20.397 20.394 24.306 21.969 24.423 22.008C24.405 22.104 23.802 24.165 22.362 26.265C21.078 28.113 19.737 29.958 17.697 29.958C15.657 29.958 15.132 28.773 12.777 28.773C10.482 28.773 9.666 29.997 7.8 29.997C5.934 29.997 4.632 28.287 3.135 26.187C1.401 23.721 0 19.89 0 16.254C0 10.422 3.792 7.329 7.524 7.329C9.507 7.329 11.16 8.631 12.405 8.631C13.59 8.631 15.438 7.251 17.694 7.251C18.549 7.251 21.621 7.329 23.643 10.227V10.227ZM16.623 4.782C17.556 3.675 18.216 2.139 18.216 0.603C18.216 0.39 18.198 0.174 18.159 0C16.641 0.057 14.835 1.011 13.746 2.274C12.891 3.246 12.093 4.782 12.093 6.339C12.093 6.573 12.132 6.807 12.15 6.882C12.246 6.9 12.402 6.921 12.558 6.921C13.92 6.921 15.633 6.009 16.623 4.782Z\" fill=\"white\"\/>\n        <\/svg>\n        <div>\n            <span>Disponible en<\/span>\n            Apple Store\n        <\/div>\n    <\/a>\n\n                                                                        <\/div>\n        <\/div>\n    <\/div>\n<\/section>\n","protected":false},"excerpt":{"rendered":"","protected":false},"author":3,"featured_media":0,"parent":0,"menu_order":0,"comment_status":"closed","ping_status":"closed","template":"","meta":[],"yoast_head":"<!-- This site is optimized with the Yoast SEO plugin v20.12 - https:\/\/yoast.com\/wordpress\/plugins\/seo\/ -->\n<title>Residents - Aparcar en Tossa<\/title>\n<meta name=\"robots\" content=\"index, follow, max-snippet:-1, max-image-preview:large, max-video-preview:-1\" \/>\n<link rel=\"canonical\" href=\"https:\/\/aparcarentossa.com\/en\/residents\/\" \/>\n<meta property=\"og:locale\" content=\"en_US\" \/>\n<meta property=\"og:type\" content=\"article\" \/>\n<meta property=\"og:title\" content=\"Residents - Aparcar en Tossa\" \/>\n<meta property=\"og:url\" content=\"https:\/\/aparcarentossa.com\/en\/residents\/\" \/>\n<meta property=\"og:site_name\" content=\"Aparcar en Tossa\" \/>\n<meta property=\"article:modified_time\" content=\"2024-07-23T09:03:20+00:00\" \/>\n<meta name=\"twitter:card\" content=\"summary_large_image\" \/>\n<script type=\"application\/ld+json\" class=\"yoast-schema-graph\">{\"@context\":\"https:\/\/schema.org\",\"@graph\":[{\"@type\":\"WebPage\",\"@id\":\"https:\/\/aparcarentossa.com\/en\/residents\/\",\"url\":\"https:\/\/aparcarentossa.com\/en\/residents\/\",\"name\":\"Residents - Aparcar en Tossa\",\"isPartOf\":{\"@id\":\"https:\/\/aparcarentossa.com\/en\/#website\"},\"datePublished\":\"2024-06-20T06:54:46+00:00\",\"dateModified\":\"2024-07-23T09:03:20+00:00\",\"breadcrumb\":{\"@id\":\"https:\/\/aparcarentossa.com\/en\/residents\/#breadcrumb\"},\"inLanguage\":\"en-US\",\"potentialAction\":[{\"@type\":\"ReadAction\",\"target\":[\"https:\/\/aparcarentossa.com\/en\/residents\/\"]}]},{\"@type\":\"BreadcrumbList\",\"@id\":\"https:\/\/aparcarentossa.com\/en\/residents\/#breadcrumb\",\"itemListElement\":[{\"@type\":\"ListItem\",\"position\":1,\"name\":\"Home\",\"item\":\"https:\/\/aparcarentossa.com\/en\/\"},{\"@type\":\"ListItem\",\"position\":2,\"name\":\"Residents\"}]},{\"@type\":\"WebSite\",\"@id\":\"https:\/\/aparcarentossa.com\/en\/#website\",\"url\":\"https:\/\/aparcarentossa.com\/en\/\",\"name\":\"Aparcar en Tossa\",\"description\":\"\",\"publisher\":{\"@id\":\"https:\/\/aparcarentossa.com\/en\/#organization\"},\"potentialAction\":[{\"@type\":\"SearchAction\",\"target\":{\"@type\":\"EntryPoint\",\"urlTemplate\":\"https:\/\/aparcarentossa.com\/en\/?s={search_term_string}\"},\"query-input\":\"required name=search_term_string\"}],\"inLanguage\":\"en-US\"},{\"@type\":\"Organization\",\"@id\":\"https:\/\/aparcarentossa.com\/en\/#organization\",\"name\":\"Aparcar en Tossa\",\"url\":\"https:\/\/aparcarentossa.com\/en\/\",\"logo\":{\"@type\":\"ImageObject\",\"inLanguage\":\"en-US\",\"@id\":\"https:\/\/aparcarentossa.com\/en\/#\/schema\/logo\/image\/\",\"url\":\"https:\/\/aparcarentossa.com\/wp-content\/uploads\/sites\/38\/2024\/07\/Logo-Tossa.png\",\"contentUrl\":\"https:\/\/aparcarentossa.com\/wp-content\/uploads\/sites\/38\/2024\/07\/Logo-Tossa.png\",\"width\":160,\"height\":110,\"caption\":\"Aparcar en Tossa\"},\"image\":{\"@id\":\"https:\/\/aparcarentossa.com\/en\/#\/schema\/logo\/image\/\"}}]}<\/script>\n<!-- \/ Yoast SEO plugin. -->","yoast_head_json":{"title":"Residents - Aparcar en Tossa","robots":{"index":"index","follow":"follow","max-snippet":"max-snippet:-1","max-image-preview":"max-image-preview:large","max-video-preview":"max-video-preview:-1"},"canonical":"https:\/\/aparcarentossa.com\/en\/residents\/","og_locale":"en_US","og_type":"article","og_title":"Residents - Aparcar en Tossa","og_url":"https:\/\/aparcarentossa.com\/en\/residents\/","og_site_name":"Aparcar en Tossa","article_modified_time":"2024-07-23T09:03:20+00:00","twitter_card":"summary_large_image","schema":{"@context":"https:\/\/schema.org","@graph":[{"@type":"WebPage","@id":"https:\/\/aparcarentossa.com\/en\/residents\/","url":"https:\/\/aparcarentossa.com\/en\/residents\/","name":"Residents - Aparcar en Tossa","isPartOf":{"@id":"https:\/\/aparcarentossa.com\/en\/#website"},"datePublished":"2024-06-20T06:54:46+00:00","dateModified":"2024-07-23T09:03:20+00:00","breadcrumb":{"@id":"https:\/\/aparcarentossa.com\/en\/residents\/#breadcrumb"},"inLanguage":"en-US","potentialAction":[{"@type":"ReadAction","target":["https:\/\/aparcarentossa.com\/en\/residents\/"]}]},{"@type":"BreadcrumbList","@id":"https:\/\/aparcarentossa.com\/en\/residents\/#breadcrumb","itemListElement":[{"@type":"ListItem","position":1,"name":"Home","item":"https:\/\/aparcarentossa.com\/en\/"},{"@type":"ListItem","position":2,"name":"Residents"}]},{"@type":"WebSite","@id":"https:\/\/aparcarentossa.com\/en\/#website","url":"https:\/\/aparcarentossa.com\/en\/","name":"Aparcar en Tossa","description":"","publisher":{"@id":"https:\/\/aparcarentossa.com\/en\/#organization"},"potentialAction":[{"@type":"SearchAction","target":{"@type":"EntryPoint","urlTemplate":"https:\/\/aparcarentossa.com\/en\/?s={search_term_string}"},"query-input":"required name=search_term_string"}],"inLanguage":"en-US"},{"@type":"Organization","@id":"https:\/\/aparcarentossa.com\/en\/#organization","name":"Aparcar en Tossa","url":"https:\/\/aparcarentossa.com\/en\/","logo":{"@type":"ImageObject","inLanguage":"en-US","@id":"https:\/\/aparcarentossa.com\/en\/#\/schema\/logo\/image\/","url":"https:\/\/aparcarentossa.com\/wp-content\/uploads\/sites\/38\/2024\/07\/Logo-Tossa.png","contentUrl":"https:\/\/aparcarentossa.com\/wp-content\/uploads\/sites\/38\/2024\/07\/Logo-Tossa.png","width":160,"height":110,"caption":"Aparcar en Tossa"},"image":{"@id":"https:\/\/aparcarentossa.com\/en\/#\/schema\/logo\/image\/"}}]}},"meta_box":[],"_links":{"self":[{"href":"https:\/\/aparcarentossa.com\/en\/wp-json\/wp\/v2\/pages\/484"}],"collection":[{"href":"https:\/\/aparcarentossa.com\/en\/wp-json\/wp\/v2\/pages"}],"about":[{"href":"https:\/\/aparcarentossa.com\/en\/wp-json\/wp\/v2\/types\/page"}],"author":[{"embeddable":true,"href":"https:\/\/aparcarentossa.com\/en\/wp-json\/wp\/v2\/users\/3"}],"replies":[{"embeddable":true,"href":"https:\/\/aparcarentossa.com\/en\/wp-json\/wp\/v2\/comments?post=484"}],"version-history":[{"count":3,"href":"https:\/\/aparcarentossa.com\/en\/wp-json\/wp\/v2\/pages\/484\/revisions"}],"predecessor-version":[{"id":1184,"href":"https:\/\/aparcarentossa.com\/en\/wp-json\/wp\/v2\/pages\/484\/revisions\/1184"}],"wp:attachment":[{"href":"https:\/\/aparcarentossa.com\/en\/wp-json\/wp\/v2\/media?parent=484"}],"curies":[{"name":"wp","href":"https:\/\/api.w.org\/{rel}","templated":true}]}}