{"id":1087,"date":"2024-06-20T08:54:46","date_gmt":"2024-06-20T06:54:46","guid":{"rendered":"https:\/\/aparcarentossa.com\/residents\/"},"modified":"2024-07-23T11:04:03","modified_gmt":"2024-07-23T09:04:03","slug":"residents","status":"publish","type":"page","link":"https:\/\/aparcarentossa.com\/ca\/residents\/","title":{"rendered":"Residents"},"content":{"rendered":"\n<section class=\"tpk-hero tpk-hero--products                lower\"\n         style=\"\">\n                        <picture >\n\n                    <source srcset=\"https:\/\/aparcarentossa.com\/wp-content\/uploads\/sites\/38\/2024\/06\/Residentes-OTA-Barakaldo-480x300.webp\" media=\"((min-width: 0rem) and (max-width: 30rem))\">\n                             <source srcset=\"https:\/\/aparcarentossa.com\/wp-content\/uploads\/sites\/38\/2024\/06\/Residentes-OTA-Barakaldo-1024x300.webp\" media=\"(min-width: 30rem) and (max-width: 64rem)\" >\n                            <source srcset=\"https:\/\/aparcarentossa.com\/wp-content\/uploads\/sites\/38\/2024\/06\/Residentes-OTA-Barakaldo.webp\" media=\"(min-width: 64rem)\" >\n        \n        \n                                                                                                        \n        <img src=\"https:\/\/aparcarentossa.com\/wp-content\/uploads\/sites\/38\/2024\/06\/Residentes-OTA-Barakaldo.webp\" alt=\"\"  width=\"1140\" height=\"300\"  loading=\"eager\">\n    <\/picture>\n\n    \n        <div class=\"tpk-hero__content wrapper row\">\n                    <div class=\"col-xs-12 col-sm-12 pr-h pl-h\">\n                                <header class=\"tpk-head  wrapper\">\n    <p class=\"tpk-head__caption\">Funcionament<\/p>    <h1 class=\"tpk-head__title\">Residents<\/h1>    <\/header>\n            \n                    <\/div>\n    <\/div>\n            <div class=\"tpk-hero__cards row wrapper\">\n                                                                                        <div class=\"col-xs-12 col-sm-12 col-md-4 mb-1 pl-h pr-h\">\n                                                                    <\/div>\n                    <\/div>\n    <\/section>\n<div class=\"tpk-spinner__wrapper\">\n    <div class=\"tpk-spinner\"><\/div>\n<\/div>\n\n<article class=\"tpk-page\">\n    <div class=\"row wrapper center-xs tpk-page__content\">\n        <div class=\"col-xs-12 col-sm-10 col-md-8 pt-4 pb-4\">\n            <blockquote>\n<p><strong>ZONES VERDES<\/strong><\/p>\n<\/blockquote>\n<p>Les zones verdes s\u00f3n aquells espais de la via p\u00fablica on els vehicles amb el distintiu de resident i, quan aix\u00ed es determini, les persones no residents, poden estacionar pel temps preestablert en cada cas. D\u2019aquesta manera, els residents hi podran estacionar gratu\u00eftament (amb obligaci\u00f3 d'obtenir tiquet a cost 0 amb temps m\u00e0xim de 72 hores) i els vehicles sense distintiu ho podran fer abonant la taxa establerta, amb un temps m\u00e0xim limitat a 2 hores.<\/p>\n<blockquote>\n<p><strong>RESIDENTS<\/strong><\/p>\n<\/blockquote>\n<p>La condici\u00f3 de persona resident, a efecte de l\u2019\u00fas de les zones verdes, s\u2019estableix per:<\/p>\n<p>a) Persones f\u00edsiques empadronades a Tossa i que siguin titulars d\u2019un vehicle que aboni l\u2019Impost IVTM a Tossa.<\/p>\n<p>b) Persones f\u00edsiques empadronades a Tossa i que siguin conductores habituals d\u2019un vehicle amb contracte de lloguer, r\u00e8nting o similar, de durada superior a 6 mesos.<\/p>\n<p>c) Persones f\u00edsiques no empadronades a Tossa que tributen IBI relatiu a un habitatge a Tossa.<\/p>\n<p>d) Persones titulars d\u2019una activitat econ\u00f2mica amb domicili o seu a Tossa o, amb un contracte laboral en una empresa amb domicili o seu a Tossa de durada superior a 4 mesos.<\/p>\n<p>e) Persones jur\u00eddiques amb vehicles de la seva titularitat que abonin l\u2019 IVTM al municipi.<\/p>\n<p>f) Persones jur\u00eddiques amb domicili o seu establerta al municipi que disposin de vehicles de lloguer, r\u00e8nting o similar, de durada superior a 6 mesos.<\/p>\n<blockquote>\n<p><strong>ADHESIU<\/strong><\/p>\n<\/blockquote>\n<p>L\u2019adhesiu que acredita la condici\u00f3 de resident, posterior a la seva sol\u00b7licitud i a la comprovaci\u00f3 dels condicionants enumerats anteriorment, caldr\u00e0 activar-lo abonant la taxa establerta a aquest efecte (condicionada a l\u2019aprovaci\u00f3 definitiva de l\u2019Ordenan\u00e7a Fiscal corresponent) i que s\u00f3n les seg\u00fcents:<\/p>\n<p>a) Persones f\u00edsiques empadronades a Tossa i que siguin titulars d\u2019un vehicle que aboni l\u2019Impost IVTM a Tossa. 5,00\u202f\u20ac<\/p>\n<p>b) Persones f\u00edsiques empadronades a Tossa i que siguin conductores habituals d\u2019un vehicle amb contracte de lloguer, r\u00e8nting o similar, de durada superior a 6 mesos. 30,00\u202f\u20ac<\/p>\n<p>c) Persones f\u00edsiques no empadronades a Tossa que tributen IBI relatiu a un habitatge a Tossa. 60,00\u202f\u20ac<\/p>\n<p>d) Persones titulars d\u2019una activitat econ\u00f2mica amb domicili o seu a Tossa o, amb un contracte laboral en una empresa amb domicili o seu a Tossa de durada superior a 4 mesos. 60,00\u202f\u20ac<\/p>\n<p>e) Persones jur\u00eddiques amb vehicles de la seva titularitat que abonin l\u2019IVTM al municipi. 30,00\u202f\u20ac<\/p>\n<p>f) Persones jur\u00eddiques amb domicili o seu establerta al municipi que disposin de vehicles de lloguer, r\u00e8nting o similar, de durada superior a 6 mesos. 60,00\u202f\u20ac<\/p>\n<p>*En el cas dels sup\u00f2sits (e) i (f) es permetr\u00e0 un m\u00e0xim de 3 vehicles per persona jur\u00eddica.<\/p>\n<p>Un cop activat, s\u2019haur\u00e0 d\u2019enganxar a la part inferior dreta del parabrisa davanter del vehicle. L\u2019efecte d\u2019aquest distintiu estar\u00e0 condicionat en tot moment al compliment de les condicions de resident i d\u2019estar al dia de les obligacions econ\u00f2miques (tributs, multes i preus p\u00fablics) amb l\u2019Ajuntament de Tossa de Mar.<\/p>\n<p>Es pot sol\u00b7licitar l\u2019adhesiu de resident a l'OAC, l'Oficina d'atenci\u00f3 a la ciutadania, o a la seu electr\u00f2nica.<\/p>\n<p>Nom del tr\u00e0mit: \"Sol\u00b7licitud de la Targeta Verda d'Aparcament per a Residents en zones d'Estacionament Limitat (zona verda)\" o escrivint \"zona verda\" al camp de \"buscar tr\u00e0mits\".<\/p>\n<blockquote>\n<p><strong>DOCUMENTACI\u00d3 NECESS\u00c0RIA<\/strong><\/p>\n<\/blockquote>\n<ul>\n<li>\n<p>Per fer aquest tr\u00e0mit cal estar al corrent de pagament. Ja no \u00e9s obligatori aportar el certificat que expedeix XALOC.<\/p>\n<\/li>\n<li>\n<p>En cas de ser conductor habitual d'un vehicle amb contracte de lloguer, r\u00e8nting o similar, caldr\u00e0 aportar el contracte de renting i la fitxa t\u00e8cnica del vehicle.<\/p>\n<\/li>\n<li>\n<p>Els conductors habituals de furgonetes o furgonetes mixtes hauran de presentar la fitxa t\u00e8cnica del vehicle.<\/p>\n<\/li>\n<\/ul>\n<blockquote>\n<p><strong>NOTA IMPORTANT<\/strong><\/p>\n<\/blockquote>\n<p>Un cop feta la sol\u00b7licitud de distintiu de zona verda, caldr\u00e0 activar-lo abonant la taxa establerta (pendent de l'aprovaci\u00f3 definitiva de l'Ordenan\u00e7a fiscal corresponent).<\/p>\n<p>El pagament de la taxa es far\u00e0 presencialment a les Oficines d'Atenci\u00f3 al Ciutad\u00e0 de l'Ajuntament de Tossa de Mar (Avinguda Pelegr\u00ed, 25), pr\u00e8via notificaci\u00f3 del compliment dels requisits per a ser titular del distintiu, durant l'\u00faltima setmana de maig.<\/p>\n<p>En el mateix moment de l'abonament de la taxa, es far\u00e0 entrega del distintiu que ja ser\u00e0 v\u00e0lid i permetr\u00e0 l'estacionament en la zona verda.*<\/p>\n<p>* de l'1 de juny al 15 d'octubre<\/p>\n<blockquote>\n<p><strong>FUNCIONAMENT<\/strong><\/p>\n<\/blockquote>\n<p>A partir de l'1 de juny i fins al 15 d\u2019octubre de cada any, el temps m\u00e0xim d\u2019estacionament perm\u00e8s estar\u00e0 degudament indicat en els parqu\u00edmetres o en la senyalitzaci\u00f3 corresponent i ser\u00e0 diferent segons es disposi de distintiu de resident o no.<\/p>\n<p>Tots els vehicles hauran d'obtenir un tiquet d'estacionament a trav\u00e9s dels parqu\u00edmetres instal\u00b7lats o telem\u00e0ticament. En el cas dels residents aquest tiquet ser\u00e0 gratu\u00eft, i tindr\u00e0 una validesa de 72 hores, de manera que transcorregut aquest termini ser\u00e0 necessari la renovaci\u00f3 d'aquest.<\/p>\n<p>En el cas de les zones verdes amb opci\u00f3 de pagament per a les persones que no tinguin la condici\u00f3 de residents, el justificant que permetr\u00e0 utilitzar-les ser\u00e0 un tiquet comprovant de pagament, sempre que aquest no s\u2019hagi realitzat a trav\u00e9s d\u2019algun mitj\u00e0 telem\u00e0tic. L'horari de pagament en aquest cas ser\u00e0 de 10 a 21\u202fh.<\/p>\n<blockquote>\n<p><strong>ZONES VERDES NO EXCLUSIVES<\/strong><\/p>\n<\/blockquote>\n<p>A partir de l\u20191 de juny i fins al 15 d\u2019octubre de cada any, les zones verdes d\u2019estacionament dels carrers Nostra Senyora de Montserrat, Escultor Casanovas, Pintor R Benet, Bernats, Tomas Barber, Sant Vicen\u00e7, Giverola, Maria Auxiliadora, Sant Sebasti\u00e0, Pompeu Fabra, Escultor Mares, Torrent Viver, Pintor Creixams, Francesc de P Rissech, Rambla Pau Casals, Lope Mateo, Vilafranca del Pened\u00e8s, Calafat, Gabriela Mistral, Joan Brossa, Capit\u00e0 Mestres i Victor Catal\u00e0, passaran a estar regulades, de manera que els residents hi podran estacionar gratu\u00eftament (amb obligaci\u00f3 d'obtenir tiquet a cost 0 amb temps m\u00e0xim de 72 hores) i els vehicles sense distintiu ho podran fer abonament la taxa establerta (amb temps m\u00e0xim limitat a 2 hores).<\/p>\n<p>Hi ha un total de 369 places de zona verda no exclusiva.<\/p>\n<p><img loading=\"lazy\" class=\"alignnone size-full wp-image-982\" src=\"http:\/\/aparcarentossa.com\/wp-content\/uploads\/sites\/38\/2024\/07\/zonas-tossa-1.jpeg\" alt=\"\" width=\"568\" height=\"400\" \/> <img loading=\"lazy\" class=\"alignnone size-full wp-image-978\" src=\"http:\/\/aparcarentossa.com\/wp-content\/uploads\/sites\/38\/2024\/07\/zonas-tossa-2.jpeg\" alt=\"\" width=\"568\" height=\"400\" \/> <img loading=\"lazy\" class=\"alignnone size-full wp-image-974\" src=\"http:\/\/aparcarentossa.com\/wp-content\/uploads\/sites\/38\/2024\/07\/zonas-tossa-3.jpeg\" alt=\"\" width=\"568\" height=\"400\" \/><\/p>\n<blockquote>\n<p><strong>ZONES VERDES EXCLUSIVES<\/strong><\/p>\n<\/blockquote>\n<p>L\u2019Ajuntament de Tossa de Mar ha habilitat places d\u2019aparcament de zona verda al Nucli Antic, en concret les places compreses en els carrers Joan Barber Coris, Sot de ses Pomeres, i s\u2019Aloc.<\/p>\n<p>Aquestes places s\u00f3n exclusives per a residents, nom\u00e9s hi podran estacionar els vehicles amb distintiu de resident activat. El temps m\u00e0xim d\u2019estacionament \u00e9s de 72 hores.<\/p>\n<p>Hi ha un total de 34 places de zona verda exclusiva.<\/p>\n<p><img loading=\"lazy\" class=\"alignnone size-full wp-image-970\" src=\"http:\/\/aparcarentossa.com\/wp-content\/uploads\/sites\/38\/2024\/07\/zonas-tossa-4.jpeg\" alt=\"\" width=\"568\" height=\"400\" \/><\/p>\n<blockquote>\n<p><strong>DUBTES I CONTACTE<\/strong> <strong>AJUNTAMENT<\/strong><\/p>\n<\/blockquote>\n<p>Per a qualsevol consulta o aclariment podeu adre\u00e7ar-vos a l'OAC, l'Oficina d'Atenci\u00f3 a la Ciutadania, o per correu electr\u00f2nic: <strong>ajuntament@tossademar.org<\/strong><\/p>\n\n        <\/div>\n    <\/div>\n<\/article>\n\n\n<section\n        class=\"tpk-banner-cta tpk-banner-cta--background   \"\n        style=\"\">\n    <div class=\"tpk-banner-cta__content row wrapper middle-xs \">\n                <div class=\"col-xs-12 col-sm-6 tpk-banner-cta__content__picture\">\n                                                        <picture >\n\n                    <source srcset=\"https:\/\/aparcarentossa.com\/wp-content\/uploads\/sites\/38\/2024\/07\/Horarios-y-tarifas-Tossa-375x500.png\" media=\"((min-width: 0rem) and (max-width: 30rem))\">\n                             <source srcset=\"https:\/\/aparcarentossa.com\/wp-content\/uploads\/sites\/38\/2024\/07\/Horarios-y-tarifas-Tossa-520x520.png\" media=\"(min-width: 30rem) and (max-width: 64rem)\" >\n                            <source srcset=\"https:\/\/aparcarentossa.com\/wp-content\/uploads\/sites\/38\/2024\/07\/Horarios-y-tarifas-Tossa-700x814.png\" media=\"(min-width: 64rem)\" >\n        \n        \n                                                                                                        \n        <img src=\"https:\/\/aparcarentossa.com\/wp-content\/uploads\/sites\/38\/2024\/07\/Horarios-y-tarifas-Tossa-700x814.png\" alt=\"\"  width=\"700\" height=\"814\"  loading=\"lazy\" >\n    <\/picture>\n\n        <\/div>\n        <div class=\"col-xs-12 col-sm-6 tpk-banner-cta__content__text  align-left \">\n                                                        <header class=\"tpk-head  wrapper\">\n    <p class=\"tpk-head__caption\">Consulta<\/p>    <h2 class=\"tpk-head__title\">Horaris i tarifes<\/h2>    <\/header>                                    <div class=\"tpk-banner-cta__buttons\">\n                                                                                <a  class=\"tpk-button tpk-button--primary tpk-button--lg \" href=\"https:\/\/aparcarentossa.com\/ca\/horaris-i-tarifes\/\"    >\n    <span>Veure informaci\u00f3<\/span>\n    <\/a>                                            <\/div>\n                            <\/div>\n        <\/div>\n<\/section>\n\n\n<section\n        class=\"tpk-banner-cta tpk-banner-cta--background   \"\n        style=\" --bg-picture: url('https:\/\/aparcarentossa.com\/wp-content\/uploads\/sites\/38\/2024\/06\/banner.webp'); \">\n    <div class=\"tpk-banner-cta__content row wrapper middle-xs \">\n                                <div class=\"col-xs-12 col-md-6 tpk-banner-cta__content__text  \">\n                                                <header class=\"tpk-head  wrapper\">\n    <p class=\"tpk-head__caption\">Consulta les zones d'estacionament regulat<\/p>    <h2 class=\"tpk-head__title\">Pla General Tossa de Mar<\/h2>    <\/header>                                    <div class=\"tpk-banner-cta__buttons\">\n                                                                                <a  class=\"tpk-button tpk-button--primary tpk-button--lg \" href=\"https:\/\/aparcarentossa.com\/ca\/planols\/\"    target=\"_blank\" >\n    <span>Ver <\/span>\n    <\/a>                                            <\/div>\n                            <\/div>\n        <\/div>\n<\/section>\n\n<article class=\"tpk-page\">\n    <div class=\"row wrapper center-xs tpk-page__content\">\n        <div class=\"col-xs-12 col-sm-10 col-md-8 pt-4 pb-4\">\n            <h2>Preguntes Freq\u00fcents<\/h2>\n<blockquote>\n<p>Si t\u00e9 qualsevol dubte no dubte a consultar la nostra F.A.Q. (Preguntes Freq\u00fcents) on trobar\u00e0 les q\u00fcestions realitzades per la majoria dels usuaris.<\/p>\n<p><a href=\"https:\/\/aparcarentossa.com\/ca\/faqs\/\">VEURE PREGUNTES FREQ\u00dcENTS<\/a><\/p>\n<\/blockquote>\n\n        <\/div>\n    <\/div>\n<\/article>\n\n\n<section class=\"tpk-banner-app \">\n    <div class=\"row wrapper middle-xs\">\n        <div class=\"col-xs-12 col-sm-6 col-no-gutter tpk-banner-app__picture\">\n                                                <picture class=\"hide-xs show-sm\">\n\n                             <source srcset=\"https:\/\/aparcarentossa.com\/wp-content\/uploads\/sites\/38\/2024\/06\/Web_bloqueORA_Mesa-de-trabajo-1-488x534.webp\" media=\"(min-width: 30rem) and (max-width: 64rem)\" >\n                            <source srcset=\"https:\/\/aparcarentossa.com\/wp-content\/uploads\/sites\/38\/2024\/06\/Web_bloqueORA_Mesa-de-trabajo-1.webp\" media=\"(min-width: 64rem)\" >\n        \n        \n                                                                                                        \n        <img src=\"https:\/\/aparcarentossa.com\/wp-content\/uploads\/sites\/38\/2024\/06\/Web_bloqueORA_Mesa-de-trabajo-1.webp\" alt=\"\"  width=\"600\" height=\"600\"  loading=\"lazy\" >\n    <\/picture>\n\n                                <\/div>\n        <div class=\"col-xs-12 col-sm-6 tpk-banner-app__content\">\n                        <header class=\"tpk-head  wrapper\">\n    <p class=\"tpk-head__caption\">Aparca i segueix<\/p>    <h2 class=\"tpk-head__title\">Escaneja el codi amb el m\u00f2bil per descarregar l'app<\/h2>    <\/header>\n                        <div class=\"tpk-banner-app__buttons\">\n                                                                                                                    \n    <a href=\"https:\/\/play.google.com\/store\/apps\/details?id=com.delaware.empark\" class=\"tpk-button tpk-button--app dark\" target=\"_blank\">\n        <svg width=\"23\" height=\"26\" viewBox=\"0 0 23 26\" fill=\"none\" xmlns=\"http:\/\/www.w3.org\/2000\/svg\">\n            <path fill-rule=\"evenodd\" clip-rule=\"evenodd\" d=\"M0.862422 0.87988C0.581172 1.18175 0.419922 1.64675 0.419922 2.25113V23.7411C0.419922 24.3455 0.581172 24.8105 0.873047 25.1018L0.949297 25.1661L12.9905 13.1249V12.8543L0.938672 0.815505L0.862422 0.87988Z\" fill=\"url(#paint0_linear_9_9)\"\/>\n            <path fill-rule=\"evenodd\" clip-rule=\"evenodd\" d=\"M16.9962 17.1543L12.98 13.1368V12.8556L16.9975 8.83807L17.0843 8.89182L21.8362 11.5924C23.1968 12.3593 23.1968 13.6231 21.8362 14.4006L17.0843 17.1012L16.9962 17.1543Z\" fill=\"url(#paint1_linear_9_9)\"\/>\n            <path fill-rule=\"evenodd\" clip-rule=\"evenodd\" d=\"M17.083 17.1005L12.9799 12.9961L0.862371 25.1136C1.30487 25.5892 2.04987 25.643 2.88237 25.178L17.083 17.1005Z\" fill=\"url(#paint2_linear_9_9)\"\/>\n            <path fill-rule=\"evenodd\" clip-rule=\"evenodd\" d=\"M17.083 8.89304L2.88237 0.82616C2.05112 0.350535 1.30487 0.41491 0.862371 0.890535L12.9786 12.9962L17.083 8.89304Z\" fill=\"url(#paint3_linear_9_9)\"\/>\n            <defs>\n            <linearGradient id=\"paint0_linear_9_9\" x1=\"35.6607\" y1=\"-6.74995\" x2=\"-5.23028\" y2=\"12.2052\" gradientUnits=\"userSpaceOnUse\">\n            <stop stop-color=\"#047ED6\"\/>\n            <stop offset=\"1\" stop-color=\"#50E6FF\"\/>\n            <\/linearGradient>\n            <linearGradient id=\"paint1_linear_9_9\" x1=\"24.5643\" y1=\"12.9971\" x2=\"-6.03917\" y2=\"12.9971\" gradientUnits=\"userSpaceOnUse\">\n            <stop stop-color=\"#FFDA1C\"\/>\n            <stop offset=\"1\" stop-color=\"#FEB705\"\/>\n            <\/linearGradient>\n            <linearGradient id=\"paint2_linear_9_9\" x1=\"19.7657\" y1=\"4.95934\" x2=\"-15.0772\" y2=\"45.5368\" gradientUnits=\"userSpaceOnUse\">\n            <stop stop-color=\"#D9414F\"\/>\n            <stop offset=\"1\" stop-color=\"#8C193F\"\/>\n            <\/linearGradient>\n            <linearGradient id=\"paint3_linear_9_9\" x1=\"-2.18997\" y1=\"-6.27096\" x2=\"4.71665\" y2=\"5.36978\" gradientUnits=\"userSpaceOnUse\">\n            <stop stop-color=\"#33C481\"\/>\n            <stop offset=\"1\" stop-color=\"#61E3A7\"\/>\n            <\/linearGradient>\n            <\/defs>\n            <\/svg>\n        <div>\n            <span>Disponible en<\/span>\n            Google Play\n        <\/div>\n    <\/a>\n                                                                                                                                                                                <a href=\"https:\/\/apps.apple.com\/es\/app\/telpark\/id658204860\" class=\"tpk-button tpk-button--app dark\" target=\"_blank\">\n        <svg width=\"25\" height=\"30\" viewBox=\"0 0 25 30\" fill=\"none\" xmlns=\"http:\/\/www.w3.org\/2000\/svg\">\n            <path d=\"M23.643 10.227C23.469 10.362 20.397 12.093 20.397 15.942C20.397 20.394 24.306 21.969 24.423 22.008C24.405 22.104 23.802 24.165 22.362 26.265C21.078 28.113 19.737 29.958 17.697 29.958C15.657 29.958 15.132 28.773 12.777 28.773C10.482 28.773 9.666 29.997 7.8 29.997C5.934 29.997 4.632 28.287 3.135 26.187C1.401 23.721 0 19.89 0 16.254C0 10.422 3.792 7.329 7.524 7.329C9.507 7.329 11.16 8.631 12.405 8.631C13.59 8.631 15.438 7.251 17.694 7.251C18.549 7.251 21.621 7.329 23.643 10.227V10.227ZM16.623 4.782C17.556 3.675 18.216 2.139 18.216 0.603C18.216 0.39 18.198 0.174 18.159 0C16.641 0.057 14.835 1.011 13.746 2.274C12.891 3.246 12.093 4.782 12.093 6.339C12.093 6.573 12.132 6.807 12.15 6.882C12.246 6.9 12.402 6.921 12.558 6.921C13.92 6.921 15.633 6.009 16.623 4.782Z\" fill=\"white\"\/>\n        <\/svg>\n        <div>\n            <span>Disponible en<\/span>\n            Apple Store\n        <\/div>\n    <\/a>\n\n                                                                        <\/div>\n        <\/div>\n    <\/div>\n<\/section>\n","protected":false},"excerpt":{"rendered":"","protected":false},"author":3,"featured_media":0,"parent":0,"menu_order":0,"comment_status":"closed","ping_status":"closed","template":"","meta":[],"yoast_head":"<!-- This site is optimized with the Yoast SEO plugin v20.12 - https:\/\/yoast.com\/wordpress\/plugins\/seo\/ -->\n<title>Residents - Aparcar en Tossa<\/title>\n<meta name=\"robots\" content=\"index, follow, max-snippet:-1, max-image-preview:large, max-video-preview:-1\" \/>\n<link rel=\"canonical\" href=\"https:\/\/aparcarentossa.com\/ca\/residents\/\" \/>\n<meta property=\"og:locale\" content=\"ca_ES\" \/>\n<meta property=\"og:type\" content=\"article\" \/>\n<meta property=\"og:title\" content=\"Residents - Aparcar en Tossa\" \/>\n<meta property=\"og:url\" content=\"https:\/\/aparcarentossa.com\/ca\/residents\/\" \/>\n<meta property=\"og:site_name\" content=\"Aparcar en Tossa\" \/>\n<meta property=\"article:modified_time\" content=\"2024-07-23T09:04:03+00:00\" \/>\n<meta name=\"twitter:card\" content=\"summary_large_image\" \/>\n<script type=\"application\/ld+json\" class=\"yoast-schema-graph\">{\"@context\":\"https:\/\/schema.org\",\"@graph\":[{\"@type\":\"WebPage\",\"@id\":\"https:\/\/aparcarentossa.com\/ca\/residents\/\",\"url\":\"https:\/\/aparcarentossa.com\/ca\/residents\/\",\"name\":\"Residents - Aparcar en Tossa\",\"isPartOf\":{\"@id\":\"https:\/\/aparcarentossa.com\/ca\/#website\"},\"datePublished\":\"2024-06-20T06:54:46+00:00\",\"dateModified\":\"2024-07-23T09:04:03+00:00\",\"breadcrumb\":{\"@id\":\"https:\/\/aparcarentossa.com\/ca\/residents\/#breadcrumb\"},\"inLanguage\":\"ca\",\"potentialAction\":[{\"@type\":\"ReadAction\",\"target\":[\"https:\/\/aparcarentossa.com\/ca\/residents\/\"]}]},{\"@type\":\"BreadcrumbList\",\"@id\":\"https:\/\/aparcarentossa.com\/ca\/residents\/#breadcrumb\",\"itemListElement\":[{\"@type\":\"ListItem\",\"position\":1,\"name\":\"Home\",\"item\":\"https:\/\/aparcarentossa.com\/ca\/\"},{\"@type\":\"ListItem\",\"position\":2,\"name\":\"Residents\"}]},{\"@type\":\"WebSite\",\"@id\":\"https:\/\/aparcarentossa.com\/ca\/#website\",\"url\":\"https:\/\/aparcarentossa.com\/ca\/\",\"name\":\"Aparcar en Tossa\",\"description\":\"\",\"publisher\":{\"@id\":\"https:\/\/aparcarentossa.com\/ca\/#organization\"},\"potentialAction\":[{\"@type\":\"SearchAction\",\"target\":{\"@type\":\"EntryPoint\",\"urlTemplate\":\"https:\/\/aparcarentossa.com\/ca\/?s={search_term_string}\"},\"query-input\":\"required name=search_term_string\"}],\"inLanguage\":\"ca\"},{\"@type\":\"Organization\",\"@id\":\"https:\/\/aparcarentossa.com\/ca\/#organization\",\"name\":\"Aparcar en Tossa\",\"url\":\"https:\/\/aparcarentossa.com\/ca\/\",\"logo\":{\"@type\":\"ImageObject\",\"inLanguage\":\"ca\",\"@id\":\"https:\/\/aparcarentossa.com\/ca\/#\/schema\/logo\/image\/\",\"url\":\"https:\/\/aparcarentossa.com\/wp-content\/uploads\/sites\/38\/2024\/07\/Logo-Tossa.png\",\"contentUrl\":\"https:\/\/aparcarentossa.com\/wp-content\/uploads\/sites\/38\/2024\/07\/Logo-Tossa.png\",\"width\":160,\"height\":110,\"caption\":\"Aparcar en Tossa\"},\"image\":{\"@id\":\"https:\/\/aparcarentossa.com\/ca\/#\/schema\/logo\/image\/\"}}]}<\/script>\n<!-- \/ Yoast SEO plugin. -->","yoast_head_json":{"title":"Residents - Aparcar en Tossa","robots":{"index":"index","follow":"follow","max-snippet":"max-snippet:-1","max-image-preview":"max-image-preview:large","max-video-preview":"max-video-preview:-1"},"canonical":"https:\/\/aparcarentossa.com\/ca\/residents\/","og_locale":"ca_ES","og_type":"article","og_title":"Residents - Aparcar en Tossa","og_url":"https:\/\/aparcarentossa.com\/ca\/residents\/","og_site_name":"Aparcar en Tossa","article_modified_time":"2024-07-23T09:04:03+00:00","twitter_card":"summary_large_image","schema":{"@context":"https:\/\/schema.org","@graph":[{"@type":"WebPage","@id":"https:\/\/aparcarentossa.com\/ca\/residents\/","url":"https:\/\/aparcarentossa.com\/ca\/residents\/","name":"Residents - Aparcar en Tossa","isPartOf":{"@id":"https:\/\/aparcarentossa.com\/ca\/#website"},"datePublished":"2024-06-20T06:54:46+00:00","dateModified":"2024-07-23T09:04:03+00:00","breadcrumb":{"@id":"https:\/\/aparcarentossa.com\/ca\/residents\/#breadcrumb"},"inLanguage":"ca","potentialAction":[{"@type":"ReadAction","target":["https:\/\/aparcarentossa.com\/ca\/residents\/"]}]},{"@type":"BreadcrumbList","@id":"https:\/\/aparcarentossa.com\/ca\/residents\/#breadcrumb","itemListElement":[{"@type":"ListItem","position":1,"name":"Home","item":"https:\/\/aparcarentossa.com\/ca\/"},{"@type":"ListItem","position":2,"name":"Residents"}]},{"@type":"WebSite","@id":"https:\/\/aparcarentossa.com\/ca\/#website","url":"https:\/\/aparcarentossa.com\/ca\/","name":"Aparcar en Tossa","description":"","publisher":{"@id":"https:\/\/aparcarentossa.com\/ca\/#organization"},"potentialAction":[{"@type":"SearchAction","target":{"@type":"EntryPoint","urlTemplate":"https:\/\/aparcarentossa.com\/ca\/?s={search_term_string}"},"query-input":"required name=search_term_string"}],"inLanguage":"ca"},{"@type":"Organization","@id":"https:\/\/aparcarentossa.com\/ca\/#organization","name":"Aparcar en Tossa","url":"https:\/\/aparcarentossa.com\/ca\/","logo":{"@type":"ImageObject","inLanguage":"ca","@id":"https:\/\/aparcarentossa.com\/ca\/#\/schema\/logo\/image\/","url":"https:\/\/aparcarentossa.com\/wp-content\/uploads\/sites\/38\/2024\/07\/Logo-Tossa.png","contentUrl":"https:\/\/aparcarentossa.com\/wp-content\/uploads\/sites\/38\/2024\/07\/Logo-Tossa.png","width":160,"height":110,"caption":"Aparcar en Tossa"},"image":{"@id":"https:\/\/aparcarentossa.com\/ca\/#\/schema\/logo\/image\/"}}]}},"meta_box":[],"_links":{"self":[{"href":"https:\/\/aparcarentossa.com\/ca\/wp-json\/wp\/v2\/pages\/1087"}],"collection":[{"href":"https:\/\/aparcarentossa.com\/ca\/wp-json\/wp\/v2\/pages"}],"about":[{"href":"https:\/\/aparcarentossa.com\/ca\/wp-json\/wp\/v2\/types\/page"}],"author":[{"embeddable":true,"href":"https:\/\/aparcarentossa.com\/ca\/wp-json\/wp\/v2\/users\/3"}],"replies":[{"embeddable":true,"href":"https:\/\/aparcarentossa.com\/ca\/wp-json\/wp\/v2\/comments?post=1087"}],"version-history":[{"count":2,"href":"https:\/\/aparcarentossa.com\/ca\/wp-json\/wp\/v2\/pages\/1087\/revisions"}],"predecessor-version":[{"id":1185,"href":"https:\/\/aparcarentossa.com\/ca\/wp-json\/wp\/v2\/pages\/1087\/revisions\/1185"}],"wp:attachment":[{"href":"https:\/\/aparcarentossa.com\/ca\/wp-json\/wp\/v2\/media?parent=1087"}],"curies":[{"name":"wp","href":"https:\/\/api.w.org\/{rel}","templated":true}]}}