{"id":1086,"date":"2024-06-20T08:53:42","date_gmt":"2024-06-20T06:53:42","guid":{"rendered":"https:\/\/aparcarentossa.com\/politica-de-privadesa\/"},"modified":"2024-06-20T08:53:42","modified_gmt":"2024-06-20T06:53:42","slug":"politica-de-privadesa","status":"publish","type":"page","link":"https:\/\/aparcarentossa.com\/ca\/politica-de-privadesa\/","title":{"rendered":"Pol\u00edtica de Privadesa"},"content":{"rendered":"\n<p><strong>1. Responsable del tractament<\/strong><\/p>\n\n\n\n<p>El responsable del tractament de les dades personals que ens proporcioneu \u00e9s&nbsp;<strong>Dornier, SA<\/strong>&nbsp; <strong>(\u201cDornier\u201d)<\/strong>&nbsp; amb CIF A58369497. Les dades de contacte del responsable s\u00f3n les seg\u00fcents:<\/p>\n\n\n\n<ul><li>Adre\u00e7a postal: C\/ Avinguda del General Per\u00f3n n\u00ba36, 1\u00aa Planta, 28020.<\/li><li>Tel\u00e8fon: 91 54 68 900<\/li><\/ul>\n\n\n\n<p>El Grup Empark, del qual forma part Dornier, ha nomenat un Delegat de Protecci\u00f3 de Dades, davant del qual podr\u00e0 posar de manifest qualsevol q\u00fcesti\u00f3 relativa al tractament de les seves dades personals i les dades de contacte de les quals s\u00f3n les seg\u00fcents:<\/p>\n\n\n\n<ul><li>Adre\u00e7a postal: C\/ Avinguda del General Per\u00f3n n\u00ba36, 1\u00aa Planta, 28020.<\/li><li>Correu electr\u00f2nic:&nbsp; <a href=\"mailto:dpo@empark.com\">dpo@empark.com<\/a><\/li><\/ul>\n\n\n\n<p><strong>2. Finalitats del tractament, bases legitimadores i terminis de conservaci\u00f3 de les vostres dades<\/strong><\/p>\n\n\n\n<p><em>a). Consultes i peticions d\u00b4informaci\u00f3<\/em><\/p>\n\n\n\n<p>Les vostres dades podran ser tractades per a l'atenci\u00f3, gesti\u00f3 i satisfacci\u00f3 de la consulta o petici\u00f3 d'informaci\u00f3 relativa a un servei que ens remeti a trav\u00e9s del formulari de contacte, ubicat al seg\u00fcent enlla\u00e7: <a href=\"http:\/\/aparcarentossa.com\/val\/atencion-al-publico\">http:\/\/aparcarentossa.com\/val\/atencion-al-publico<\/a>, oa trav\u00e9s del nostre e-mail\u00a0 oficial del lloc web: <a href=\"mailto:oratossa@telpark.com\">oratossa@telpark.com<\/a>. Aquests tractaments troben la seva base leg\u00edtima en el consentiment que ens presta a trav\u00e9s de l'enviament del mail en qu\u00e8 inclou la seva consulta oa trav\u00e9s del formulari que ompliu a l'enlla\u00e7 anteriorment assenyalat.<\/p>\n\n\n\n<p>Les dades personals facilitades seran conservades mentre siguin necess\u00e0ries per a la gesti\u00f3 i satisfacci\u00f3 de la vostra consulta o petici\u00f3 d'informaci\u00f3. Superat aquest per\u00edode, les dades seran definitivament cancel\u00b7lades.<\/p>\n\n\n\n<p><em>&nbsp;b). Aplicacions a processos de selecci\u00f3<\/em><\/p>\n\n\n\n<p>Les vostres dades tamb\u00e9 podran ser tractades per a la gesti\u00f3 del proc\u00e9s de selecci\u00f3 al qual apliqui, o per a l'oferta d'un lloc de treball, en cas que no apliqui a un proc\u00e9s de selecci\u00f3 concret, durant el per\u00edode d'1 any. La base leg\u00edtima per a aquest tractament es troba en l'execuci\u00f3 de mesures precontractuals, mentre que la finalitat del proc\u00e9s de selecci\u00f3 \u00e9s la possible contractaci\u00f3 laboral.<\/p>\n\n\n\n<p>Les dades personals facilitades seran conservades mentre siguin necess\u00e0ries per finalitzar un proc\u00e9s de selecci\u00f3 espec\u00edfic o per cercar una oferta d'un lloc de treball, durant el per\u00edode d'1 any. Superats aquests per\u00edodes, les dades seran definitivament cancel\u00b7lades.<\/p>\n\n\n\n<p><em>c). Enviament de comunicacions comercials i d'oportunitats professionals a no clients<\/em><\/p>\n\n\n\n<p>Sempre que hagueu prestat el vostre consentiment, les vostres dades seran tractades per a l'enviament de comunicacions comercials sobre productes o serveis del Grup Empark o de tercers, relacionats amb els sectors d'aparcament i de pagament electr\u00f2nic, o per a l'enviament d'oportunitats professionals per treballar amb nosaltres . La base leg\u00edtima d'aquests tractaments \u00e9s el consentiment que heu prestat. Les vostres dades seran tractades fins al moment en qu\u00e8 retireu el vostre consentiment, moment en el qual seran definitivament cancel\u00b7lades. Podr\u00e0 retirar el consentiment prestat a trav\u00e9s dels canals continguts a l'apartat 4 d'aquesta Pol\u00edtica.  &nbsp;<\/p>\n\n\n\n<p><em>d). Tractaments realitzats sobre les dades personals dels nostres clients<\/em><\/p>\n\n\n\n<p>En cas que hagi contractat un dels nostres productes o serveis, les seves dades seran tractades per a la gesti\u00f3 d'aquests productes i\/o serveis.<\/p>\n\n\n\n<p>Addicionalment, Dornier&nbsp; podr\u00e0 tractar les seves dades personals per donar compliment a qualsevol obligaci\u00f3 legal que li incumbeixi, incloent-hi obligacions tribut\u00e0ries i, si escau, la normativa local que sigui aplicable.<\/p>\n\n\n\n<p>Dornier podr\u00e0 contactar amb els seus clients per informar-los sobre productes o serveis similars als contractats i oferts per Dornier&nbsp; que puguin ser del vostre inter\u00e8s. Per al desenvolupament d'aquesta finalitat les vostres dades seran tractades per aplicar t\u00e8cniques de perfilat\/segmentaci\u00f3 que permetin que els productes o serveis que puguem oferir s'ajustin el m\u00e0xim possible als vostres interessos i necessitats.  &nbsp;En aquesta an\u00e0lisi, es podran tenir en compte les seves dades demogr\u00e0fiques, aix\u00ed com les referents al tipus de producte contractat.<\/p>\n\n\n\n<p>En cas que el client hagi prestat el seu consentiment, les dades tamb\u00e9 podran ser tractades per informar-lo sobre altres productes o serveis oferts pel Grup Empark o per tercers, relacionats amb els sectors d'aparcament i de pagament electr\u00f2nic. Per al desenvolupament d'aquesta finalitat les vostres dades seran tractades per aplicar t\u00e8cniques de perfilat\/segmentaci\u00f3 que permetin que els productes o serveis que us puguem oferir s'ajustin el m\u00e0xim possible als vostres interessos i necessitats. En aquesta an\u00e0lisi, es podran tenir en compte les seves dades demogr\u00e0fiques, aix\u00ed com les referents al tipus de producte contractat.<\/p>\n\n\n\n<p>Aix\u00ed mateix, en cas que el client hagi prestat el seu consentiment, les seves dades personals podran ser cedides a empreses del Grup Empark oa terceres empreses relacionades amb els sectors d'aparcament i de pagament electr\u00f2nic, amb la finalitat que puguin posar-se en contacte amb vost\u00e8 per informar-lo sobre productes i serveis que aquestes empreses comercialitzen.<\/p>\n\n\n\n<p>El client podr\u00e0 retirar el consentiment prestat o oposar-se a la recepci\u00f3 de comunicacions comercials a trav\u00e9s dels canals especificats a lapartat 4 daquesta Pol\u00edtica.<\/p>\n\n\n\n<p>Les dades personals dels clients seran conservades mentre siguin necess\u00e0ries per a les finalitats anteriorment descrites. Per a aquells tractaments en qu\u00e8 vost\u00e8 hagi prestat el seu consentiment, les dades seran tractades fins al moment en qu\u00e8 retiri el seu consentiment. En el moment en qu\u00e8 no siguin necess\u00e0ries per a aquestes finalitats, les dades seran bloquejades durant el per\u00edode en qu\u00e8 puguin ser necess\u00e0ries per a l'exercici o la defensa davant d'accions administratives o judicials i nom\u00e9s podran ser desbloquejades i tractades novament per aquest motiu. Superat aquest per\u00edode, les dades seran definitivament cancel\u00b7lades.<\/p>\n\n\n\n<p><strong>3.&nbsp; Destinataris de les dades personals<\/strong><\/p>\n\n\n\n<p>Les vostres dades personals podran ser cedides a Administracions, Autoritats i Organismes P\u00fablics, inclosos Jutjats i Tribunals, quan aix\u00ed ho exigeixi la normativa aplicable.<\/p>\n\n\n\n<p>Tamb\u00e9 podran tenir acc\u00e9s a les vostres dades personals els prove\u00efdors de serveis que Dornier contracti o pugui contractar i que tinguin la condici\u00f3 d'encarregat de tractament, aix\u00ed com empreses del Grup Empark, amb l'\u00fanic prop\u00f2sit de gestionar les finalitats anteriorment descrites.<\/p>\n\n\n\n<p>Tamb\u00e9 podran ser cedides les dades personals a empreses del Grup Empark oa terceres empreses relacionades amb els sectors d'aparcament i de pagament electr\u00f2nic, sempre que, sent client nostre, hagi prestat el seu consentiment.<\/p>\n\n\n\n<p>Podeu consultar el llistat d'empreses del Grup Empark al seg\u00fcent enlla\u00e7:&nbsp; <a href=\"https:\/\/www.empark.com\/es\/es\/listado-de-sociedades-del-grupo-empark\">https:\/\/www.empark.com\/es\/es\/listado-de-sociedades-del-grupo-empark<\/a><\/p>\n\n\n\n<p><strong>4.&nbsp;&nbsp; Drets de l'interessat en relaci\u00f3 amb el tractament de les vostres dades personals&nbsp;<\/strong><\/p>\n\n\n\n<p>Vost\u00e8 podr\u00e0 exercir els seus drets d'acc\u00e9s, rectificaci\u00f3, cancel\u00b7laci\u00f3, limitaci\u00f3 del tractament i portabilitat de les dades en els casos i amb l'abast que estableixi la normativa aplicable a cada moment.<\/p>\n\n\n\n<p>Tamb\u00e9 t\u00e9 dret a retirar el consentiment prestat en qualsevol moment ia oposar-s'hi a rebre comunicacions comercials.<\/p>\n\n\n\n<p>Per exercir aquests drets podreu adre\u00e7ar-vos a Dornier per algun dels canals seg\u00fcents:<\/p>\n\n\n\n<ul><li>Correu postal, adjuntant fotoc\u00f2pia del vostre DNI, passaport o qualsevol altre document identificatiu, i petici\u00f3 en qu\u00e8 es concreti la sol\u00b7licitud a Dornier, SA, Avinguda del General Per\u00f3n, 36, planta 1a -Departament d'Atenci\u00f3 al Client RGPD.<\/li><li>Correu electr\u00f2nic a l'adre\u00e7a&nbsp; <a href=\"mailto:%20dpo@empark.com\">dpo@empark.com<\/a>&nbsp; amb la informaci\u00f3 seg\u00fcent: nom i cognoms de l'interessat, fotoc\u00f2pia del Document Nacional d'Identitat, passaport o qualsevol altre document identificatiu, i petici\u00f3 en qu\u00e8 es concreti la sol\u00b7licitud.<\/li><\/ul>\n\n\n\n<p>Aix\u00ed mateix, se us informa del vostre dret a presentar una reclamaci\u00f3 davant l'Ag\u00e8ncia Espanyola de Protecci\u00f3 de Dades<\/p>\n","protected":false},"excerpt":{"rendered":"<p>1. Responsable del tractament El responsable del tractament de les dades personals que ens proporcioneu \u00e9s&nbsp;Dornier, SA&nbsp; (\u201cDornier\u201d)&nbsp; amb CIF A58369497. Les dades de contacte del responsable s\u00f3n les seg\u00fcents: Adre\u00e7a postal: C\/ Avinguda del General Per\u00f3n n\u00ba36, 1\u00aa Planta, 28020. Tel\u00e8fon: 91 54 68 900 El Grup Empark, del qual forma part Dornier, ha [&hellip;]<\/p>\n","protected":false},"author":3,"featured_media":0,"parent":0,"menu_order":0,"comment_status":"closed","ping_status":"closed","template":"template-privacy.php","meta":[],"yoast_head":"<!-- This site is optimized with the Yoast SEO plugin v20.12 - https:\/\/yoast.com\/wordpress\/plugins\/seo\/ -->\n<title>Pol\u00edtica de Privadesa - Aparcar en Tossa<\/title>\n<meta name=\"robots\" content=\"index, follow, max-snippet:-1, max-image-preview:large, max-video-preview:-1\" \/>\n<link rel=\"canonical\" href=\"https:\/\/aparcarentossa.com\/ca\/politica-de-privadesa\/\" \/>\n<meta property=\"og:locale\" content=\"ca_ES\" \/>\n<meta property=\"og:type\" content=\"article\" \/>\n<meta property=\"og:title\" content=\"Pol\u00edtica de Privadesa - Aparcar en Tossa\" \/>\n<meta property=\"og:description\" content=\"1. Responsable del tractament El responsable del tractament de les dades personals que ens proporcioneu \u00e9s&nbsp;Dornier, SA&nbsp; (\u201cDornier\u201d)&nbsp; amb CIF A58369497. Les dades de contacte del responsable s\u00f3n les seg\u00fcents: Adre\u00e7a postal: C\/ Avinguda del General Per\u00f3n n\u00ba36, 1\u00aa Planta, 28020. Tel\u00e8fon: 91 54 68 900 El Grup Empark, del qual forma part Dornier, ha [&hellip;]\" \/>\n<meta property=\"og:url\" content=\"https:\/\/aparcarentossa.com\/ca\/politica-de-privadesa\/\" \/>\n<meta property=\"og:site_name\" content=\"Aparcar en Tossa\" \/>\n<meta name=\"twitter:card\" content=\"summary_large_image\" \/>\n<meta name=\"twitter:label1\" content=\"Est. reading time\" \/>\n\t<meta name=\"twitter:data1\" content=\"6 minutes\" \/>\n<script type=\"application\/ld+json\" class=\"yoast-schema-graph\">{\"@context\":\"https:\/\/schema.org\",\"@graph\":[{\"@type\":\"WebPage\",\"@id\":\"https:\/\/aparcarentossa.com\/ca\/politica-de-privadesa\/\",\"url\":\"https:\/\/aparcarentossa.com\/ca\/politica-de-privadesa\/\",\"name\":\"Pol\u00edtica de Privadesa - Aparcar en Tossa\",\"isPartOf\":{\"@id\":\"https:\/\/aparcarentossa.com\/ca\/#website\"},\"datePublished\":\"2024-06-20T06:53:42+00:00\",\"dateModified\":\"2024-06-20T06:53:42+00:00\",\"breadcrumb\":{\"@id\":\"https:\/\/aparcarentossa.com\/ca\/politica-de-privadesa\/#breadcrumb\"},\"inLanguage\":\"ca\",\"potentialAction\":[{\"@type\":\"ReadAction\",\"target\":[\"https:\/\/aparcarentossa.com\/ca\/politica-de-privadesa\/\"]}]},{\"@type\":\"BreadcrumbList\",\"@id\":\"https:\/\/aparcarentossa.com\/ca\/politica-de-privadesa\/#breadcrumb\",\"itemListElement\":[{\"@type\":\"ListItem\",\"position\":1,\"name\":\"Home\",\"item\":\"https:\/\/aparcarentossa.com\/ca\/\"},{\"@type\":\"ListItem\",\"position\":2,\"name\":\"Pol\u00edtica de Privadesa\"}]},{\"@type\":\"WebSite\",\"@id\":\"https:\/\/aparcarentossa.com\/ca\/#website\",\"url\":\"https:\/\/aparcarentossa.com\/ca\/\",\"name\":\"Aparcar en Tossa\",\"description\":\"\",\"publisher\":{\"@id\":\"https:\/\/aparcarentossa.com\/ca\/#organization\"},\"potentialAction\":[{\"@type\":\"SearchAction\",\"target\":{\"@type\":\"EntryPoint\",\"urlTemplate\":\"https:\/\/aparcarentossa.com\/ca\/?s={search_term_string}\"},\"query-input\":\"required name=search_term_string\"}],\"inLanguage\":\"ca\"},{\"@type\":\"Organization\",\"@id\":\"https:\/\/aparcarentossa.com\/ca\/#organization\",\"name\":\"Aparcar en Tossa\",\"url\":\"https:\/\/aparcarentossa.com\/ca\/\",\"logo\":{\"@type\":\"ImageObject\",\"inLanguage\":\"ca\",\"@id\":\"https:\/\/aparcarentossa.com\/ca\/#\/schema\/logo\/image\/\",\"url\":\"https:\/\/aparcarentossa.com\/wp-content\/uploads\/sites\/38\/2024\/07\/Logo-Tossa.png\",\"contentUrl\":\"https:\/\/aparcarentossa.com\/wp-content\/uploads\/sites\/38\/2024\/07\/Logo-Tossa.png\",\"width\":160,\"height\":110,\"caption\":\"Aparcar en Tossa\"},\"image\":{\"@id\":\"https:\/\/aparcarentossa.com\/ca\/#\/schema\/logo\/image\/\"}}]}<\/script>\n<!-- \/ Yoast SEO plugin. -->","yoast_head_json":{"title":"Pol\u00edtica de Privadesa - Aparcar en Tossa","robots":{"index":"index","follow":"follow","max-snippet":"max-snippet:-1","max-image-preview":"max-image-preview:large","max-video-preview":"max-video-preview:-1"},"canonical":"https:\/\/aparcarentossa.com\/ca\/politica-de-privadesa\/","og_locale":"ca_ES","og_type":"article","og_title":"Pol\u00edtica de Privadesa - Aparcar en Tossa","og_description":"1. Responsable del tractament El responsable del tractament de les dades personals que ens proporcioneu \u00e9s&nbsp;Dornier, SA&nbsp; (\u201cDornier\u201d)&nbsp; amb CIF A58369497. Les dades de contacte del responsable s\u00f3n les seg\u00fcents: Adre\u00e7a postal: C\/ Avinguda del General Per\u00f3n n\u00ba36, 1\u00aa Planta, 28020. Tel\u00e8fon: 91 54 68 900 El Grup Empark, del qual forma part Dornier, ha [&hellip;]","og_url":"https:\/\/aparcarentossa.com\/ca\/politica-de-privadesa\/","og_site_name":"Aparcar en Tossa","twitter_card":"summary_large_image","twitter_misc":{"Est. reading time":"6 minutes"},"schema":{"@context":"https:\/\/schema.org","@graph":[{"@type":"WebPage","@id":"https:\/\/aparcarentossa.com\/ca\/politica-de-privadesa\/","url":"https:\/\/aparcarentossa.com\/ca\/politica-de-privadesa\/","name":"Pol\u00edtica de Privadesa - Aparcar en Tossa","isPartOf":{"@id":"https:\/\/aparcarentossa.com\/ca\/#website"},"datePublished":"2024-06-20T06:53:42+00:00","dateModified":"2024-06-20T06:53:42+00:00","breadcrumb":{"@id":"https:\/\/aparcarentossa.com\/ca\/politica-de-privadesa\/#breadcrumb"},"inLanguage":"ca","potentialAction":[{"@type":"ReadAction","target":["https:\/\/aparcarentossa.com\/ca\/politica-de-privadesa\/"]}]},{"@type":"BreadcrumbList","@id":"https:\/\/aparcarentossa.com\/ca\/politica-de-privadesa\/#breadcrumb","itemListElement":[{"@type":"ListItem","position":1,"name":"Home","item":"https:\/\/aparcarentossa.com\/ca\/"},{"@type":"ListItem","position":2,"name":"Pol\u00edtica de Privadesa"}]},{"@type":"WebSite","@id":"https:\/\/aparcarentossa.com\/ca\/#website","url":"https:\/\/aparcarentossa.com\/ca\/","name":"Aparcar en Tossa","description":"","publisher":{"@id":"https:\/\/aparcarentossa.com\/ca\/#organization"},"potentialAction":[{"@type":"SearchAction","target":{"@type":"EntryPoint","urlTemplate":"https:\/\/aparcarentossa.com\/ca\/?s={search_term_string}"},"query-input":"required name=search_term_string"}],"inLanguage":"ca"},{"@type":"Organization","@id":"https:\/\/aparcarentossa.com\/ca\/#organization","name":"Aparcar en Tossa","url":"https:\/\/aparcarentossa.com\/ca\/","logo":{"@type":"ImageObject","inLanguage":"ca","@id":"https:\/\/aparcarentossa.com\/ca\/#\/schema\/logo\/image\/","url":"https:\/\/aparcarentossa.com\/wp-content\/uploads\/sites\/38\/2024\/07\/Logo-Tossa.png","contentUrl":"https:\/\/aparcarentossa.com\/wp-content\/uploads\/sites\/38\/2024\/07\/Logo-Tossa.png","width":160,"height":110,"caption":"Aparcar en Tossa"},"image":{"@id":"https:\/\/aparcarentossa.com\/ca\/#\/schema\/logo\/image\/"}}]}},"meta_box":[],"_links":{"self":[{"href":"https:\/\/aparcarentossa.com\/ca\/wp-json\/wp\/v2\/pages\/1086"}],"collection":[{"href":"https:\/\/aparcarentossa.com\/ca\/wp-json\/wp\/v2\/pages"}],"about":[{"href":"https:\/\/aparcarentossa.com\/ca\/wp-json\/wp\/v2\/types\/page"}],"author":[{"embeddable":true,"href":"https:\/\/aparcarentossa.com\/ca\/wp-json\/wp\/v2\/users\/3"}],"replies":[{"embeddable":true,"href":"https:\/\/aparcarentossa.com\/ca\/wp-json\/wp\/v2\/comments?post=1086"}],"version-history":[{"count":0,"href":"https:\/\/aparcarentossa.com\/ca\/wp-json\/wp\/v2\/pages\/1086\/revisions"}],"wp:attachment":[{"href":"https:\/\/aparcarentossa.com\/ca\/wp-json\/wp\/v2\/media?parent=1086"}],"curies":[{"name":"wp","href":"https:\/\/api.w.org\/{rel}","templated":true}]}}