{"id":1085,"date":"2024-06-20T08:52:51","date_gmt":"2024-06-20T06:52:51","guid":{"rendered":"https:\/\/aparcarentossa.com\/politica-de-cookies\/"},"modified":"2024-06-20T08:52:51","modified_gmt":"2024-06-20T06:52:51","slug":"politica-de-cookies","status":"publish","type":"page","link":"https:\/\/aparcarentossa.com\/ca\/politica-de-cookies\/","title":{"rendered":"Pol\u00edtica de Cookies"},"content":{"rendered":"\n<p>Aquesta pol\u00edtica de cookies t\u00e9 per finalitat informar-vos de manera clara i precisa sobre les cookies que s'utilitzen a la p\u00e0gina web\u00a0<a href=\"http:\/\/www.aparcarentossa.com\">www.aparcarentossa.com<\/a><\/p>\n\n\n\n<p>Aquest lloc web, igual que la majoria dels llocs a Internet, utilitza galetes per millorar i optimitzar l'experi\u00e8ncia de l'usuari. A continuaci\u00f3, trobar\u00e0s informaci\u00f3 detallada sobre qu\u00e8 s\u00f3n les \u201cCookies\u201d, quina tipologia utilitza aquest lloc web, com pots desactivar-les al teu navegador i com bloquejar espec\u00edficament la instal\u00b7laci\u00f3 de Cookies de tercers.<\/p>\n\n\n\n<p><strong>1. \u00das de cookies<\/strong><\/p>\n\n\n\n<p>Per optimitzar els nostres serveis, aquest Lloc, els missatges enviats per correu electr\u00f2nic, els serveis en l\u00ednia, els anuncis i les aplicacions interactives poden utilitzar \u201ccookies\u201d.<\/p>\n\n\n\n<p><strong>Qu\u00e8 \u00e9s una galeta?<\/strong><\/p>\n\n\n\n<p>Una cookie \u00e9s un fitxer (petit arxiu) que es descarrega al vostre ordinador en accedir a determinades p\u00e0gines web o l'aplicaci\u00f3 que utilitzes instal\u00b7la al teu navegador o al teu dispositiu (Smartphone, tauleta o televisi\u00f3 connectada) durant el teu recorregut per les p\u00e0gines o per l'aplicaci\u00f3. Normalment est\u00e0 format per lletres i n\u00fameros, enviat pel servidor de la nostra web a l'arxiu de cookies del vostre navegador.<\/p>\n\n\n\n<p>Les galetes permeten a la nostra p\u00e0gina web, entre altres coses, emmagatzemar i recuperar informaci\u00f3 sobre els seus h\u00e0bits de navegaci\u00f3 o del seu equip i recordar la seva pres\u00e8ncia en establir-se una nova connexi\u00f3 entre el nostre servidor i el seu navegador. El principal prop\u00f2sit d'una galeta \u00e9s permetre al nostre servidor presentar p\u00e0gines web personalitzades que puguin convertir la visita a la web del web en una experi\u00e8ncia individual i ajustada a les prefer\u00e8ncies personals.<\/p>\n\n\n\n<p><strong>Quin tipus de galetes empra aquest Lloc?<\/strong><\/p>\n\n\n\n<p>1.) La Web empra dos tipus de cookies en aquest Lloc segons el temps de perman\u00e8ncia:<br>-&nbsp; Cookies de sessi\u00f3:&nbsp; s\u00f3n cookies temporals que romanen a l'arxiu de cookies del vostre navegador mentre est\u00e0 a la nostra p\u00e0gina web. Aquestes galetes s\u00f3n necess\u00e0ries per a certes aplicacions o funcions i permeten que aquest Lloc funcioni adequadament.<br>-&nbsp; Cookies persistents:&nbsp; afavoreixen l'experi\u00e8ncia com a usuari (per exemple, oferint una navegaci\u00f3 personalitzada). Aquestes galetes romanen al vostre navegador durant un per\u00edode de temps m\u00e9s ampli. Aquest per\u00edode dep\u00e8n dels par\u00e0metres que heu introdu\u00eft al vostre navegador. Les galetes persistents permeten que la informaci\u00f3 sigui transferida al servidor d'aquest Lloc cada vegada que el visiteu. Tamb\u00e9 es coneixen com a galetes de seguiment.<\/p>\n\n\n\n<p>2.) Segons la finalitat per a la qual es tracten les dades obtingudes, aquest Lloc empra els seg\u00fcents tipus de cookies:<br>-&nbsp; Galetes t\u00e8cniques:&nbsp; S\u00f3n aquelles que us permeten la navegaci\u00f3 a trav\u00e9s d'una p\u00e0gina web, plataforma o aplicaci\u00f3 i la utilitzaci\u00f3 de les diferents opcions o serveis que en aquesta existeixen com, per exemple, el control del tr\u00e0nsit i la comunicaci\u00f3 de dades, identificar la sessi\u00f3, accedir a parts d'acc\u00e9s restringit, recordar els elements que integren una comanda, fer el proc\u00e9s de compra d'una comanda, fer la sol\u00b7licitud d'inscripci\u00f3 o participaci\u00f3 en un esdeveniment, utilitzar elements de seguretat durant la navegaci\u00f3, emmagatzemar continguts per a la difusi\u00f3 de v\u00eddeos o so o compartir continguts a trav\u00e9s de xarxes socials.<br>-&nbsp; Cookies de personalitzaci\u00f3: S\u00f3n aquelles que us permeten accedir al servei amb algunes caracter\u00edstiques de car\u00e0cter general predefinides en funci\u00f3 d'una s\u00e8rie de criteris al vostre terminal (per exemple l'idioma, el tipus de navegador a trav\u00e9s del qual accedeix al servei, la configuraci\u00f3 regional des d'on accedeix al servei, etc.<br>-&nbsp; Galetes d'an\u00e0lisi:&nbsp; S\u00f3n aquelles que ben tractades per nosaltres o per tercers, ens permeten quantificar el nombre d'usuaris i aix\u00ed realitzar el mesurament i l'an\u00e0lisi estad\u00edstica de la utilitzaci\u00f3 que fan els usuaris del servei ofert. Per aix\u00f2 s'analitza la vostra navegaci\u00f3 a la nostra p\u00e0gina web per tal de millorar l'oferta de productes o serveis que us oferim.<br>-&nbsp; Cookies publicit\u00e0ries:&nbsp; S\u00f3n aquelles que, ben tractades per nosaltres o per tercers, ens permeten gestionar de la manera m\u00e9s efica\u00e7 possible l'oferta dels espais publicitaris que hi ha a la p\u00e0gina web, adequant el contingut de l'anunci al contingut del servei sol\u00b7licitat oa l'\u00fas que faci de la nostra p\u00e0gina web. Per aix\u00f2 podem analitzar els seus h\u00e0bits de navegaci\u00f3 a Internet i podem mostrar publicitat relacionada amb el seu perfil de navegaci\u00f3.<br>-&nbsp; Cookies de publicitat comportamental:&nbsp; S\u00f3n aquelles que, ben tractades per nosaltres o per tercers, ens permeten la gesti\u00f3, de la manera m\u00e9s efica\u00e7 possible, dels espais publicitaris que, si escau, poguessin estar inclosos en aquest Lloc des del qual es presta el servei sol\u00b7licitat. Aquestes galetes emmagatzemen informaci\u00f3 del seu comportament obtinguda a trav\u00e9s de l'observaci\u00f3 continuada dels seus h\u00e0bits de navegaci\u00f3, cosa que ens permet desenvolupar un perfil espec\u00edfic per mostrar la publicitat en funci\u00f3 del mateix.<\/p>\n\n\n\n<p><strong>2. Cookies de tercers<\/strong><\/p>\n\n\n\n<p>Per mostrar publicitat i fer el seguiment de les nostres comunicacions de m\u00e0rqueting, La Web pot utilitzar mitjans de tercers. Aquests usen les galetes per mesurar l'efectivitat dels anuncis i personalitzar-ne el contingut. La informaci\u00f3 que pot ser recollida per tercers pot incloure dades com ara la localitzaci\u00f3 geogr\u00e0fica (a trav\u00e9s de l'adre\u00e7a IP), dades de contacte o nom\u00e9s si \u00e9s introdu\u00efda a trav\u00e9s d'aquest Lloc, l'adre\u00e7a de correu electr\u00f2nic.<\/p>\n\n\n\n<p><strong>3. Web beacons o pixel tags<\/strong><\/p>\n\n\n\n<p>Aquest Lloc utilitza web beacons (tamb\u00e9 anomenats \u201cp\u00edxel tags\u201d). Un web beacon \u00e9s una imatge gr\u00e0fica transparent, normalment no m\u00e9s gran d'1 x 1 p\u00edxel, que se situa en una p\u00e0gina web o en un correu electr\u00f2nic per monitoritzar el comportament en l\u00ednia de l'usuari que visita la p\u00e0gina web.<br>Aquestes imatges empren principalment tecnologies de tercers, en el cas d'aquest Lloc es fan servir per monitoritzar l'activitat dels visitants, com con\u00e8ixer quines p\u00e0gines del Lloc visita, quan i des d'on (pa\u00eds\/ciutat).<\/p>\n\n\n\n<p><strong>4. Seguiment i An\u00e0lisi<\/strong><\/p>\n\n\n\n<p>Per a la cont\u00ednua optimitzaci\u00f3 de les vostres comunicacions de m\u00e0rqueting, La Web empra el programari anal\u00edtic Google Analitycs. Aquesta tecnologia permet con\u00e8ixer el comportament en l\u00ednia del visitant en termes de temps, localitzaci\u00f3 geogr\u00e0fica i \u00fas d'aquest Lloc. La informaci\u00f3 es recull a trav\u00e9s de p\u00edxels tags i\/o galetes de seguiment. Aquesta informaci\u00f3 \u00e9s an\u00f2nima, no \u00e9s vinculada amb les dades personals i La Web no la comparteix amb tercers per al seu \u00fas independent. Tota la informaci\u00f3 necess\u00e0ria per a l'an\u00e0lisi \u00e9s emmagatzemada als servidors a Google.<\/p>\n\n\n\n<p><strong>5. Habilitaci\u00f3 i deshabilitaci\u00f3 de les galetes i de recursos similars<\/strong><\/p>\n\n\n\n<p>Recordeu que certes funcions i la plena funcionalitat d'aquest Lloc poden no estar disponibles despr\u00e9s de deshabilitar les galetes. Podeu permetre, bloquejar o esborrar les cookies instal\u00b7lades al vostre equip mitjan\u00e7ant la configuraci\u00f3 de les opcions del navegador instal\u00b7lat al vostre ordinador.<\/p>\n\n\n\n<p>A continuaci\u00f3, t'indiquem els links dels principals navegadors i dispositius perqu\u00e8 disposis de tota la informaci\u00f3 per consultar com gestionar les galetes al teu navegador.<\/p>\n\n\n\n<ul><li>Per a m\u00e9s informaci\u00f3 sobre el Navegador&nbsp; Google&nbsp; Chrome\u2122 fes clic&nbsp; <a href=\"https:\/\/support.google.com\/chrome\/answer\/95647?hl=es\" target=\"_blank\" rel=\"noreferrer noopener\">aqu\u00ed<\/a><\/li><li>Per a m\u00e9s informaci\u00f3 sobre el Navegador&nbsp; Internet Explorer fes clic&nbsp; <a href=\"https:\/\/support.microsoft.com\/en-us\/help\/17442\/windows-internet-explorer-delete-manage-cookies#ie=ie-10\">aqu\u00ed<\/a><\/li><li>Per a m\u00e9s informaci\u00f3 sobre el Navegador&nbsp; Mozilla Firefox\u2122 fes clic&nbsp; <a href=\"https:\/\/support.mozilla.org\/es\/kb\/habilitar-y-deshabilitar-cookies-sitios-web-rastrear-preferencias\" target=\"_blank\" rel=\"noreferrer noopener\"><u>aqu\u00ed<\/u><\/a><\/li><li>Per a m\u00e9s informaci\u00f3 sobre el Navegador Safari\u2122 fes clic&nbsp; <a href=\"https:\/\/support.apple.com\/en-us\/HT201265\">aqu\u00ed<\/a><\/li><li>Per a m\u00e9s informaci\u00f3 sobre Opera\u2122 fes clic&nbsp; <a href=\"https:\/\/www.opera.com\/help\/tutorials\/security\/privacy\/\" target=\"_blank\" rel=\"noreferrer noopener\">aqu\u00ed<\/a><\/li><\/ul>\n\n\n\n<p><strong>6. Acceptaci\u00f3 de la pol\u00edtica de cookies<\/strong><\/p>\n\n\n\n<p>Prement el bot\u00f3 \u201cAcceptar\u201d s'assumeix que vost\u00e8 accepta l'\u00fas de cookies.<\/p>\n","protected":false},"excerpt":{"rendered":"<p>Aquesta pol\u00edtica de cookies t\u00e9 per finalitat informar-vos de manera clara i precisa sobre les cookies que s'utilitzen a la p\u00e0gina web\u00a0www.aparcarentossa.com Aquest lloc web, igual que la majoria dels llocs a Internet, utilitza galetes per millorar i optimitzar l'experi\u00e8ncia de l'usuari. A continuaci\u00f3, trobar\u00e0s informaci\u00f3 detallada sobre qu\u00e8 s\u00f3n les \u201cCookies\u201d, quina tipologia utilitza [&hellip;]<\/p>\n","protected":false},"author":3,"featured_media":0,"parent":0,"menu_order":0,"comment_status":"closed","ping_status":"closed","template":"template-privacy.php","meta":[],"yoast_head":"<!-- This site is optimized with the Yoast SEO plugin v20.12 - https:\/\/yoast.com\/wordpress\/plugins\/seo\/ -->\n<title>Pol\u00edtica de Cookies - Aparcar en Tossa<\/title>\n<meta name=\"robots\" content=\"index, follow, max-snippet:-1, max-image-preview:large, max-video-preview:-1\" \/>\n<link rel=\"canonical\" href=\"https:\/\/aparcarentossa.com\/ca\/politica-de-cookies\/\" \/>\n<meta property=\"og:locale\" content=\"ca_ES\" \/>\n<meta property=\"og:type\" content=\"article\" \/>\n<meta property=\"og:title\" content=\"Pol\u00edtica de Cookies - Aparcar en Tossa\" \/>\n<meta property=\"og:description\" content=\"Aquesta pol\u00edtica de cookies t\u00e9 per finalitat informar-vos de manera clara i precisa sobre les cookies que s&#039;utilitzen a la p\u00e0gina web\u00a0www.aparcarentossa.com Aquest lloc web, igual que la majoria dels llocs a Internet, utilitza galetes per millorar i optimitzar l&#039;experi\u00e8ncia de l&#039;usuari. A continuaci\u00f3, trobar\u00e0s informaci\u00f3 detallada sobre qu\u00e8 s\u00f3n les \u201cCookies\u201d, quina tipologia utilitza [&hellip;]\" \/>\n<meta property=\"og:url\" content=\"https:\/\/aparcarentossa.com\/ca\/politica-de-cookies\/\" \/>\n<meta property=\"og:site_name\" content=\"Aparcar en Tossa\" \/>\n<meta name=\"twitter:card\" content=\"summary_large_image\" \/>\n<meta name=\"twitter:label1\" content=\"Est. reading time\" \/>\n\t<meta name=\"twitter:data1\" content=\"6 minutes\" \/>\n<script type=\"application\/ld+json\" class=\"yoast-schema-graph\">{\"@context\":\"https:\/\/schema.org\",\"@graph\":[{\"@type\":\"WebPage\",\"@id\":\"https:\/\/aparcarentossa.com\/ca\/politica-de-cookies\/\",\"url\":\"https:\/\/aparcarentossa.com\/ca\/politica-de-cookies\/\",\"name\":\"Pol\u00edtica de Cookies - Aparcar en Tossa\",\"isPartOf\":{\"@id\":\"https:\/\/aparcarentossa.com\/ca\/#website\"},\"datePublished\":\"2024-06-20T06:52:51+00:00\",\"dateModified\":\"2024-06-20T06:52:51+00:00\",\"breadcrumb\":{\"@id\":\"https:\/\/aparcarentossa.com\/ca\/politica-de-cookies\/#breadcrumb\"},\"inLanguage\":\"ca\",\"potentialAction\":[{\"@type\":\"ReadAction\",\"target\":[\"https:\/\/aparcarentossa.com\/ca\/politica-de-cookies\/\"]}]},{\"@type\":\"BreadcrumbList\",\"@id\":\"https:\/\/aparcarentossa.com\/ca\/politica-de-cookies\/#breadcrumb\",\"itemListElement\":[{\"@type\":\"ListItem\",\"position\":1,\"name\":\"Home\",\"item\":\"https:\/\/aparcarentossa.com\/ca\/\"},{\"@type\":\"ListItem\",\"position\":2,\"name\":\"Pol\u00edtica de Cookies\"}]},{\"@type\":\"WebSite\",\"@id\":\"https:\/\/aparcarentossa.com\/ca\/#website\",\"url\":\"https:\/\/aparcarentossa.com\/ca\/\",\"name\":\"Aparcar en Tossa\",\"description\":\"\",\"publisher\":{\"@id\":\"https:\/\/aparcarentossa.com\/ca\/#organization\"},\"potentialAction\":[{\"@type\":\"SearchAction\",\"target\":{\"@type\":\"EntryPoint\",\"urlTemplate\":\"https:\/\/aparcarentossa.com\/ca\/?s={search_term_string}\"},\"query-input\":\"required name=search_term_string\"}],\"inLanguage\":\"ca\"},{\"@type\":\"Organization\",\"@id\":\"https:\/\/aparcarentossa.com\/ca\/#organization\",\"name\":\"Aparcar en Tossa\",\"url\":\"https:\/\/aparcarentossa.com\/ca\/\",\"logo\":{\"@type\":\"ImageObject\",\"inLanguage\":\"ca\",\"@id\":\"https:\/\/aparcarentossa.com\/ca\/#\/schema\/logo\/image\/\",\"url\":\"https:\/\/aparcarentossa.com\/wp-content\/uploads\/sites\/38\/2024\/07\/Logo-Tossa.png\",\"contentUrl\":\"https:\/\/aparcarentossa.com\/wp-content\/uploads\/sites\/38\/2024\/07\/Logo-Tossa.png\",\"width\":160,\"height\":110,\"caption\":\"Aparcar en Tossa\"},\"image\":{\"@id\":\"https:\/\/aparcarentossa.com\/ca\/#\/schema\/logo\/image\/\"}}]}<\/script>\n<!-- \/ Yoast SEO plugin. -->","yoast_head_json":{"title":"Pol\u00edtica de Cookies - Aparcar en Tossa","robots":{"index":"index","follow":"follow","max-snippet":"max-snippet:-1","max-image-preview":"max-image-preview:large","max-video-preview":"max-video-preview:-1"},"canonical":"https:\/\/aparcarentossa.com\/ca\/politica-de-cookies\/","og_locale":"ca_ES","og_type":"article","og_title":"Pol\u00edtica de Cookies - Aparcar en Tossa","og_description":"Aquesta pol\u00edtica de cookies t\u00e9 per finalitat informar-vos de manera clara i precisa sobre les cookies que s'utilitzen a la p\u00e0gina web\u00a0www.aparcarentossa.com Aquest lloc web, igual que la majoria dels llocs a Internet, utilitza galetes per millorar i optimitzar l'experi\u00e8ncia de l'usuari. A continuaci\u00f3, trobar\u00e0s informaci\u00f3 detallada sobre qu\u00e8 s\u00f3n les \u201cCookies\u201d, quina tipologia utilitza [&hellip;]","og_url":"https:\/\/aparcarentossa.com\/ca\/politica-de-cookies\/","og_site_name":"Aparcar en Tossa","twitter_card":"summary_large_image","twitter_misc":{"Est. reading time":"6 minutes"},"schema":{"@context":"https:\/\/schema.org","@graph":[{"@type":"WebPage","@id":"https:\/\/aparcarentossa.com\/ca\/politica-de-cookies\/","url":"https:\/\/aparcarentossa.com\/ca\/politica-de-cookies\/","name":"Pol\u00edtica de Cookies - Aparcar en Tossa","isPartOf":{"@id":"https:\/\/aparcarentossa.com\/ca\/#website"},"datePublished":"2024-06-20T06:52:51+00:00","dateModified":"2024-06-20T06:52:51+00:00","breadcrumb":{"@id":"https:\/\/aparcarentossa.com\/ca\/politica-de-cookies\/#breadcrumb"},"inLanguage":"ca","potentialAction":[{"@type":"ReadAction","target":["https:\/\/aparcarentossa.com\/ca\/politica-de-cookies\/"]}]},{"@type":"BreadcrumbList","@id":"https:\/\/aparcarentossa.com\/ca\/politica-de-cookies\/#breadcrumb","itemListElement":[{"@type":"ListItem","position":1,"name":"Home","item":"https:\/\/aparcarentossa.com\/ca\/"},{"@type":"ListItem","position":2,"name":"Pol\u00edtica de Cookies"}]},{"@type":"WebSite","@id":"https:\/\/aparcarentossa.com\/ca\/#website","url":"https:\/\/aparcarentossa.com\/ca\/","name":"Aparcar en Tossa","description":"","publisher":{"@id":"https:\/\/aparcarentossa.com\/ca\/#organization"},"potentialAction":[{"@type":"SearchAction","target":{"@type":"EntryPoint","urlTemplate":"https:\/\/aparcarentossa.com\/ca\/?s={search_term_string}"},"query-input":"required name=search_term_string"}],"inLanguage":"ca"},{"@type":"Organization","@id":"https:\/\/aparcarentossa.com\/ca\/#organization","name":"Aparcar en Tossa","url":"https:\/\/aparcarentossa.com\/ca\/","logo":{"@type":"ImageObject","inLanguage":"ca","@id":"https:\/\/aparcarentossa.com\/ca\/#\/schema\/logo\/image\/","url":"https:\/\/aparcarentossa.com\/wp-content\/uploads\/sites\/38\/2024\/07\/Logo-Tossa.png","contentUrl":"https:\/\/aparcarentossa.com\/wp-content\/uploads\/sites\/38\/2024\/07\/Logo-Tossa.png","width":160,"height":110,"caption":"Aparcar en Tossa"},"image":{"@id":"https:\/\/aparcarentossa.com\/ca\/#\/schema\/logo\/image\/"}}]}},"meta_box":[],"_links":{"self":[{"href":"https:\/\/aparcarentossa.com\/ca\/wp-json\/wp\/v2\/pages\/1085"}],"collection":[{"href":"https:\/\/aparcarentossa.com\/ca\/wp-json\/wp\/v2\/pages"}],"about":[{"href":"https:\/\/aparcarentossa.com\/ca\/wp-json\/wp\/v2\/types\/page"}],"author":[{"embeddable":true,"href":"https:\/\/aparcarentossa.com\/ca\/wp-json\/wp\/v2\/users\/3"}],"replies":[{"embeddable":true,"href":"https:\/\/aparcarentossa.com\/ca\/wp-json\/wp\/v2\/comments?post=1085"}],"version-history":[{"count":0,"href":"https:\/\/aparcarentossa.com\/ca\/wp-json\/wp\/v2\/pages\/1085\/revisions"}],"wp:attachment":[{"href":"https:\/\/aparcarentossa.com\/ca\/wp-json\/wp\/v2\/media?parent=1085"}],"curies":[{"name":"wp","href":"https:\/\/api.w.org\/{rel}","templated":true}]}}