{"id":1075,"date":"2024-06-20T08:37:45","date_gmt":"2024-06-20T06:37:45","guid":{"rendered":"https:\/\/aparcarentossa.com\/horaris-i-tarifes\/"},"modified":"2024-07-23T10:28:48","modified_gmt":"2024-07-23T08:28:48","slug":"horaris-i-tarifes","status":"publish","type":"page","link":"https:\/\/aparcarentossa.com\/ca\/horaris-i-tarifes\/","title":{"rendered":"Horaris i tarifes"},"content":{"rendered":"\n<section class=\"tpk-hero tpk-hero--products                lower\"\n         style=\"\">\n                        <picture >\n\n                    <source srcset=\"https:\/\/aparcarentossa.com\/wp-content\/uploads\/sites\/38\/2024\/06\/Barakaldo-Schedule-and-Rates-480x300.webp\" media=\"((min-width: 0rem) and (max-width: 30rem))\">\n                             <source srcset=\"https:\/\/aparcarentossa.com\/wp-content\/uploads\/sites\/38\/2024\/06\/Barakaldo-Schedule-and-Rates-1024x300.webp\" media=\"(min-width: 30rem) and (max-width: 64rem)\" >\n                            <source srcset=\"https:\/\/aparcarentossa.com\/wp-content\/uploads\/sites\/38\/2024\/06\/Barakaldo-Schedule-and-Rates.webp\" media=\"(min-width: 64rem)\" >\n        \n        \n                                                                                                        \n        <img src=\"https:\/\/aparcarentossa.com\/wp-content\/uploads\/sites\/38\/2024\/06\/Barakaldo-Schedule-and-Rates.webp\" alt=\"\"  width=\"1140\" height=\"300\"  loading=\"eager\">\n    <\/picture>\n\n    \n        <div class=\"tpk-hero__content wrapper row\">\n                    <div class=\"col-xs-12 col-sm-12 pr-h pl-h\">\n                                <header class=\"tpk-head  wrapper\">\n        <h1 class=\"tpk-head__title\">Horaris i tarifes<\/h1>    <\/header>\n            \n                    <\/div>\n    <\/div>\n            <div class=\"tpk-hero__cards row wrapper\">\n                                                                                        <div class=\"col-xs-12 col-sm-12 col-md-4 mb-1 pl-h pr-h\">\n                                                                    <\/div>\n                    <\/div>\n    <\/section>\n<div class=\"tpk-spinner__wrapper\">\n    <div class=\"tpk-spinner\"><\/div>\n<\/div>\n\n<article class=\"tpk-page\">\n    <div class=\"row wrapper center-xs tpk-page__content\">\n        <div class=\"col-xs-12 col-sm-10 col-md-8 pt-4 pb-4\">\n            <h1 dir=\"auto\">Tarifes<\/h1>\n<h3 dir=\"auto\" data-heading=\"Zona azul\">Zona blava<\/h3>\n<p dir=\"auto\"><strong>Pelegr\u00ed<\/strong><\/p>\n<table>\n<thead>\n<tr>\n<th>Temps<\/th>\n<th>Preu<\/th>\n<\/tr>\n<\/thead>\n<tbody>\n<tr>\n<td>M\u00ednim 30 min<\/td>\n<td>0,75\u20ac<\/td>\n<\/tr>\n<tr>\n<td>60 min<\/td>\n<td>1,50\u20ac<\/td>\n<\/tr>\n<tr>\n<td>120 min<\/td>\n<td>3\u20ac<\/td>\n<\/tr>\n<tr>\n<td>180 min<\/td>\n<td>4,50\u20ac<\/td>\n<\/tr>\n<tr>\n<td>M\u00e1xim 240 min<\/td>\n<td>6\u20ac<\/td>\n<\/tr>\n<tr>\n<td>Tiquet d\u00eda<\/td>\n<td>9\u20ac<\/td>\n<\/tr>\n<\/tbody>\n<\/table>\n<p dir=\"auto\"><strong>Poble<\/strong><\/p>\n<table>\n<thead>\n<tr>\n<th>Temps<\/th>\n<th>Preu<\/th>\n<\/tr>\n<\/thead>\n<tbody>\n<tr>\n<td>M\u00ednim 15 min<\/td>\n<td>0,50\u20ac<\/td>\n<\/tr>\n<tr>\n<td>30 min<\/td>\n<td>0,90\u20ac<\/td>\n<\/tr>\n<tr>\n<td>60 min<\/td>\n<td>1,80\u20ac<\/td>\n<\/tr>\n<tr>\n<td>120 min<\/td>\n<td>2,70\u20ac<\/td>\n<\/tr>\n<tr>\n<td>180 min<\/td>\n<td>3,70\u20ac<\/td>\n<\/tr>\n<tr>\n<td>M\u00e1xim 240 min<\/td>\n<td>5,50\u20ac<\/td>\n<\/tr>\n<\/tbody>\n<\/table>\n<p dir=\"auto\"><strong>Mar Menuda<\/strong><\/p>\n<table>\n<thead>\n<tr>\n<th>Temps<\/th>\n<th>Preu<\/th>\n<\/tr>\n<\/thead>\n<tbody>\n<tr>\n<td>M\u00ednim 15 min<\/td>\n<td>0,90\u20ac<\/td>\n<\/tr>\n<tr>\n<td>30 min<\/td>\n<td>1,80\u20ac<\/td>\n<\/tr>\n<tr>\n<td>60 min<\/td>\n<td>3,65\u20ac<\/td>\n<\/tr>\n<tr>\n<td>90 min<\/td>\n<td>5,45\u20ac<\/td>\n<\/tr>\n<tr>\n<td>120 min<\/td>\n<td>7,35\u20ac<\/td>\n<\/tr>\n<tr>\n<td>M\u00e1xim 180 min<\/td>\n<td>11\u20ac<\/td>\n<\/tr>\n<tr>\n<td>Tiquet d\u00eda<\/td>\n<td>18\u20ac<\/td>\n<\/tr>\n<\/tbody>\n<\/table>\n<p dir=\"auto\"><strong>Porta Sant Feliu \/ Ses Canyes<\/strong><\/p>\n<table>\n<thead>\n<tr>\n<th>Temps<\/th>\n<th>Preu<\/th>\n<\/tr>\n<\/thead>\n<tbody>\n<tr>\n<td>M\u00ednim 30 min<\/td>\n<td>0,45\u20ac<\/td>\n<\/tr>\n<tr>\n<td>60 min<\/td>\n<td>0,85\u20ac<\/td>\n<\/tr>\n<tr>\n<td>120 min<\/td>\n<td>1,70\u20ac<\/td>\n<\/tr>\n<tr>\n<td>180 min<\/td>\n<td>2,55\u20ac<\/td>\n<\/tr>\n<tr>\n<td>240 min<\/td>\n<td>3,35\u20ac<\/td>\n<\/tr>\n<tr>\n<td>M\u00e1xim 300 min<\/td>\n<td>4,20\u20ac<\/td>\n<\/tr>\n<tr>\n<td>Tiquet d\u00eda<\/td>\n<td>9,60\u20ac<\/td>\n<\/tr>\n<\/tbody>\n<\/table>\n<p dir=\"auto\">Caravanes 9,60\u20ac<\/p>\n<p dir=\"auto\"><strong>Autobusos<\/strong><\/p>\n<ul dir=\"auto\">\n<li dir=\"auto\">Tiquet dia 9\u20ac<\/li>\n<li dir=\"auto\">Desc\u00e0rrega pr\u00e8via obligat\u00f2ria 50\u20ac.<\/li>\n<\/ul>\n<h3 dir=\"auto\" data-heading=\"Zona Verde\">Zona Verda<\/h3>\n<p dir=\"auto\">Resident empadronat i al corrent de l'impost de circulaci\u00f3 a Tossa de Mar, aparcament gratu\u00eft m\u00e0xim72hores en el mateix lloc.<\/p>\n<p dir=\"auto\"><strong>No residents<\/strong><\/p>\n<table>\n<thead>\n<tr>\n<th>Temps<\/th>\n<th>Preu<\/th>\n<\/tr>\n<\/thead>\n<tbody>\n<tr>\n<td>M\u00ednim 15 min<\/td>\n<td>0,90\u20ac<\/td>\n<\/tr>\n<tr>\n<td>30 min<\/td>\n<td>1,80\u20ac<\/td>\n<\/tr>\n<tr>\n<td>60 min<\/td>\n<td>3,65\u20ac<\/td>\n<\/tr>\n<tr>\n<td>90 min<\/td>\n<td>5,45\u20ac<\/td>\n<\/tr>\n<tr>\n<td>M\u00e1xim 120 min<\/td>\n<td>7,35\u20ac<\/td>\n<\/tr>\n<\/tbody>\n<\/table>\n<h3 dir=\"auto\" data-heading=\"Zona Roja\">Zona Vermella<\/h3>\n<p dir=\"auto\">90 minutes gratu\u00efts cada 6 hores<\/p>\n<hr dir=\"auto\" \/>\n<h1 dir=\"auto\" data-heading=\"Anulaci\u00f3n de denuncia\">Anulaci\u00f3n de denuncia<\/h1>\n<p>Les anul\u00b7lacions de den\u00fancia es podran realitzar fins a120mins despr\u00e9s de la imposici\u00f3 de la mateixa.<\/p>\n<ul>\n<li>Exc\u00e9s temps autoritzat 15\u20ac<\/li>\n<li>Sense tiquet o no visible o fora marques 20\u20ac<\/li>\n<\/ul>\n<hr dir=\"auto\" \/>\n<h1 dir=\"auto\" data-heading=\"Horarios\">Horaris<\/h1>\n<h3 dir=\"auto\" data-heading=\"Zona azul\">Zona blava<\/h3>\n<table>\n<thead>\n<tr>\n<th>\u00a0<\/th>\n<th>Zones Pelegr\u00ed y buses<\/th>\n<th>Resta zones<\/th>\n<\/tr>\n<\/thead>\n<tbody>\n<tr>\n<td>Fechas<\/td>\n<td>del 01\/01 al 31\/12<\/td>\n<td>del 01\/06 al 15\/10<\/td>\n<\/tr>\n<tr>\n<td>Horaris<\/td>\n<td>10h a 21h<\/td>\n<td>10h a 21h<\/td>\n<\/tr>\n<\/tbody>\n<\/table>\n<h3 dir=\"auto\" data-heading=\"Zona verde\">Zona verde<\/h3>\n<table>\n<thead>\n<tr>\n<th>\u00a0<\/th>\n<th>Resta zones<\/th>\n<\/tr>\n<\/thead>\n<tbody>\n<tr>\n<td>Fechas<\/td>\n<td>del 01\/06 al 15\/10<\/td>\n<\/tr>\n<tr>\n<td>Horaris<\/td>\n<td>10h a 21h<\/td>\n<\/tr>\n<\/tbody>\n<\/table>\n<h3 dir=\"auto\" data-heading=\"Zona roja\">Zona vermella<\/h3>\n<table>\n<thead>\n<tr>\n<th>\u00a0<\/th>\n<th>Resta zones<\/th>\n<\/tr>\n<\/thead>\n<tbody>\n<tr>\n<td>Fechas<\/td>\n<td>del 01\/01 al 31\/12<\/td>\n<\/tr>\n<tr>\n<td>Horaris<\/td>\n<td>10h a 21h<\/td>\n<\/tr>\n<\/tbody>\n<\/table>\n\n        <\/div>\n    <\/div>\n<\/article>\n\n\n<section\n        class=\"tpk-banner-cta tpk-banner-cta--background   \"\n        style=\" --bg-picture: url('https:\/\/aparcarentossa.com\/wp-content\/uploads\/sites\/38\/2024\/06\/banner.webp'); \">\n    <div class=\"tpk-banner-cta__content row wrapper middle-xs \">\n                                <div class=\"col-xs-12 col-md-6 tpk-banner-cta__content__text  \">\n                                                <header class=\"tpk-head  wrapper\">\n    <p class=\"tpk-head__caption\">Consulta les zones d'estacionament regulat<\/p>    <h2 class=\"tpk-head__title\">Pla General Tossa de Mar<\/h2>    <\/header>                                    <div class=\"tpk-banner-cta__buttons\">\n                                                                                <a  class=\"tpk-button tpk-button--primary tpk-button--lg \" href=\"https:\/\/aparcarentossa.com\/ca\/planols\/\"    target=\"_blank\" >\n    <span>Ver <\/span>\n    <\/a>                                            <\/div>\n                            <\/div>\n        <\/div>\n<\/section>\n\n<article class=\"tpk-page\">\n    <div class=\"row wrapper center-xs tpk-page__content\">\n        <div class=\"col-xs-12 col-sm-10 col-md-8 pt-4 pb-4\">\n            <div>\n<h2 dir=\"auto\"><strong>Formes de Pagament<\/strong><\/h2>\n<p dir=\"auto\">Paga c\u00f2modament i tria l'opci\u00f3 que prefereixis! Pots abonar la taxa d'aparcament de les seg\u00fcents maneres:<\/p>\n<ul>\n<li><strong>Efectiu:<\/strong> Utilitza monedes en els nostres parqu\u00edmetres.<\/li>\n<li><strong>Smartphone:<\/strong> Abona f\u00e0cilment a trav\u00e9s de la nostra aplicaci\u00f3 Telpark (<a class=\"external-link\" title=\"http:\/\/www.telpark.com\" href=\"http:\/\/www.telpark.com\" target=\"_blank\" rel=\"noopener\" data-tooltip-position=\"top\" aria-label=\"http:\/\/www.telpark.com\">www.telpark.com<\/a>).<\/li>\n<li><strong>Targeta de Prepago:<\/strong> Utilitza targetes de prepago en tots els parqu\u00edmetres.<\/li>\n<li><strong>Targetes Banc\u00e0ries:<\/strong> Paga amb targetes banc\u00e0ries (EMV) en els parqu\u00edmetres habilitats.<\/li>\n<\/ul>\n<\/div>\n\n        <\/div>\n    <\/div>\n<\/article>\n\n<article class=\"tpk-page\">\n    <div class=\"row wrapper center-xs tpk-page__content\">\n        <div class=\"col-xs-12 col-sm-10 col-md-8 pt-4 pb-4\">\n            <h2>Preguntes Freq\u00fcents<\/h2>\n<blockquote>\n<p>Si t\u00e9 qualsevol dubte no dubte a consultar la nostra F.A.Q. (Preguntes Freq\u00fcents) on trobar\u00e0 les q\u00fcestions realitzades per la majoria dels usuaris.<\/p>\n<p><a href=\"https:\/\/aparcarentossa.com\/ca\/faqs\/\">VEURE PREGUNTES FREQ\u00dcENTS<\/a><\/p>\n<\/blockquote>\n\n        <\/div>\n    <\/div>\n<\/article>\n\n\n<section class=\"tpk-banner-app \">\n    <div class=\"row wrapper middle-xs\">\n        <div class=\"col-xs-12 col-sm-6 col-no-gutter tpk-banner-app__picture\">\n                                                <picture class=\"hide-xs show-sm\">\n\n                             <source srcset=\"https:\/\/aparcarentossa.com\/wp-content\/uploads\/sites\/38\/2024\/06\/Web_bloqueORA_Mesa-de-trabajo-1-488x534.webp\" media=\"(min-width: 30rem) and (max-width: 64rem)\" >\n                            <source srcset=\"https:\/\/aparcarentossa.com\/wp-content\/uploads\/sites\/38\/2024\/06\/Web_bloqueORA_Mesa-de-trabajo-1.webp\" media=\"(min-width: 64rem)\" >\n        \n        \n                                                                                                        \n        <img src=\"https:\/\/aparcarentossa.com\/wp-content\/uploads\/sites\/38\/2024\/06\/Web_bloqueORA_Mesa-de-trabajo-1.webp\" alt=\"\"  width=\"600\" height=\"600\"  loading=\"lazy\" >\n    <\/picture>\n\n                                <\/div>\n        <div class=\"col-xs-12 col-sm-6 tpk-banner-app__content\">\n                        <header class=\"tpk-head  wrapper\">\n    <p class=\"tpk-head__caption\">Aparca i segueix<\/p>    <h2 class=\"tpk-head__title\">Escaneja el codi amb el m\u00f2bil per descarregar l'app<\/h2>    <\/header>\n                        <div class=\"tpk-banner-app__buttons\">\n                                                                                                                    \n    <a href=\"https:\/\/play.google.com\/store\/apps\/details?id=com.delaware.empark\" class=\"tpk-button tpk-button--app dark\" target=\"_blank\">\n        <svg width=\"23\" height=\"26\" viewBox=\"0 0 23 26\" fill=\"none\" xmlns=\"http:\/\/www.w3.org\/2000\/svg\">\n            <path fill-rule=\"evenodd\" clip-rule=\"evenodd\" d=\"M0.862422 0.87988C0.581172 1.18175 0.419922 1.64675 0.419922 2.25113V23.7411C0.419922 24.3455 0.581172 24.8105 0.873047 25.1018L0.949297 25.1661L12.9905 13.1249V12.8543L0.938672 0.815505L0.862422 0.87988Z\" fill=\"url(#paint0_linear_9_9)\"\/>\n            <path fill-rule=\"evenodd\" clip-rule=\"evenodd\" d=\"M16.9962 17.1543L12.98 13.1368V12.8556L16.9975 8.83807L17.0843 8.89182L21.8362 11.5924C23.1968 12.3593 23.1968 13.6231 21.8362 14.4006L17.0843 17.1012L16.9962 17.1543Z\" fill=\"url(#paint1_linear_9_9)\"\/>\n            <path fill-rule=\"evenodd\" clip-rule=\"evenodd\" d=\"M17.083 17.1005L12.9799 12.9961L0.862371 25.1136C1.30487 25.5892 2.04987 25.643 2.88237 25.178L17.083 17.1005Z\" fill=\"url(#paint2_linear_9_9)\"\/>\n            <path fill-rule=\"evenodd\" clip-rule=\"evenodd\" d=\"M17.083 8.89304L2.88237 0.82616C2.05112 0.350535 1.30487 0.41491 0.862371 0.890535L12.9786 12.9962L17.083 8.89304Z\" fill=\"url(#paint3_linear_9_9)\"\/>\n            <defs>\n            <linearGradient id=\"paint0_linear_9_9\" x1=\"35.6607\" y1=\"-6.74995\" x2=\"-5.23028\" y2=\"12.2052\" gradientUnits=\"userSpaceOnUse\">\n            <stop stop-color=\"#047ED6\"\/>\n            <stop offset=\"1\" stop-color=\"#50E6FF\"\/>\n            <\/linearGradient>\n            <linearGradient id=\"paint1_linear_9_9\" x1=\"24.5643\" y1=\"12.9971\" x2=\"-6.03917\" y2=\"12.9971\" gradientUnits=\"userSpaceOnUse\">\n            <stop stop-color=\"#FFDA1C\"\/>\n            <stop offset=\"1\" stop-color=\"#FEB705\"\/>\n            <\/linearGradient>\n            <linearGradient id=\"paint2_linear_9_9\" x1=\"19.7657\" y1=\"4.95934\" x2=\"-15.0772\" y2=\"45.5368\" gradientUnits=\"userSpaceOnUse\">\n            <stop stop-color=\"#D9414F\"\/>\n            <stop offset=\"1\" stop-color=\"#8C193F\"\/>\n            <\/linearGradient>\n            <linearGradient id=\"paint3_linear_9_9\" x1=\"-2.18997\" y1=\"-6.27096\" x2=\"4.71665\" y2=\"5.36978\" gradientUnits=\"userSpaceOnUse\">\n            <stop stop-color=\"#33C481\"\/>\n            <stop offset=\"1\" stop-color=\"#61E3A7\"\/>\n            <\/linearGradient>\n            <\/defs>\n            <\/svg>\n        <div>\n            <span>Disponible en<\/span>\n            Google Play\n        <\/div>\n    <\/a>\n                                                                                                                                                                                <a href=\"https:\/\/apps.apple.com\/es\/app\/telpark\/id658204860\" class=\"tpk-button tpk-button--app dark\" target=\"_blank\">\n        <svg width=\"25\" height=\"30\" viewBox=\"0 0 25 30\" fill=\"none\" xmlns=\"http:\/\/www.w3.org\/2000\/svg\">\n            <path d=\"M23.643 10.227C23.469 10.362 20.397 12.093 20.397 15.942C20.397 20.394 24.306 21.969 24.423 22.008C24.405 22.104 23.802 24.165 22.362 26.265C21.078 28.113 19.737 29.958 17.697 29.958C15.657 29.958 15.132 28.773 12.777 28.773C10.482 28.773 9.666 29.997 7.8 29.997C5.934 29.997 4.632 28.287 3.135 26.187C1.401 23.721 0 19.89 0 16.254C0 10.422 3.792 7.329 7.524 7.329C9.507 7.329 11.16 8.631 12.405 8.631C13.59 8.631 15.438 7.251 17.694 7.251C18.549 7.251 21.621 7.329 23.643 10.227V10.227ZM16.623 4.782C17.556 3.675 18.216 2.139 18.216 0.603C18.216 0.39 18.198 0.174 18.159 0C16.641 0.057 14.835 1.011 13.746 2.274C12.891 3.246 12.093 4.782 12.093 6.339C12.093 6.573 12.132 6.807 12.15 6.882C12.246 6.9 12.402 6.921 12.558 6.921C13.92 6.921 15.633 6.009 16.623 4.782Z\" fill=\"white\"\/>\n        <\/svg>\n        <div>\n            <span>Disponible en<\/span>\n            Apple Store\n        <\/div>\n    <\/a>\n\n                                                                        <\/div>\n        <\/div>\n    <\/div>\n<\/section>\n","protected":false},"excerpt":{"rendered":"","protected":false},"author":3,"featured_media":0,"parent":0,"menu_order":0,"comment_status":"closed","ping_status":"closed","template":"","meta":[],"yoast_head":"<!-- This site is optimized with the Yoast SEO plugin v20.12 - https:\/\/yoast.com\/wordpress\/plugins\/seo\/ -->\n<title>Horaris i tarifes - Aparcar en Tossa<\/title>\n<meta name=\"robots\" content=\"index, follow, max-snippet:-1, max-image-preview:large, max-video-preview:-1\" \/>\n<link rel=\"canonical\" href=\"https:\/\/aparcarentossa.com\/ca\/horaris-i-tarifes\/\" \/>\n<meta property=\"og:locale\" content=\"ca_ES\" \/>\n<meta property=\"og:type\" content=\"article\" \/>\n<meta property=\"og:title\" content=\"Horaris i tarifes - Aparcar en Tossa\" \/>\n<meta property=\"og:url\" content=\"https:\/\/aparcarentossa.com\/ca\/horaris-i-tarifes\/\" \/>\n<meta property=\"og:site_name\" content=\"Aparcar en Tossa\" \/>\n<meta property=\"article:modified_time\" content=\"2024-07-23T08:28:48+00:00\" \/>\n<meta name=\"twitter:card\" content=\"summary_large_image\" \/>\n<script type=\"application\/ld+json\" class=\"yoast-schema-graph\">{\"@context\":\"https:\/\/schema.org\",\"@graph\":[{\"@type\":\"WebPage\",\"@id\":\"https:\/\/aparcarentossa.com\/ca\/horaris-i-tarifes\/\",\"url\":\"https:\/\/aparcarentossa.com\/ca\/horaris-i-tarifes\/\",\"name\":\"Horaris i tarifes - Aparcar en Tossa\",\"isPartOf\":{\"@id\":\"https:\/\/aparcarentossa.com\/ca\/#website\"},\"datePublished\":\"2024-06-20T06:37:45+00:00\",\"dateModified\":\"2024-07-23T08:28:48+00:00\",\"breadcrumb\":{\"@id\":\"https:\/\/aparcarentossa.com\/ca\/horaris-i-tarifes\/#breadcrumb\"},\"inLanguage\":\"ca\",\"potentialAction\":[{\"@type\":\"ReadAction\",\"target\":[\"https:\/\/aparcarentossa.com\/ca\/horaris-i-tarifes\/\"]}]},{\"@type\":\"BreadcrumbList\",\"@id\":\"https:\/\/aparcarentossa.com\/ca\/horaris-i-tarifes\/#breadcrumb\",\"itemListElement\":[{\"@type\":\"ListItem\",\"position\":1,\"name\":\"Home\",\"item\":\"https:\/\/aparcarentossa.com\/ca\/\"},{\"@type\":\"ListItem\",\"position\":2,\"name\":\"Horaris i tarifes\"}]},{\"@type\":\"WebSite\",\"@id\":\"https:\/\/aparcarentossa.com\/ca\/#website\",\"url\":\"https:\/\/aparcarentossa.com\/ca\/\",\"name\":\"Aparcar en Tossa\",\"description\":\"\",\"publisher\":{\"@id\":\"https:\/\/aparcarentossa.com\/ca\/#organization\"},\"potentialAction\":[{\"@type\":\"SearchAction\",\"target\":{\"@type\":\"EntryPoint\",\"urlTemplate\":\"https:\/\/aparcarentossa.com\/ca\/?s={search_term_string}\"},\"query-input\":\"required name=search_term_string\"}],\"inLanguage\":\"ca\"},{\"@type\":\"Organization\",\"@id\":\"https:\/\/aparcarentossa.com\/ca\/#organization\",\"name\":\"Aparcar en Tossa\",\"url\":\"https:\/\/aparcarentossa.com\/ca\/\",\"logo\":{\"@type\":\"ImageObject\",\"inLanguage\":\"ca\",\"@id\":\"https:\/\/aparcarentossa.com\/ca\/#\/schema\/logo\/image\/\",\"url\":\"https:\/\/aparcarentossa.com\/wp-content\/uploads\/sites\/38\/2024\/07\/Logo-Tossa.png\",\"contentUrl\":\"https:\/\/aparcarentossa.com\/wp-content\/uploads\/sites\/38\/2024\/07\/Logo-Tossa.png\",\"width\":160,\"height\":110,\"caption\":\"Aparcar en Tossa\"},\"image\":{\"@id\":\"https:\/\/aparcarentossa.com\/ca\/#\/schema\/logo\/image\/\"}}]}<\/script>\n<!-- \/ Yoast SEO plugin. -->","yoast_head_json":{"title":"Horaris i tarifes - Aparcar en Tossa","robots":{"index":"index","follow":"follow","max-snippet":"max-snippet:-1","max-image-preview":"max-image-preview:large","max-video-preview":"max-video-preview:-1"},"canonical":"https:\/\/aparcarentossa.com\/ca\/horaris-i-tarifes\/","og_locale":"ca_ES","og_type":"article","og_title":"Horaris i tarifes - Aparcar en Tossa","og_url":"https:\/\/aparcarentossa.com\/ca\/horaris-i-tarifes\/","og_site_name":"Aparcar en Tossa","article_modified_time":"2024-07-23T08:28:48+00:00","twitter_card":"summary_large_image","schema":{"@context":"https:\/\/schema.org","@graph":[{"@type":"WebPage","@id":"https:\/\/aparcarentossa.com\/ca\/horaris-i-tarifes\/","url":"https:\/\/aparcarentossa.com\/ca\/horaris-i-tarifes\/","name":"Horaris i tarifes - Aparcar en Tossa","isPartOf":{"@id":"https:\/\/aparcarentossa.com\/ca\/#website"},"datePublished":"2024-06-20T06:37:45+00:00","dateModified":"2024-07-23T08:28:48+00:00","breadcrumb":{"@id":"https:\/\/aparcarentossa.com\/ca\/horaris-i-tarifes\/#breadcrumb"},"inLanguage":"ca","potentialAction":[{"@type":"ReadAction","target":["https:\/\/aparcarentossa.com\/ca\/horaris-i-tarifes\/"]}]},{"@type":"BreadcrumbList","@id":"https:\/\/aparcarentossa.com\/ca\/horaris-i-tarifes\/#breadcrumb","itemListElement":[{"@type":"ListItem","position":1,"name":"Home","item":"https:\/\/aparcarentossa.com\/ca\/"},{"@type":"ListItem","position":2,"name":"Horaris i tarifes"}]},{"@type":"WebSite","@id":"https:\/\/aparcarentossa.com\/ca\/#website","url":"https:\/\/aparcarentossa.com\/ca\/","name":"Aparcar en Tossa","description":"","publisher":{"@id":"https:\/\/aparcarentossa.com\/ca\/#organization"},"potentialAction":[{"@type":"SearchAction","target":{"@type":"EntryPoint","urlTemplate":"https:\/\/aparcarentossa.com\/ca\/?s={search_term_string}"},"query-input":"required name=search_term_string"}],"inLanguage":"ca"},{"@type":"Organization","@id":"https:\/\/aparcarentossa.com\/ca\/#organization","name":"Aparcar en Tossa","url":"https:\/\/aparcarentossa.com\/ca\/","logo":{"@type":"ImageObject","inLanguage":"ca","@id":"https:\/\/aparcarentossa.com\/ca\/#\/schema\/logo\/image\/","url":"https:\/\/aparcarentossa.com\/wp-content\/uploads\/sites\/38\/2024\/07\/Logo-Tossa.png","contentUrl":"https:\/\/aparcarentossa.com\/wp-content\/uploads\/sites\/38\/2024\/07\/Logo-Tossa.png","width":160,"height":110,"caption":"Aparcar en Tossa"},"image":{"@id":"https:\/\/aparcarentossa.com\/ca\/#\/schema\/logo\/image\/"}}]}},"meta_box":[],"_links":{"self":[{"href":"https:\/\/aparcarentossa.com\/ca\/wp-json\/wp\/v2\/pages\/1075"}],"collection":[{"href":"https:\/\/aparcarentossa.com\/ca\/wp-json\/wp\/v2\/pages"}],"about":[{"href":"https:\/\/aparcarentossa.com\/ca\/wp-json\/wp\/v2\/types\/page"}],"author":[{"embeddable":true,"href":"https:\/\/aparcarentossa.com\/ca\/wp-json\/wp\/v2\/users\/3"}],"replies":[{"embeddable":true,"href":"https:\/\/aparcarentossa.com\/ca\/wp-json\/wp\/v2\/comments?post=1075"}],"version-history":[{"count":2,"href":"https:\/\/aparcarentossa.com\/ca\/wp-json\/wp\/v2\/pages\/1075\/revisions"}],"predecessor-version":[{"id":1160,"href":"https:\/\/aparcarentossa.com\/ca\/wp-json\/wp\/v2\/pages\/1075\/revisions\/1160"}],"wp:attachment":[{"href":"https:\/\/aparcarentossa.com\/ca\/wp-json\/wp\/v2\/media?parent=1075"}],"curies":[{"name":"wp","href":"https:\/\/api.w.org\/{rel}","templated":true}]}}