{"id":1068,"date":"2024-06-20T08:28:07","date_gmt":"2024-06-20T06:28:07","guid":{"rendered":"https:\/\/aparcarentossa.com\/avis-legal\/"},"modified":"2024-06-20T08:28:07","modified_gmt":"2024-06-20T06:28:07","slug":"avis-legal","status":"publish","type":"page","link":"https:\/\/aparcarentossa.com\/ca\/avis-legal\/","title":{"rendered":"Av\u00eds Legal"},"content":{"rendered":"\n<p><strong>DADES D'IDENTIFICACI\u00d3<\/strong><\/p>\n\n\n\n<p>Esteu visitant la p\u00e0gina web\u00a0 www.aparcarentossa.com\u00a0 titularitat de Dornier, empresa del grup Empark que centralitza l'activitat d'estacionaments regulats en superf\u00edcie.<\/p>\n\n\n\n<p>En compliment del que estableix la Llei 34\/2002 d'11 de juliol, de serveis de la Societat de la Informaci\u00f3 i el Comer\u00e7 Electr\u00f2nic (LSSICE), s'informa dels aspectes legals seg\u00fcents:<\/p>\n\n\n\n<ul><li>Responsable de la web:&nbsp; <strong>DORNIER SA<\/strong><\/li><li>CIF A5869497<\/li><li>Domicili Social: Av. del General Per\u00f3n 36, 1a planta, 28020 Madrid<\/li><li>E-mail de Contacte:&nbsp; orapeniscola@telpark.com<\/li><li>Tel\u00e8fon: (34) 915468900<\/li><li>Dades Registrals: Inscrita en el Registre Mercantil de Madrid, Tom 3.892, Secci\u00f3 8a, Foli 53, Full n\u00famero M-65.265, Inscripci\u00f3 3a<\/li><\/ul>\n\n\n\n<p><strong>CONDICIONS GENERALS D'\u00daS DE LA P\u00c0GINA<\/strong><\/p>\n\n\n\n<p><strong>1.-Consideracions Pr\u00e8vies<\/strong><\/p>\n\n\n\n<p>Aquestes condicions legals regulen l'\u00fas legal perm\u00e8s d'aquesta p\u00e0gina web, el responsable legal de la qual \u00e9s Dornier SA Aquestes condicions generals regulen l'acc\u00e9s i la utilitzaci\u00f3 que el propietari de la web posa gratu\u00eftament a disposici\u00f3 dels usuaris d'Internet. L'acc\u00e9s a aquesta implica la seva acceptaci\u00f3 sense reserves. La utilitzaci\u00f3 de l'\u00e0rea d'usuaris o l'adquisici\u00f3 de productes o serveis es regeixen, a m\u00e9s, per les condicions particulars previstes en cada cas, les quals s'entenen acceptades pel simple \u00fas d'aquests serveis.<\/p>\n\n\n\n<p>Als efectes del compliment de la Llei 34\/2002, d'11 de juliol, de serveis de la societat de la informaci\u00f3 i de comer\u00e7 electr\u00f2nic, d'ara endavant LSSI, i el Reglament (UE) 2016\/679 del Parlament Europeu i del Consell, de 27 d'abril de 2016, relatiu a la protecci\u00f3 de les persones f\u00edsiques pel que fa al tractament de dades personals ia la lliure circulaci\u00f3 d'aquestes dades i pel qual es deroga la Directiva 95\/46\/CE (Reglament general de protecci\u00f3 de dades), el propietari del domini referenciat, us informa que la finalitat de la P\u00e0gina Web \u00e9s publicit\u00e0ria i informativa; aix\u00ed mateix, s'ofereix la possibilitat de contactar o sol\u00b7licitar informaci\u00f3 m\u00e9s detallada dels serveis de l'empresa.<\/p>\n\n\n\n<p><strong>2.-Propietat Intel\u00b7lectual i Industrial<\/strong><\/p>\n\n\n\n<p>Els textos, imatges, logos, signes distintius, sons, animacions, v\u00eddeos, codi font i la resta de continguts inclosos en aquest website s\u00f3n propietat de Dornier SA, o disposa si escau, del dret d'\u00fas dels mateixos, i en aquest sentit s'erigeixen com a obres protegides per la legislaci\u00f3 de propietat intel\u00b7lectual i industrial vigents. Qualsevol transmissi\u00f3, distribuci\u00f3, reproducci\u00f3 o emmagatzematge, total o parcial, dels continguts emmagatzemats en aquesta web, queda expressament prohibit llevat del previ i expr\u00e9s consentiment del titular. No obstant aix\u00f2, els usuaris podran dur a terme la reproducci\u00f3 o emmagatzematge dels continguts del website per al seu \u00fas exclusiu personal, quedant expressament i terminantment prohibida la reproducci\u00f3 d'elements o continguts d'aquest website, realitzats amb \u00e0nim de lucre o fins comercials.<\/p>\n\n\n\n<p><strong>3.- Condicions d'acc\u00e9s<\/strong> <\/p>\n\n\n\n<p>Dornier SA, es reserva la facultat d'efectuar, en qualsevol moment i sense necessitat de previ av\u00eds, modificacions i actualitzacions de la informaci\u00f3 continguda a la Web, de la configuraci\u00f3 i la presentaci\u00f3 d'aquesta, de les condicions d'acc\u00e9s, condicions de contractaci\u00f3. etc. L'empresa responsable de la web no garanteix la inexist\u00e8ncia d'interrupcions o errors en l'acc\u00e9s a la p\u00e0gina o al seu contingut, ni que aquesta estigui actualitzada o lliure de virus ni de qualsevol altre element en qu\u00e8 puguin produir alteracions en el sistema inform\u00e0tic. Dornier SA declina qualsevol responsabilitat contractual o extracontractual amb la persona o empresa que en faci \u00fas i tingu\u00e9s perjudicis de qualsevol naturalesa ocasionats per virus inform\u00e0tics o per elements inform\u00e0tics de qualsevol \u00edndole. El titular de la web no respondr\u00e0 de cap conseq\u00fc\u00e8ncia, dany o perjudici que poguessin derivar-se de l\u00fas sense consentiment de la informaci\u00f3 continguda en la mateixa o dels derivats dels serveis i opinions efectuats per tercers.<\/p>\n\n\n\n<p><strong>4.- Responsabilitat per Links<\/strong><\/p>\n\n\n\n<p>L'empresa responsable de la p\u00e0gina web, declina qualsevol responsabilitat pels serveis i\/o informaci\u00f3 que es presti en altres p\u00e0gines enlla\u00e7ades amb aquest web. Dornier SA no controla ni exerceix cap tipus de supervisi\u00f3 quan hi inclou el link, amb la creen\u00e7a que aquests continguts acaten la legislaci\u00f3 aplicable. No obstant aix\u00f2, la utilitzaci\u00f3 de Links a altres p\u00e0gines no suposa de cap manera responsabilitzaci\u00f3 ni apropiaci\u00f3 del contingut de les mateixes, sense que es pugui entendre que es produeix cap tasca de supervisi\u00f3 ni aprovaci\u00f3 dels canvis o informacions que s'hi realitzin. Aconsellem als visitants de les mateixes actuar amb prud\u00e8ncia i consultar les eventuals condicions legals que s'exposin a aquestes webs. Dornier SA no respon ni es fa c\u00e0rrec de cap mena de responsabilitat pels danys i perjudicis que puguin relacionar-se amb el funcionament, disponibilitat i continu\u00eftat dels llocs enlla\u00e7ats.<\/p>\n\n\n\n<p><strong>5.-Llei aplicable i jurisdicci\u00f3<\/strong><\/p>\n\n\n\n<p>Aquest Av\u00eds Legal es regir\u00e0 per la legislaci\u00f3 espanyola.<\/p>\n\n\n\n<p>Tant els usuaris com Dornier SA, estan d'acord que per a qualsevol discrep\u00e0ncia que pugui sorgir quant a la interpretaci\u00f3, compliment i\/o execuci\u00f3 de les presents normes se sotmetran expressament als Jutjats i Tribunals competents de Madrid capital, amb ren\u00fancia expressa a qualsevol altre fur que els pogu\u00e9s correspondre.<\/p>\n","protected":false},"excerpt":{"rendered":"<p>DADES D'IDENTIFICACI\u00d3 Esteu visitant la p\u00e0gina web\u00a0 www.aparcarentossa.com\u00a0 titularitat de Dornier, empresa del grup Empark que centralitza l'activitat d'estacionaments regulats en superf\u00edcie. En compliment del que estableix la Llei 34\/2002 d'11 de juliol, de serveis de la Societat de la Informaci\u00f3 i el Comer\u00e7 Electr\u00f2nic (LSSICE), s'informa dels aspectes legals seg\u00fcents: Responsable de la web:&nbsp; [&hellip;]<\/p>\n","protected":false},"author":3,"featured_media":0,"parent":0,"menu_order":0,"comment_status":"closed","ping_status":"closed","template":"template-privacy.php","meta":[],"yoast_head":"<!-- This site is optimized with the Yoast SEO plugin v20.12 - https:\/\/yoast.com\/wordpress\/plugins\/seo\/ -->\n<title>Av\u00eds Legal - Aparcar en Tossa<\/title>\n<meta name=\"robots\" content=\"index, follow, max-snippet:-1, max-image-preview:large, max-video-preview:-1\" \/>\n<link rel=\"canonical\" href=\"https:\/\/aparcarentossa.com\/ca\/avis-legal\/\" \/>\n<meta property=\"og:locale\" content=\"ca_ES\" \/>\n<meta property=\"og:type\" content=\"article\" \/>\n<meta property=\"og:title\" content=\"Av\u00eds Legal - Aparcar en Tossa\" \/>\n<meta property=\"og:description\" content=\"DADES D&#039;IDENTIFICACI\u00d3 Esteu visitant la p\u00e0gina web\u00a0 www.aparcarentossa.com\u00a0 titularitat de Dornier, empresa del grup Empark que centralitza l&#039;activitat d&#039;estacionaments regulats en superf\u00edcie. En compliment del que estableix la Llei 34\/2002 d&#039;11 de juliol, de serveis de la Societat de la Informaci\u00f3 i el Comer\u00e7 Electr\u00f2nic (LSSICE), s&#039;informa dels aspectes legals seg\u00fcents: Responsable de la web:&nbsp; [&hellip;]\" \/>\n<meta property=\"og:url\" content=\"https:\/\/aparcarentossa.com\/ca\/avis-legal\/\" \/>\n<meta property=\"og:site_name\" content=\"Aparcar en Tossa\" \/>\n<meta name=\"twitter:card\" content=\"summary_large_image\" \/>\n<meta name=\"twitter:label1\" content=\"Est. reading time\" \/>\n\t<meta name=\"twitter:data1\" content=\"4 minutes\" \/>\n<script type=\"application\/ld+json\" class=\"yoast-schema-graph\">{\"@context\":\"https:\/\/schema.org\",\"@graph\":[{\"@type\":\"WebPage\",\"@id\":\"https:\/\/aparcarentossa.com\/ca\/avis-legal\/\",\"url\":\"https:\/\/aparcarentossa.com\/ca\/avis-legal\/\",\"name\":\"Av\u00eds Legal - Aparcar en Tossa\",\"isPartOf\":{\"@id\":\"https:\/\/aparcarentossa.com\/ca\/#website\"},\"datePublished\":\"2024-06-20T06:28:07+00:00\",\"dateModified\":\"2024-06-20T06:28:07+00:00\",\"breadcrumb\":{\"@id\":\"https:\/\/aparcarentossa.com\/ca\/avis-legal\/#breadcrumb\"},\"inLanguage\":\"ca\",\"potentialAction\":[{\"@type\":\"ReadAction\",\"target\":[\"https:\/\/aparcarentossa.com\/ca\/avis-legal\/\"]}]},{\"@type\":\"BreadcrumbList\",\"@id\":\"https:\/\/aparcarentossa.com\/ca\/avis-legal\/#breadcrumb\",\"itemListElement\":[{\"@type\":\"ListItem\",\"position\":1,\"name\":\"Home\",\"item\":\"https:\/\/aparcarentossa.com\/ca\/\"},{\"@type\":\"ListItem\",\"position\":2,\"name\":\"Av\u00eds Legal\"}]},{\"@type\":\"WebSite\",\"@id\":\"https:\/\/aparcarentossa.com\/ca\/#website\",\"url\":\"https:\/\/aparcarentossa.com\/ca\/\",\"name\":\"Aparcar en Tossa\",\"description\":\"\",\"publisher\":{\"@id\":\"https:\/\/aparcarentossa.com\/ca\/#organization\"},\"potentialAction\":[{\"@type\":\"SearchAction\",\"target\":{\"@type\":\"EntryPoint\",\"urlTemplate\":\"https:\/\/aparcarentossa.com\/ca\/?s={search_term_string}\"},\"query-input\":\"required name=search_term_string\"}],\"inLanguage\":\"ca\"},{\"@type\":\"Organization\",\"@id\":\"https:\/\/aparcarentossa.com\/ca\/#organization\",\"name\":\"Aparcar en Tossa\",\"url\":\"https:\/\/aparcarentossa.com\/ca\/\",\"logo\":{\"@type\":\"ImageObject\",\"inLanguage\":\"ca\",\"@id\":\"https:\/\/aparcarentossa.com\/ca\/#\/schema\/logo\/image\/\",\"url\":\"https:\/\/aparcarentossa.com\/wp-content\/uploads\/sites\/38\/2024\/07\/Logo-Tossa.png\",\"contentUrl\":\"https:\/\/aparcarentossa.com\/wp-content\/uploads\/sites\/38\/2024\/07\/Logo-Tossa.png\",\"width\":160,\"height\":110,\"caption\":\"Aparcar en Tossa\"},\"image\":{\"@id\":\"https:\/\/aparcarentossa.com\/ca\/#\/schema\/logo\/image\/\"}}]}<\/script>\n<!-- \/ Yoast SEO plugin. -->","yoast_head_json":{"title":"Av\u00eds Legal - Aparcar en Tossa","robots":{"index":"index","follow":"follow","max-snippet":"max-snippet:-1","max-image-preview":"max-image-preview:large","max-video-preview":"max-video-preview:-1"},"canonical":"https:\/\/aparcarentossa.com\/ca\/avis-legal\/","og_locale":"ca_ES","og_type":"article","og_title":"Av\u00eds Legal - Aparcar en Tossa","og_description":"DADES D'IDENTIFICACI\u00d3 Esteu visitant la p\u00e0gina web\u00a0 www.aparcarentossa.com\u00a0 titularitat de Dornier, empresa del grup Empark que centralitza l'activitat d'estacionaments regulats en superf\u00edcie. En compliment del que estableix la Llei 34\/2002 d'11 de juliol, de serveis de la Societat de la Informaci\u00f3 i el Comer\u00e7 Electr\u00f2nic (LSSICE), s'informa dels aspectes legals seg\u00fcents: Responsable de la web:&nbsp; [&hellip;]","og_url":"https:\/\/aparcarentossa.com\/ca\/avis-legal\/","og_site_name":"Aparcar en Tossa","twitter_card":"summary_large_image","twitter_misc":{"Est. reading time":"4 minutes"},"schema":{"@context":"https:\/\/schema.org","@graph":[{"@type":"WebPage","@id":"https:\/\/aparcarentossa.com\/ca\/avis-legal\/","url":"https:\/\/aparcarentossa.com\/ca\/avis-legal\/","name":"Av\u00eds Legal - Aparcar en Tossa","isPartOf":{"@id":"https:\/\/aparcarentossa.com\/ca\/#website"},"datePublished":"2024-06-20T06:28:07+00:00","dateModified":"2024-06-20T06:28:07+00:00","breadcrumb":{"@id":"https:\/\/aparcarentossa.com\/ca\/avis-legal\/#breadcrumb"},"inLanguage":"ca","potentialAction":[{"@type":"ReadAction","target":["https:\/\/aparcarentossa.com\/ca\/avis-legal\/"]}]},{"@type":"BreadcrumbList","@id":"https:\/\/aparcarentossa.com\/ca\/avis-legal\/#breadcrumb","itemListElement":[{"@type":"ListItem","position":1,"name":"Home","item":"https:\/\/aparcarentossa.com\/ca\/"},{"@type":"ListItem","position":2,"name":"Av\u00eds Legal"}]},{"@type":"WebSite","@id":"https:\/\/aparcarentossa.com\/ca\/#website","url":"https:\/\/aparcarentossa.com\/ca\/","name":"Aparcar en Tossa","description":"","publisher":{"@id":"https:\/\/aparcarentossa.com\/ca\/#organization"},"potentialAction":[{"@type":"SearchAction","target":{"@type":"EntryPoint","urlTemplate":"https:\/\/aparcarentossa.com\/ca\/?s={search_term_string}"},"query-input":"required name=search_term_string"}],"inLanguage":"ca"},{"@type":"Organization","@id":"https:\/\/aparcarentossa.com\/ca\/#organization","name":"Aparcar en Tossa","url":"https:\/\/aparcarentossa.com\/ca\/","logo":{"@type":"ImageObject","inLanguage":"ca","@id":"https:\/\/aparcarentossa.com\/ca\/#\/schema\/logo\/image\/","url":"https:\/\/aparcarentossa.com\/wp-content\/uploads\/sites\/38\/2024\/07\/Logo-Tossa.png","contentUrl":"https:\/\/aparcarentossa.com\/wp-content\/uploads\/sites\/38\/2024\/07\/Logo-Tossa.png","width":160,"height":110,"caption":"Aparcar en Tossa"},"image":{"@id":"https:\/\/aparcarentossa.com\/ca\/#\/schema\/logo\/image\/"}}]}},"meta_box":[],"_links":{"self":[{"href":"https:\/\/aparcarentossa.com\/ca\/wp-json\/wp\/v2\/pages\/1068"}],"collection":[{"href":"https:\/\/aparcarentossa.com\/ca\/wp-json\/wp\/v2\/pages"}],"about":[{"href":"https:\/\/aparcarentossa.com\/ca\/wp-json\/wp\/v2\/types\/page"}],"author":[{"embeddable":true,"href":"https:\/\/aparcarentossa.com\/ca\/wp-json\/wp\/v2\/users\/3"}],"replies":[{"embeddable":true,"href":"https:\/\/aparcarentossa.com\/ca\/wp-json\/wp\/v2\/comments?post=1068"}],"version-history":[{"count":0,"href":"https:\/\/aparcarentossa.com\/ca\/wp-json\/wp\/v2\/pages\/1068\/revisions"}],"wp:attachment":[{"href":"https:\/\/aparcarentossa.com\/ca\/wp-json\/wp\/v2\/media?parent=1068"}],"curies":[{"name":"wp","href":"https:\/\/api.w.org\/{rel}","templated":true}]}}